{"id":52,"date":"2012-10-03T12:18:31","date_gmt":"2012-10-03T12:18:31","guid":{"rendered":"http:\/\/webgis.osservatoriocostesardegna.com\/oceans\/?page_id=52"},"modified":"2012-10-03T12:18:31","modified_gmt":"2012-10-03T12:18:31","slug":"beach","status":"publish","type":"page","link":"https:\/\/sites.unica.it\/coastalandmarinegeologygroup\/progetti\/beach\/","title":{"rendered":"Borse Giovani Ricercatori &#8211; RAS"},"content":{"rendered":"<h2>Processi sedimentari, idrodinamica e modellizzazione di spiagge campione della Sardegna<\/h2>\n<p>CRP2_413 &#8211; Data di avvio 01\/05\/2010<br \/>\nBorse destinate a giovani ricercatori co-finanziate dalla Regione Autonoma della Sardegna<br \/>\n(fondi PO Sardegna FSE 2007-2013 L.R.7\/2007)<\/p>\n<p>Strumanto finanziario:\u00a0<strong>Regione Autonoma della Sardegna \u2013 L.R. 7\/2007 \u201cPromozione della ricerca scientifica e dell\u2019innovazione tecnologica in Sardegna\u201d \u00a0<\/strong><\/p>\n<p>Responsabili del progetto: dott.ssa <strong>Batzella Tiziana<\/strong> e dott. <strong>Pusceddu Nicola<\/strong><\/p>\n<p><img loading=\"lazy\" decoding=\"async\" class=\"alignnone  wp-image-209\" style=\"border: 0px\" title=\"Stampa\" src=\"http:\/\/sites.unica.it\/coastalandmarinegeologygroup\/files\/2012\/11\/loghi_Ras_GR.jpg\" alt=\"\" width=\"600\" height=\"114\" srcset=\"https:\/\/sites.unica.it\/coastalandmarinegeologygroup\/files\/2012\/11\/loghi_Ras_GR.jpg 600w, https:\/\/sites.unica.it\/coastalandmarinegeologygroup\/files\/2012\/11\/loghi_Ras_GR-300x57.jpg 300w, https:\/\/sites.unica.it\/coastalandmarinegeologygroup\/files\/2012\/11\/loghi_Ras_GR-500x95.jpg 500w\" sizes=\"auto, (max-width: 600px) 100vw, 600px\" \/><\/p>\n<h2 style=\"text-align: left\"><strong>Il Progetto<\/strong><\/h2>\n<p style=\"text-align: justify\">\u00a0Il progetto \u00e8 stato realizzato dai due Giovani Ricercatori del Coastal and Marine Geomorphology Group con lo scopo di approfondire gli studi sulle coste della Sardegna, cos\u00ec da incrementare la banca dati costituita dall\u2019OCEANS e consentire una pi\u00f9 ampia comprensione delle tematiche legate all\u2019erosione costiera e alle conseguenti necessarie risposte da dare per la prevenzione e mitigazione del rischio.<br \/>\nScopo dello studio \u00e8 stato quello di ampliare la conoscenza sulla morfodinamica e sulle tendenze evolutive (avanzamento, stabilit\u00e0 e arretramento) delle spiagge campione, attraverso l\u2019utilizzo delle metodologie individuate dal progetto <a href=\"http:\/\/webgis.osservatoriocostesardegna.com\/oceans\/?page_id=38\">Interreg IIIA GERER<\/a><\/p>\n<p>I siti studiati sono:<\/p>\n<p><strong>Spiaggia di La Cinta<\/strong>: lo studio del sito \u00e8 stato avviato dal Coastal and Marine Geomorphology Group nell\u2019ottobre del 2009, attraverso una campagna oceanografica successiva all\u2019evento alluvionale del 24 settembre che ha profondamente modificato il sistema. Si \u00e8 scelto quindi di proseguire il monitoraggio avviato al fine di verificare lo stato della spiaggia e la sua capacit\u00e0 di resilienza.<\/p>\n<p><strong>Spiaggia di Budoni<\/strong>: localizzata a sud della spiaggia di La Cinta presenta dimensioni, orientazione agli eventi meteo marini e fetch simili a La Cinta stessa. \u00c8 stata scelta per il suo alto grado di naturalit\u00e0 e per il fatto che, sottoposta allo stesso evento estremo del 2009, ha mostrato, proprio in virt\u00f9 della sua maggiore naturalit\u00e0, una risposta differente rispetto alla precedente.<strong> <\/strong><\/p>\n<p style=\"text-align: justify\"><img loading=\"lazy\" decoding=\"async\" class=\"alignleft  wp-image-267\" style=\"border: 0px\" title=\"GR 1\" src=\"http:\/\/sites.unica.it\/coastalandmarinegeologygroup\/files\/2012\/11\/GR-1.jpg\" alt=\"\" width=\"673\" height=\"230\" srcset=\"https:\/\/sites.unica.it\/coastalandmarinegeologygroup\/files\/2012\/11\/GR-1.jpg 673w, https:\/\/sites.unica.it\/coastalandmarinegeologygroup\/files\/2012\/11\/GR-1-300x103.jpg 300w, https:\/\/sites.unica.it\/coastalandmarinegeologygroup\/files\/2012\/11\/GR-1-500x171.jpg 500w\" sizes=\"auto, (max-width: 673px) 100vw, 673px\" \/><\/p>\n<p>Lo studio \u00e8 iniziato pochi giorni dopo l&#8217;alluvione del 24 settembre 09.\u00a0 Sono state studiate le caratteristiche sedimentarie e l&#8217;idrodinamica con l&#8217;applicazione di modelli digitali topo-batimetrici, derivati \u200b\u200bda dati acquisiti in due diverse indagini sul campo (2009-10). \u00c8 stato effettuato un monitoraggio periodico\u00a0 delle variazioni a breve termine al fine di esaminare la capacit\u00e0 di recupero del sistema.<\/p>\n<p>Dai dati raccolti sono stati prodotti carte tematiche (batimetriche, sedimentologiche ecc.) e modelli di moto ondoso e idrodinamica. Questo ha permesso di identificare i principali meccanismi di controllo e di distribuzione dei sedimenti sulla spiaggia sottomarina. I modelli di moto ondoso e di idrodinamica sono stati generati utilizzando il software Delft3D.<\/p>\n<p><strong>Aree di confronto<\/strong>: le spiagge di Porto Giunco e Simius (Villasimius \u2013 CA) e la spiaggia di Su Giudeu e Porto Campana (Chia, Domus de Maria \u2013 CA) sono state scelte in quanto gi\u00e0 oggetto di studio con analoga metodologia, all\u2019interno del progetto Life+ Providune (LIFE07NAT\/IT\/000519).<\/p>\n<p style=\"text-align: justify\"><img loading=\"lazy\" decoding=\"async\" class=\"alignleft  wp-image-268\" style=\"border: 0px\" title=\"GR 2\" src=\"http:\/\/sites.unica.it\/coastalandmarinegeologygroup\/files\/2012\/11\/GR-2.jpg\" alt=\"\" width=\"687\" height=\"322\" srcset=\"https:\/\/sites.unica.it\/coastalandmarinegeologygroup\/files\/2012\/11\/GR-2.jpg 687w, https:\/\/sites.unica.it\/coastalandmarinegeologygroup\/files\/2012\/11\/GR-2-300x141.jpg 300w, https:\/\/sites.unica.it\/coastalandmarinegeologygroup\/files\/2012\/11\/GR-2-500x234.jpg 500w\" sizes=\"auto, (max-width: 687px) 100vw, 687px\" \/><\/p>\n<h2 style=\"text-align: justify\"><strong>Progetto concluso<\/strong><\/h2>\n<p>&nbsp;<\/p>\n","protected":false},"excerpt":{"rendered":"<p>Processi sedimentari, idrodinamica e modellizzazione di spiagge campione della Sardegna CRP2_413 &#8211; Data di avvio 01\/05\/2010 Borse destinate a giovani ricercatori co-finanziate dalla Regione Autonoma della Sardegna (fondi PO Sardegna FSE 2007-2013 L.R.7\/2007) Strumanto finanziario:\u00a0Regione Autonoma [&hellip;]<\/p>\n","protected":false},"author":2003,"featured_media":0,"parent":5,"menu_order":50,"comment_status":"closed","ping_status":"closed","template":"","meta":{"ngg_post_thumbnail":0,"footnotes":""},"class_list":["post-52","page","type-page","status-publish","hentry"],"_links":{"self":[{"href":"https:\/\/sites.unica.it\/coastalandmarinegeologygroup\/wp-json\/wp\/v2\/pages\/52","targetHints":{"allow":["GET"]}}],"collection":[{"href":"https:\/\/sites.unica.it\/coastalandmarinegeologygroup\/wp-json\/wp\/v2\/pages"}],"about":[{"href":"https:\/\/sites.unica.it\/coastalandmarinegeologygroup\/wp-json\/wp\/v2\/types\/page"}],"author":[{"embeddable":true,"href":"https:\/\/sites.unica.it\/coastalandmarinegeologygroup\/wp-json\/wp\/v2\/users\/2003"}],"replies":[{"embeddable":true,"href":"https:\/\/sites.unica.it\/coastalandmarinegeologygroup\/wp-json\/wp\/v2\/comments?post=52"}],"version-history":[{"count":0,"href":"https:\/\/sites.unica.it\/coastalandmarinegeologygroup\/wp-json\/wp\/v2\/pages\/52\/revisions"}],"up":[{"embeddable":true,"href":"https:\/\/sites.unica.it\/coastalandmarinegeologygroup\/wp-json\/wp\/v2\/pages\/5"}],"wp:attachment":[{"href":"https:\/\/sites.unica.it\/coastalandmarinegeologygroup\/wp-json\/wp\/v2\/media?parent=52"}],"curies":[{"name":"wp","href":"https:\/\/api.w.org\/{rel}","templated":true}]}}