{"id":5074,"date":"2026-02-01T21:03:58","date_gmt":"2026-02-01T20:03:58","guid":{"rendered":"https:\/\/sites.unica.it\/coastalandmarinegeologygroup\/?page_id=5074"},"modified":"2026-02-01T23:14:38","modified_gmt":"2026-02-01T22:14:38","slug":"harry","status":"publish","type":"page","link":"https:\/\/sites.unica.it\/coastalandmarinegeologygroup\/harry\/","title":{"rendered":"Studio e monitoraggio degli effetti del ciclone Harry sulla spiaggia del Poetto"},"content":{"rendered":"\n<p>Da oltre dieci anni, attraverso il <a href=\"https:\/\/sites.unica.it\/coastalandmarinegeologygroup\/tender-n-e-p-t-u-n-e\/\" data-type=\"link\" data-id=\"https:\/\/sites.unica.it\/coastalandmarinegeologygroup\/tender-n-e-p-t-u-n-e\/\">Progetto NEPTUNE<\/a>, coordinato dal Prof. Sandro Demuro del Dipartimento di Scienze Chimiche e Geologiche dell\u2019Universit\u00e0 di Cagliari, vengono condotte attivit\u00e0 di ricerca e monitoraggio finalizzate allo studio del sistema spiaggia del Poetto. Grazie a questo progetto \u00e8 nato il laboratorio di ricerca<strong> <\/strong><a href=\"https:\/\/sites.unica.it\/coastalandmarinegeologygroup\/medcoastlab\/\" data-type=\"link\" data-id=\"https:\/\/sites.unica.it\/coastalandmarinegeologygroup\/medcoastlab\/\">MedCoastLab<\/a> ed \u00e8 stato sviluppato e testato un <a href=\"https:\/\/sites.unica.it\/coastalandmarinegeologygroup\/tender-n-e-p-t-u-n-e\/sistema-previsionale-di-moto-ondoso-in-acque-costiere\/\" data-type=\"link\" data-id=\"https:\/\/sites.unica.it\/coastalandmarinegeologygroup\/tender-n-e-p-t-u-n-e\/sistema-previsionale-di-moto-ondoso-in-acque-costiere\/\">sistema operazionale di allerta inondazione<\/a> che fornisce informazioni sulle mareggiate incidenti previste sulla spiaggia del Poetto e stimarne la pericolosit\u00e0, in particolare per quanto riguarda la risalita dell\u2019onda sulla spiaggia ed il rischio di inondazione.<\/p>\n\n\n\n<p>L\u2019intensa mareggiata causata del ciclone Harry ha rappresentato una straordinaria opportunit\u00e0 per verificare sul campo l\u2019affidabilit\u00e0 di questo sistema e studiare le risposte morfodinamiche della spiaggia ad eventi meteomarini severi. Lo studio dell\u2019evento \u00e8 stato condotto dal gruppo di ricerca <a href=\"https:\/\/sites.unica.it\/coastalandmarinegeologygroup\/chi-siamo\/staff\/\" data-type=\"link\" data-id=\"https:\/\/sites.unica.it\/coastalandmarinegeologygroup\/chi-siamo\/staff\/\">Coastal and Marine Geomorphology Group (CMGG)<\/a> composto dai ricercatori Daniele Trogu, Marco Porta, Antonio Usai e Angelo Ibba, impegnati quotidianamente sul campo per tutta la durata della mareggiata, dalle prime fasi fino al suo termine.<\/p>\n\n\n\n<p>Il costante monitoraggio dei modelli previsionali e del sistema di allerta ha consentito di pianificare le specifiche attivit\u00e0 con largo anticipo rispetto all\u2019inizio dell\u2019evento.&nbsp; I rilievi sul campo sono stati avviati a partire da venerd\u00ec 16 gennaio, con l\u2019obbiettivo di ricostruire l\u2019assetto topografico dell\u2019intera spiaggia nei giorni immediatamente precedenti alla mareggiata prevista.<\/p>\n\n\n\n<figure class=\"wp-block-image size-large\"><a href=\"https:\/\/sites.unica.it\/coastalandmarinegeologygroup\/files\/2026\/02\/p1-scaled.jpg\"><img loading=\"lazy\" decoding=\"async\" width=\"1024\" height=\"768\" src=\"https:\/\/sites.unica.it\/coastalandmarinegeologygroup\/files\/2026\/02\/p1-1024x768.jpg\" alt=\"\" class=\"wp-image-5080\" srcset=\"https:\/\/sites.unica.it\/coastalandmarinegeologygroup\/files\/2026\/02\/p1-1024x768.jpg 1024w, https:\/\/sites.unica.it\/coastalandmarinegeologygroup\/files\/2026\/02\/p1-300x225.jpg 300w, https:\/\/sites.unica.it\/coastalandmarinegeologygroup\/files\/2026\/02\/p1-768x576.jpg 768w, https:\/\/sites.unica.it\/coastalandmarinegeologygroup\/files\/2026\/02\/p1-1536x1152.jpg 1536w, https:\/\/sites.unica.it\/coastalandmarinegeologygroup\/files\/2026\/02\/p1-2048x1536.jpg 2048w, https:\/\/sites.unica.it\/coastalandmarinegeologygroup\/files\/2026\/02\/p1-400x300.jpg 400w\" sizes=\"auto, (max-width: 1024px) 100vw, 1024px\" \/><\/a><\/figure>\n\n\n\n<p>Questi dati, fondamentali per la definizione di un valido modello di evoluzione del sistema spiaggia, hanno anche consentito di ottimizzare le prestazioni del sistema previsionale di allerta in funzione di questo specifico evento: l\u2019implementazione nel modello profili topografici estremamente aggiornati ha, infatti, permesso di stimare con maggiore precisione quote di inondazione. Durante tutta la mareggiata il gruppo di ricerca \u00e8 stato costantemente impegnato sul campo, anche nelle fasi pi\u00f9 critiche, al fine di studiare in tempo reale l\u2019evoluzione dell\u2019evento, i suoi effetti morfodinamici nei diversi settori di spiaggia e gli impatti sulle strutture esposte al moto ondoso.<\/p>\n\n\n\n<figure class=\"wp-block-image size-full\"><a href=\"https:\/\/sites.unica.it\/coastalandmarinegeologygroup\/files\/2026\/02\/poetto2.jpg\"><img loading=\"lazy\" decoding=\"async\" width=\"21860\" height=\"6934\" src=\"https:\/\/sites.unica.it\/coastalandmarinegeologygroup\/files\/2026\/02\/poetto2.jpg\" alt=\"\" class=\"wp-image-5089\" \/><\/a><\/figure>\n\n\n\n<figure class=\"wp-block-image size-large\"><a href=\"https:\/\/sites.unica.it\/coastalandmarinegeologygroup\/files\/2026\/02\/p3-scaled.jpg\"><img loading=\"lazy\" decoding=\"async\" width=\"1024\" height=\"334\" src=\"https:\/\/sites.unica.it\/coastalandmarinegeologygroup\/files\/2026\/02\/p3-1024x334.jpg\" alt=\"\" class=\"wp-image-5082\" srcset=\"https:\/\/sites.unica.it\/coastalandmarinegeologygroup\/files\/2026\/02\/p3-1024x334.jpg 1024w, https:\/\/sites.unica.it\/coastalandmarinegeologygroup\/files\/2026\/02\/p3-300x98.jpg 300w, https:\/\/sites.unica.it\/coastalandmarinegeologygroup\/files\/2026\/02\/p3-768x251.jpg 768w, https:\/\/sites.unica.it\/coastalandmarinegeologygroup\/files\/2026\/02\/p3-1536x502.jpg 1536w, https:\/\/sites.unica.it\/coastalandmarinegeologygroup\/files\/2026\/02\/p3-2048x669.jpg 2048w, https:\/\/sites.unica.it\/coastalandmarinegeologygroup\/files\/2026\/02\/p3-500x163.jpg 500w\" sizes=\"auto, (max-width: 1024px) 100vw, 1024px\" \/><\/a><\/figure>\n\n\n\n<p>Nei giorni dal 20 al 22 gennaio, grazie alla <a href=\"https:\/\/sites.unica.it\/coastalandmarinegeologygroup\/tender-n-e-p-t-u-n-e\/partner-ruoli-e-collaborazioni\/\" data-type=\"link\" data-id=\"https:\/\/sites.unica.it\/coastalandmarinegeologygroup\/tender-n-e-p-t-u-n-e\/partner-ruoli-e-collaborazioni\/\">partnership<\/a> di collaborazione scientifica attivata nell\u2019ambito del progetto NEPTUNE, le attivit\u00e0 di rilievo sono state svolte in collaborazione con un gruppo di ricercatori dell\u2019Universit\u00e0 di Ferrara, Antonis Chatzipavlis e Sara Augusti, guidato dal Prof. Paolo Ciavola. In questa fase le due squadre di rilevamento hanno operato in sinergia per la mappatura di indicatori quali i livelli di sormonto dell\u2019onda sulla spiaggia e le soglie di massima inondazione.<\/p>\n\n\n\n<figure class=\"wp-block-image size-large\"><a href=\"https:\/\/sites.unica.it\/coastalandmarinegeologygroup\/files\/2026\/02\/p4-scaled.jpg\"><img loading=\"lazy\" decoding=\"async\" width=\"1024\" height=\"383\" src=\"https:\/\/sites.unica.it\/coastalandmarinegeologygroup\/files\/2026\/02\/p4-1024x383.jpg\" alt=\"\" class=\"wp-image-5083\" srcset=\"https:\/\/sites.unica.it\/coastalandmarinegeologygroup\/files\/2026\/02\/p4-1024x383.jpg 1024w, https:\/\/sites.unica.it\/coastalandmarinegeologygroup\/files\/2026\/02\/p4-300x112.jpg 300w, https:\/\/sites.unica.it\/coastalandmarinegeologygroup\/files\/2026\/02\/p4-768x287.jpg 768w, https:\/\/sites.unica.it\/coastalandmarinegeologygroup\/files\/2026\/02\/p4-1536x574.jpg 1536w, https:\/\/sites.unica.it\/coastalandmarinegeologygroup\/files\/2026\/02\/p4-2048x765.jpg 2048w, https:\/\/sites.unica.it\/coastalandmarinegeologygroup\/files\/2026\/02\/p4-500x187.jpg 500w\" sizes=\"auto, (max-width: 1024px) 100vw, 1024px\" \/><\/a><\/figure>\n\n\n\n<p>Al termine della mareggiata il gruppo del CMGG ha effettuato ulteriori rilievi sull\u2019intera spiaggia. &nbsp;Il confronto tra i dati acquisiti prima e dopo l\u2019evento consentir\u00e0 di analizzare in modo dettagliato la risposta geomorfologica del sistema spiaggia del Poetto a questa importante mareggiata.<\/p>\n\n\n\n<figure class=\"wp-block-image size-large\"><a href=\"https:\/\/sites.unica.it\/coastalandmarinegeologygroup\/files\/2026\/02\/p5-scaled.jpg\"><img loading=\"lazy\" decoding=\"async\" width=\"1024\" height=\"465\" src=\"https:\/\/sites.unica.it\/coastalandmarinegeologygroup\/files\/2026\/02\/p5-1024x465.jpg\" alt=\"\" class=\"wp-image-5084\" srcset=\"https:\/\/sites.unica.it\/coastalandmarinegeologygroup\/files\/2026\/02\/p5-1024x465.jpg 1024w, https:\/\/sites.unica.it\/coastalandmarinegeologygroup\/files\/2026\/02\/p5-300x136.jpg 300w, https:\/\/sites.unica.it\/coastalandmarinegeologygroup\/files\/2026\/02\/p5-768x349.jpg 768w, https:\/\/sites.unica.it\/coastalandmarinegeologygroup\/files\/2026\/02\/p5-1536x698.jpg 1536w, https:\/\/sites.unica.it\/coastalandmarinegeologygroup\/files\/2026\/02\/p5-2048x931.jpg 2048w, https:\/\/sites.unica.it\/coastalandmarinegeologygroup\/files\/2026\/02\/p5-500x227.jpg 500w\" sizes=\"auto, (max-width: 1024px) 100vw, 1024px\" \/><\/a><\/figure>\n\n\n\n<p>Le attivit\u00e0 sul campo sono state integrate e supportate dal costante monitoraggio da remoto attraverso il <a href=\"https:\/\/sites.unica.it\/coastalandmarinegeologygroup\/tender-n-e-p-t-u-n-e\/rete-di-video-monitoraggio-costiero\/\" data-type=\"link\" data-id=\"https:\/\/sites.unica.it\/coastalandmarinegeologygroup\/tender-n-e-p-t-u-n-e\/rete-di-video-monitoraggio-costiero\/\">sistema di videomonitoraggio costiero<\/a> del MedCoastLab e l\u2019analisi dei dati di moto ondoso. Sono attualmente in corso ulteriori rilievi topografici di controllo ed il rilievo aerofotogrammetrico completo con drone.<\/p>\n\n\n\n<figure class=\"wp-block-image size-large\"><a href=\"https:\/\/sites.unica.it\/coastalandmarinegeologygroup\/files\/2026\/02\/p6-scaled.jpg\"><img loading=\"lazy\" decoding=\"async\" width=\"1024\" height=\"470\" src=\"https:\/\/sites.unica.it\/coastalandmarinegeologygroup\/files\/2026\/02\/p6-1024x470.jpg\" alt=\"\" class=\"wp-image-5085\" srcset=\"https:\/\/sites.unica.it\/coastalandmarinegeologygroup\/files\/2026\/02\/p6-1024x470.jpg 1024w, https:\/\/sites.unica.it\/coastalandmarinegeologygroup\/files\/2026\/02\/p6-300x138.jpg 300w, https:\/\/sites.unica.it\/coastalandmarinegeologygroup\/files\/2026\/02\/p6-768x353.jpg 768w, https:\/\/sites.unica.it\/coastalandmarinegeologygroup\/files\/2026\/02\/p6-1536x706.jpg 1536w, https:\/\/sites.unica.it\/coastalandmarinegeologygroup\/files\/2026\/02\/p6-2048x941.jpg 2048w, https:\/\/sites.unica.it\/coastalandmarinegeologygroup\/files\/2026\/02\/p6-500x230.jpg 500w\" sizes=\"auto, (max-width: 1024px) 100vw, 1024px\" \/><\/a><\/figure>\n\n\n\n<p>La notevole mole di dati raccolti in questo lavoro consentir\u00e0 di comprendere meglio i meccanismi che regolano le temporanee sommersioni della spiaggia causate dalle mareggiate significative, nonch\u00e9 le interferenze tra questi processi e le pratiche antropiche che spesso ne amplificano gli effetti e gli impatti. I risultati dello studio forniranno indicazioni scientifiche importanti per una gestione sostenibile dalla spiaggia del Poetto e per una pi\u00f9 efficace pianificazione degli interventi di emergenza. In prospettiva, il modello metodologico sviluppato potr\u00e0 essere esteso ed applicato anche ad altre spiagge microtidali mediterranee.<\/p>\n\n\n\n<figure class=\"wp-block-image size-full\"><a href=\"https:\/\/sites.unica.it\/coastalandmarinegeologygroup\/files\/2026\/02\/p7.jpg\"><img loading=\"lazy\" decoding=\"async\" width=\"50961\" height=\"8494\" src=\"https:\/\/sites.unica.it\/coastalandmarinegeologygroup\/files\/2026\/02\/p7.jpg\" alt=\"\" class=\"wp-image-5086\" \/><\/a><\/figure>\n","protected":false},"excerpt":{"rendered":"<p>Da oltre dieci anni, attraverso il Progetto NEPTUNE, coordinato dal Prof. Sandro Demuro del Dipartimento di Scienze Chimiche e Geologiche dell\u2019Universit\u00e0 di Cagliari, vengono condotte attivit\u00e0 di ricerca e monitoraggio finalizzate allo studio del sistema spiaggia [&hellip;]<\/p>\n","protected":false},"author":2003,"featured_media":0,"parent":0,"menu_order":0,"comment_status":"closed","ping_status":"closed","template":"","meta":{"ngg_post_thumbnail":0,"footnotes":""},"class_list":["post-5074","page","type-page","status-publish","hentry"],"_links":{"self":[{"href":"https:\/\/sites.unica.it\/coastalandmarinegeologygroup\/wp-json\/wp\/v2\/pages\/5074","targetHints":{"allow":["GET"]}}],"collection":[{"href":"https:\/\/sites.unica.it\/coastalandmarinegeologygroup\/wp-json\/wp\/v2\/pages"}],"about":[{"href":"https:\/\/sites.unica.it\/coastalandmarinegeologygroup\/wp-json\/wp\/v2\/types\/page"}],"author":[{"embeddable":true,"href":"https:\/\/sites.unica.it\/coastalandmarinegeologygroup\/wp-json\/wp\/v2\/users\/2003"}],"replies":[{"embeddable":true,"href":"https:\/\/sites.unica.it\/coastalandmarinegeologygroup\/wp-json\/wp\/v2\/comments?post=5074"}],"version-history":[{"count":7,"href":"https:\/\/sites.unica.it\/coastalandmarinegeologygroup\/wp-json\/wp\/v2\/pages\/5074\/revisions"}],"predecessor-version":[{"id":5095,"href":"https:\/\/sites.unica.it\/coastalandmarinegeologygroup\/wp-json\/wp\/v2\/pages\/5074\/revisions\/5095"}],"wp:attachment":[{"href":"https:\/\/sites.unica.it\/coastalandmarinegeologygroup\/wp-json\/wp\/v2\/media?parent=5074"}],"curies":[{"name":"wp","href":"https:\/\/api.w.org\/{rel}","templated":true}]}}