{"id":4972,"date":"2021-12-03T10:45:27","date_gmt":"2021-12-03T09:45:27","guid":{"rendered":"https:\/\/sites.unica.it\/coastalandmarinegeologygroup\/?page_id=4972"},"modified":"2021-12-03T10:46:45","modified_gmt":"2021-12-03T09:46:45","slug":"terza-missione","status":"publish","type":"page","link":"https:\/\/sites.unica.it\/coastalandmarinegeologygroup\/terza-missione\/","title":{"rendered":"Terza missione"},"content":{"rendered":"<p style=\"text-align: justify\">Attivit\u00e0 che mettono in relazione la ricerca universitaria e la societ\u00e0, quali ad esempio attivit\u00e0 di trasferimento tecnologico finalizzate alla gestione e alla valorizzazione di tecnologie e saperi sviluppati nell&#8217;ambito dei progetti di ricerca.<\/p>\n<p style=\"text-align: center\"><strong>Audizioni presso la Quarta commissione permanente del Consiglio Regionale della Sardegna<\/strong><\/p>\n<p style=\"text-align: justify\">13\/07\/2021 &#8211; <a href=\"https:\/\/www.consregsardegna.it\/il-calendario-dei-lavori-del-consiglio-regionale-e-delle-commissioni-2\" target=\"_blank\" rel=\"noopener\">Commissione Ambiente del Consiglio Regionale della Regione Autonoma della Sardegna: Proposta di Legge n. 38 \u201cProtezione e valorizzazione della fascia costiera e dei litorali della Regione Sardegna tramite posizionamento di ostacoli dissuasivi artificiali\u201d<\/a><\/p>\n<p style=\"text-align: justify\">20\/11\/2019 &#8211; <a href=\"https:\/\/www.consregsardegna.it\/Commissione-Ambiente-audizioni-di-accademici-ed-esperti-sulla-posidonia-spiaggiata\/\" target=\"_blank\" rel=\"noopener\">Commissione Ambiente del Consiglio Regionale della Regione Autonoma della Sardegna: audizioni di accademici ed esperti sulla Posidonia spiaggiata<\/a>&nbsp;&nbsp;&nbsp;&nbsp;&nbsp;&nbsp;&nbsp;&nbsp;&nbsp;&nbsp;&nbsp;&nbsp;&nbsp;<\/p>\n<p>&nbsp;<\/p>\n<p style=\"text-align: center\"><strong>Interventi divulgativi in servizi televisivi su reti nazionali in rappresentanza dell&#8217;Ateneo<\/strong><\/p>\n<p style=\"text-align: justify\">15\/09\/2021 &#8211; <a href=\"https:\/\/www.unica.it\/unica\/page\/it\/sandro_demuro_ospite_di_linea_blu\" target=\"_blank\" rel=\"noopener\">LINEA BLU &#8211; Rena Majore e Parco Nazionale di La Maddalena<\/a><\/p>\n<p style=\"text-align: justify\">18\/07\/2020 &#8211; <a href=\"https:\/\/www.facebook.com\/UniversitaCagliari\/videos\/vb.766180116824690\/279259003139109\/?type=2&amp;theater\" target=\"_blank\" rel=\"noopener\">LINEA BLU &#8211; Spiaggia del Poetto<\/a><\/p>\n<p style=\"text-align: justify\">04\/04\/2020 &#8211;&nbsp; <a href=\"https:\/\/www.facebook.com\/UniversitaCagliari\/videos\/553454875310126\/\" target=\"_blank\" rel=\"noopener\">TGR RAI Sardegna &#8211; Avvio delle attivit\u00e0 di monitoraggio della rimozione delle canne al Poetto ai fini della riduzione del rischio geomorfologico da inondazione costiera<\/a><\/p>\n<p style=\"text-align: left\">05\/01\/2020 &#8211; <a href=\"https:\/\/www.facebook.com\/UniversitaCagliari\/videos\/488546408525941\/\" target=\"_blank\" rel=\"noopener\">TGR RAI Sardegna &#8211; Evento di deposizione delle canne al Poetto e sulla riduzione della pericolosit\u00e0 geomorfologica indotta dall\u2019evento<\/a><\/p>\n<p style=\"text-align: left\">29\/11\/2019 &#8211; &nbsp;<a href=\"https:\/\/www.youtube.com\/watch?v=4ywhLwUiaxw\" target=\"_blank\" rel=\"noopener\">TGR RAI Sardegna \u2018BUONGIORNO REGIONE\u2019 &#8211; Rischio geomorfologico da inondazione costiera in Sardegna<\/a><\/p>\n<p style=\"text-align: left\">16\/11\/2019 &#8211;<a href=\"https:\/\/www.facebook.com\/UniversitaCagliari\/videos\/596998387506526\/\" target=\"_blank\" rel=\"noopener\">TGR RAI Sardegna &#8211; Rischio geomorfologico da mareggiata<\/a><\/p>\n<p style=\"text-align: left\">29\/07\/2019 &#8211; <a href=\"http:\/\/www.rai.it\/dl\/RaiTV\/programmi\/media\/ContentItem-16547e04-3c70-4ee1-abc9-cad1741c6fb7-tg1.html?fbclid=IwAR2ouHcPD2tsaKGTgEuuKushH6TOMTL-4--u6rJmXwkCqShi3rpYb53Pcgo\" target=\"_blank\" rel=\"noopener\">TG1 di RAI 1 &#8211; Attivit\u00e0 del MEDCOASTLAB<\/a><\/p>\n<p style=\"text-align: left\">13\/06\/2019 &#8211; <a href=\"https:\/\/www.facebook.com\/UniversitaCagliari\/videos\/376463386324038\/\" target=\"_blank\" rel=\"noopener\">TGR Rai Sardegna \u2018BUONGIORNO REGIONE\u2019 &#8211; Gestione delle banquette di Posidonia<\/a><\/p>\n<p style=\"text-align: left\">03\/05\/2019 &#8211; <a href=\"https:\/\/www.facebook.com\/watch\/?v=411012663051339\" target=\"_blank\" rel=\"noopener\">TGR Rai Sardegna &#8211; Attivit\u00e0&nbsp; didattica svolta sula spiaggia del Poetto&nbsp; nell&#8217;ambito del progetto &#8220;alternanza scuola lavoro&#8221;<\/a><\/p>\n<p style=\"text-align: left\">12\/04\/2019 &#8211; <a href=\"https:\/\/www.facebook.com\/watch\/?v=1803679599731500\" target=\"_blank\" rel=\"noopener\">LINEA BLU &#8211; Spiaggia di Porto Pino<\/a><\/p>\n<p style=\"text-align: left\">17\/03\/2019 &#8211; <a href=\"https:\/\/www.facebook.com\/watch\/?v=585539691929571\" target=\"_blank\" rel=\"noopener\">TGR RAI Sardegna &#8211; Processi erosivi al Poetto<\/a><\/p>\n<p style=\"text-align: left\">20\/10\/2018 &#8211; <a href=\"https:\/\/www.raiplay.it\/video\/2018\/10\/Linea-Blu---Bocche-di-Bonifacio-df26b215-0d73-43f9-bb4b-1057b878f0a5.html\" target=\"_blank\" rel=\"noopener\">LINEA BLU &#8211; Bocche di Bonifacio e Arcipelago di La Maddalena<\/a><\/p>\n<p style=\"text-align: left\">23\/02\/2018 &#8211; <a href=\"https:\/\/www.youtube.com\/watch?v=eZDroAykIvg\" target=\"_blank\" rel=\"noopener\">TG RAI \u2018BUONGIORNO REGIONE\u2019<\/a><\/p>\n<p>&nbsp;<\/p>\n<p style=\"text-align: center\"><strong>Principali interventi divulgativi in articoli giornalistici e in servizi televisivi su reti locali in rappresentanza dell&#8217;Ateneo<\/strong><\/p>\n<p style=\"text-align: justify\">04\/09\/2021 &#8211; <a href=\"https:\/\/www.youtg.net\/primo-piano\/39984-cagliari-ecco-il-sistema-per-prevedere-le-inondazioni-al-poetto?fbclid=IwAR2HPX3HtL8Ck_GJbhXXLJxiyHzqeWBlmD4utChnnM9rMcPuli9cR0-9Hi4\" target=\"_blank\" rel=\"noopener\">YouTG.net &#8211; Progetto Neptune II ed il sistema di pre allerta inondazioni costiere messo a punto dal progetto e in validazione da parte della protezione civile regionale<\/a>&nbsp;&nbsp;&nbsp;&nbsp;&nbsp;&nbsp;&nbsp;&nbsp;&nbsp;&nbsp;&nbsp;&nbsp;&nbsp;&nbsp;<\/p>\n<p style=\"text-align: left\">16\/04\/2020 &#8211; <a href=\"https:\/\/www.youtg.net\/primo-piano\/24857-canne-e-niente-persone-rinasce-il-poetto-spiaggia-triplicata-alla-prima-fermata?fbclid=IwAR1fJxEtKKmTuZ7Cpu_022acFEQciSdJ-wMi4QtwGAVIWIehSxSG0jUkwd8\" target=\"_blank\" rel=\"noopener\">YouTG Network &#8211; Rimozione delle canne al Poetto<\/a><\/p>\n<p style=\"text-align: left\">09\/04\/2020 &#8211; <a href=\"https:\/\/www.facebook.com\/UniversitaCagliari\/photos\/a.766189400157095\/2713684282074254\/?type=3&amp;theater\" target=\"_blank\" rel=\"noopener\">UNIONE SARDA &#8211; Rimozione delle canne al Poetto<\/a><\/p>\n<p style=\"text-align: left\">21\/01\/2020 &#8211;&nbsp; <a href=\"https:\/\/www.facebook.com\/UniversitaCagliari\/photos\/a.766189400157095\/2553335074775843\/?type=3&amp;theater\" target=\"_blank\" rel=\"noopener\">UNIONE SARDA &#8211; Evento di deposizione della canne al Poetto<\/a><\/p>\n<p style=\"text-align: left\">05\/01\/2020 &#8211; <a href=\"https:\/\/www.facebook.com\/UniversitaCagliari\/photos\/a.766189400157095\/2520773288032022\/?type=3&amp;theater\" target=\"_blank\" rel=\"noopener\">UNIONE SARDA &#8211; Deposizione di materiale vegetale (canne) al Poetto<\/a><\/p>\n<p style=\"text-align: left\">20\/11\/2019 &#8211; <a href=\"https:\/\/www.laprovinciadelsulcisiglesiente.com\/wordpress\/2019\/11\/la-commissione-ambiente-del-consiglio-regionale-ha-raccolto-il-contributo-di-alcuni-esperti-sul-problema-della-posidonia-piaggiata\/?fbclid=IwAR3hX729_LlAFCy2YeuPsHOoSGD6uaPlg5UWipvsOcssI40eu7\" target=\"_blank\" rel=\"noopener\">PROVINCIA DEL SULCIS IGLESIENTE &#8211; Posidonia spiaggiata<\/a><\/p>\n<p style=\"text-align: left\">16\/11\/2019 &#8211; <a href=\"https:\/\/www.facebook.com\/UniversitaCagliari\/photos\/a.766189400157095\/2414990271943658\/?type=3&amp;theater\" target=\"_blank\" rel=\"noopener\">UNIONE SARDA &#8211; Innalzamento del livello del mare e&nbsp; rischio mareggiate<\/a><\/p>\n<p style=\"text-align: left\">07\/06\/2019 &#8211; <a href=\"https:\/\/www.facebook.com\/UniversitaCagliari\/photos\/a.766189400157095\/2124846817624673\/?type=3&amp;theater\" target=\"_blank\" rel=\"noopener\">UNIONE SARDA &#8211; Gestione delle banquette di Posidonia<\/a><\/p>\n<p style=\"text-align: left\">03\/05\/2019 &#8211; <a href=\"https:\/\/www.unica.it\/unica\/it\/news_notizie_s1.page?contentId=NTZ168979&amp;fbclid=IwAR0xIw4kZqmHEN0tpe4LInF3pz_klSMAW4WfacGlBWM6jKvNlcSsD51iNsM\" target=\"_blank\" rel=\"noopener\">Attivit\u00e0 didattica e di orientamento presso la spiaggia del Poetto<\/a><\/p>\n<p style=\"text-align: left\">27\/04\/2019 &#8211; <a href=\"https:\/\/www.facebook.com\/UniversitaCagliari\/photos\/a.766189400157095\/2057180127724676\/?type=3&amp;theater\" target=\"_blank\" rel=\"noopener\">UNIONE SARDA &#8211; Spiaggia del Poetto<\/a><\/p>\n<p style=\"text-align: left\">22\/03\/2019 &#8211; <a href=\"https:\/\/www.videolina.it\/articolo\/tg\/2019\/03\/21\/poetto_cagliari_e_quartu_insieme_per_il_bene_futuro_del_litorale-78-857134.html?fbclid=IwAR1dP7gEVH1JrtogMNYW092Y6ZZqUywAOp4unFlCHQfb8hYyiVjMf_lT1Qc&amp;fbclid=IwAR1dP7gEVH1JrtogMNYW092Y6ZZqUywAOp4unFlCHQfb8hYyiV\" target=\"_blank\" rel=\"noopener\">VIDEOLINA &#8211; Firma del Protocollo tra Universit\u00e0 di Cagliari e Comune di Cagliari<\/a><\/p>\n<p style=\"text-align: left\">15\/02\/2019 &#8211; <a href=\"https:\/\/www.facebook.com\/UniversitaCagliari\/photos\/a.766189400157095\/1952155058227184\/?type=3&amp;theater\" target=\"_blank\" rel=\"noopener\">UNIONE SARDA &#8211; Innalzamento livello mare<\/a><\/p>\n<p style=\"text-align: left\">30\/09\/2018 &#8211; &nbsp;<a href=\"https:\/\/www.unicaradio.it\/2018\/09\/il-prof-sandro-demuro-parla-del-progetto-golfo-di-cagliari\/\" target=\"_blank\" rel=\"noopener\">UNICARADIO &#8211; Notte Europea dei Ricercatori 2018 relativo al Progetto NEPTUNE II<\/a><\/p>\n<p style=\"text-align: left\">17\/03\/2019 &#8211; <a href=\"https:\/\/www.facebook.com\/UniversitaCagliari\/photos\/a.766189400157095\/1997381963704493\/?type=3&amp;theater\" target=\"_blank\" rel=\"noopener\">UNIONE SARDA &#8211; Erosione costiera<\/a><\/p>\n<p style=\"text-align: left\">28\/06\/2018 &#8211;&nbsp; <a href=\"https:\/\/www.lanuovasardegna.it\/olbia\/cronaca\/2018\/06\/26\/news\/a-palau-ruspe-in-spiaggia-il-comune-tutto-in-regola-1.17006705\" target=\"_blank\" rel=\"noopener\">LA NUOVA SARDEGNA -Gestione spiaggia di La Sciumara, Palau<\/a><\/p>\n<p style=\"text-align: left\">18\/02\/2018 &#8211; <a href=\"https:\/\/www.lanuovasardegna.it\/italia-mondo\/2018\/02\/18\/news\/spiagge-sarde-a-rischio-ecco-i-piani-per-salvarle-serve-il-numero-chiuso-1.16494240\" target=\"_blank\" rel=\"noopener\">LA NUOVA SARDEGNA &#8211; Spiagge a rischio di erosione, buone e cattive pratiche gestionali<\/a><\/p>\n<p style=\"text-align: left\">07\/06\/2017 &#8211; <a href=\"https:\/\/www.unionesarda.it\/articolo\/cronaca\/2017\/06\/07\/cagliari_ecco_il_progetto_neptune_avrebbe_salvato_il_poetto_dal_r-68-609659.html\" target=\"_blank\" rel=\"noopener\">UNIONE SARDA &#8211; Conferenza Finale del Progetto NEPTUNE<\/a><\/p>\n<p style=\"text-align: left\">27\/03\/2017 &#8211; &nbsp;<a href=\"https:\/\/www.videolina.it\/articolo\/tg\/2017\/03\/27\/cagliari_l_esperto_lasciate_la_poseidonia_sulla_spiaggia_del_poet-78-583766.html\" target=\"_blank\" rel=\"noopener\">VIDEOLINA &#8211; Spiaggia del Poetto e gestione delle banquette di Posidonia<\/a><\/p>\n<p>&nbsp;<\/p>\n<p style=\"text-align: center\"><strong>Osservatorio Coste, Centro transfrontaliero<\/strong><\/p>\n<p style=\"text-align: left\">07\/12\/2018 &#8211; <a href=\"https:\/\/www.unica.it\/unica\/it\/news_notizie_s1.page?contentId=NTZ143956\" target=\"_blank\" rel=\"noopener\">Firma del protocollo di intesa\/accordo quadro con l\u2019Ente Parco Nazionale dell\u2019Arcipelago per studiare l\u2019evoluzione e la dinamica dei litorali, attivare i monitoraggi e tutelare al meglio l\u2019ambiente<\/a><\/p>\n<p style=\"text-align: left\">25-27\/09\/2017 &#8211; <a href=\"https:\/\/www.lanuovasardegna.it\/regione\/2017\/09\/22\/news\/cosa-succede-alle-coste-sarde-a-palau-vertice-di-esperti-da-tutto-il-mondo-1.15887854\" target=\"_blank\" rel=\"noopener\">Workshop internazionale Mopp-Medflood (MOdelling Palaeo Processes) organizzato dall&#8217;universit\u00e0 di Exeter e dall&#8217;osservatorio dell&#8217;ambiente sottomarino Oceans<\/a><\/p>\n<p style=\"text-align: left\">05\/06\/2017 &#8211; <a href=\"https:\/\/www.lanuovasardegna.it\/olbia\/cronaca\/2012\/10\/19\/news\/e-nato-il-centro-di-studi-sulle-coste-1.5890486\" target=\"_blank\" rel=\"noopener\">Creazione del Centro Transfrontaliero per lo studio della dinamica dei litorali<\/a><\/p>\n<p style=\"text-align: left\">&nbsp;<\/p>\n<p style=\"text-align: center\"><strong>Conferenze \u2013 Seminari<\/strong><\/p>\n<p style=\"text-align: left\">05\/06\/2020 &#8211; <a href=\"https:\/\/www.unionesarda.it\/cultura\/sviluppo-sostenibile-il-progetto-dell-universita-di-cagliari-milhl7x7\" target=\"_blank\" rel=\"noopener\">Seminario sullo SVILUPPO SOSTENIBILE organizzato dall\u2019Universit\u00e0 di Cagliari, In occasione del 46 esimo anniversario del World Environment Day, la Giornata Mondiale per l\u2019Ambiente, dal titolo \u201cTra la terra ed il mare al tempo del cambiamento climatico: processi naturali, antropici e azioni possibili di adattamento, mitigazione e contrasto all\u2019erosione delle spiagge mediterranee\u201d<\/a><\/p>\n<p style=\"text-align: left\">21\/07\/2019 &#8211; <a href=\"https:\/\/www.unica.it\/unica\/it\/news_notizie_s1.page?contentId=NTZ183068&amp;fbclid=IwAR3NY_c3lo5V4E-XamXSJzrL5Dqy6tbF_ouoX5BqQPjhZyhgih5bGHpbdW4\" target=\"_blank\" rel=\"noopener\">Partecipazione all&#8217;evento \u2018CLIMBING FOR CLIMATE\u2019 del Prof. Demuro in veste di delegato dal MR per la firma di un patto in difesa del clima tra la Rete delle Universit\u00e0 sostenibili, il Club alpino italiano e il Comitato glaciologico italiano<\/a><\/p>\n<p style=\"text-align: left\">16\/11\/2018 &#8211; <a href=\"https:\/\/www.unica.it\/unica\/it\/news_notizie_s1.page?contentId=NTZ139804\" target=\"_blank\" rel=\"noopener\">Seminario svolto nell&#8217;ambito del Progetto Sardegna Formed, cofinanziato dalla Fondazione di Sardegna, sul rischio inondazione per cause antropiche o naturali<\/a><\/p>\n<p style=\"text-align: left\">23\/05\/2018 &#8211; <a href=\"https:\/\/www.unica.it\/unica\/it\/news_notizie_s1.page?contentId=NTZ109849\" target=\"_blank\" rel=\"noopener\">Seminario di cartografia marina svolto sulla nave oceanografica Magnaghi della Marina Militare Italiana<\/a><\/p>\n<p style=\"text-align: left\">18\/10\/2017 &#8211; <a href=\"https:\/\/www.unica.it\/unica\/it\/news_notizie_s1.page?contentId=NTZ67780\" target=\"_blank\" rel=\"noopener\">Presentazione del Video documentario \u2018Dove inizia il mare, buone pratiche per lo studio, la salvaguardia e la gestione delle spiagge sarde\u2019, durante l\u2019evento \u2018Climathon 2017, Cagliari\u2019<\/a><\/p>\n<p style=\"text-align: left\">21\/09\/2017 &#8211; <a href=\"https:\/\/www.unionesarda.it\/articolo\/cronaca\/2017\/09\/21\/erosione_e_cambiamenti_climatici_cosa_rester_delle_coste_sarde-68-647009.html\" target=\"_blank\" rel=\"noopener\">Organizzazione Medflood (MOdelling Palaeo Processes), Palau 2017<\/a><\/p>\n<p style=\"text-align: left\">25\/10\/2008 &#8211; <a href=\"http:\/\/www.regione.sardegna.it\/documenti\/1_4_20081024165820.pdf\" target=\"_blank\" rel=\"noopener\">COAST DAY- Una settimana di iniziative per vivere e scoprire le coste sarde<\/a><\/p>\n<p>&nbsp;<\/p>\n<p style=\"text-align: center\"><strong>Attivit\u00e0 di orientamento e divulgazione nelle scuole<\/strong><\/p>\n<p style=\"text-align: left\">04\/12\/2021 &#8211; <a href=\"https:\/\/www.askanews.it\/cronaca\/2021\/04\/12\/sardegna-unica-al-poetto-per-insegnare-gestione-litorali-pn_20210412_00066\/\" target=\"_blank\" rel=\"noopener\">Attivit\u00e0 di terza missione sull\u2019Agenda 2030 dell\u2019Onu con scuole medie di Cagliari<\/a><\/p>\n<p style=\"text-align: left\">03\/05\/2019 &#8211; <a href=\"https:\/\/www.unica.it\/unica\/it\/news_notizie_s1.page?contentId=NTZ168979&amp;fbclid=IwAR0xIw4kZqmHEN0tpe4LInF3pz_klSMAW4WfacGlBWM6jKvNlcSsD51iNsM\" target=\"_blank\" rel=\"noopener\">Attivit\u00e0 didattica svolta sul campo nell&#8217;ambito del progetto &#8216;&#8221;alternanza scuola lavoro&#8221;<\/a><\/p>\n<p style=\"text-align: left\">01\/03\/2018 &#8211; <a href=\"https:\/\/www.sardegnalive.net\/news\/in-sardegna\/22593\/cittadella-universitaria-i-segreti-del-mare-e-delle-sabbie-alle-giornate-di-orientamento\" target=\"_blank\" rel=\"noopener\">Attivit\u00e0 didattiche e di orientamento durante le \u2018Giornate dell\u2019Orientamento 2018\u2019 organizzate dall\u2019Universit\u00e0 di Cagliari<\/a><\/p>\n<p style=\"text-align: left\">11\/11\/2017 &#8211; <a href=\"https:\/\/www.unica.it\/unica\/it\/news_notizie_s1.page?contentId=NTZ73166\" target=\"_blank\" rel=\"noopener\">Attivit\u00e0 didattiche di educazione ambientale con le scuole<\/a><\/p>\n<p style=\"text-align: left\"><a href=\"https:\/\/www.comune.tempiopausania.ot.it\/attachments\/536_77E6BF7Bd01.pdf\" target=\"_blank\" rel=\"noopener\">&nbsp;Visita guidata Faro Punta Sardegna per Universit\u00e0 Terza et\u00e0 Sassari<\/a><\/p>\n<p>&nbsp;<\/p>\n<p style=\"text-align: center\"><strong>Progetti con Enti territoriali, Qualificate Istituzioni, piccole e medie imprese<\/strong><\/p>\n<p style=\"text-align: justify\">2018-2021 &#8211; <a href=\"https:\/\/sites.unica.it\/coastalandmarinegeologygroup\/tender-n-e-p-t-u-n-e\/\" target=\"_blank\" rel=\"noopener\">Progetto N.E.P.T.U.N.E. DUE (Natural Erosion Prevision Through Use of Numerical Environment): Autorit\u00e0 di Sistema Portuale della Sardegna,Comune di Cagliari, Coop. Sardegna Progetta, Soc. Battellieri Cagliari.<\/a><\/p>\n<p style=\"text-align: justify\">2018-2021 &#8211; <a href=\"https:\/\/www.lanuovasardegna.it\/olbia\/cronaca\/2019\/05\/07\/news\/dune-di-rena-majore-via-alla-valorizzazione-1.17813287\" target=\"_blank\" rel=\"noopener\">POR AGLIENTU<\/a><\/p>\n<p style=\"text-align: justify\">2020 &#8211; <a href=\"https:\/\/sites.unica.it\/coastalandmarinegeologygroup\/tender-n-e-p-t-u-n-e\/attivita-di-supporto-tecnico-scientifico-volto-alla-supervisione-ecogeomorfologica-degli-interventi-finalizzati-allasportazione-dellarundo-donax-canna-comune-presente-sull\/\" target=\"_blank\" rel=\"noopener\">Gestione canne spiaggiate (Nell&#8217;ambito del Progetto Neptune II)<\/a>&nbsp;&nbsp;&nbsp;&nbsp;&nbsp;&nbsp;&nbsp;&nbsp;&nbsp;&nbsp;&nbsp;&nbsp;<\/p>\n<p style=\"text-align: justify\">2014-2017 &#8211; <a href=\"https:\/\/sites.unica.it\/coastalandmarinegeologygroup\/soss-dunes\/\" target=\"_blank\" rel=\"noopener\">Progetto LIFE+ NATURE &amp; BIODIVERSITY \u2013 SOSS Dunes, (LIFE13 NAT\/IT\/001013) &#8211; Safeguard and management Of South-western Sardinian Dunes A project for the pilot area of Porto Pino\u201d, finanziato da European Investment Bank and European Commission under LIFE programme &#8211; European Union\u2019s Financial Instrument for the Environment. Capofila Comune di Sant&#8217;Anna Arresi<\/a><\/p>\n<p style=\"text-align: justify\">2014-2017 &#8211; <a href=\"https:\/\/sites.unica.it\/coastalandmarinegeologygroup\/tender-n-e-p-t-u-n-e\/attivita-di-supporto-tecnico-scientifico-volto-alla-supervisione-ecogeomorfologica-degli-interventi-finalizzati-allasportazione-dellarundo-donax-canna-comune-presente-sull\/\" target=\"_blank\" rel=\"noopener\">Progetto N.E.P.T.U.N.E. \u2013 Natural Erosion Prevision Through Use of Numerical Environment), finanziato con Legge regionale 7 Agosto 2007, N. 7 \u201cPromozione della ricerca scientifica e dell&#8217;innovazione tecnologica in Sardegna\u201d.<\/a><\/p>\n<p style=\"text-align: justify\">2014-2016 &#8211; <a href=\"https:\/\/sites.unica.it\/coastalandmarinegeologygroup\/convenzione-cbsm\/\" target=\"_blank\" rel=\"noopener\">Progetto per ricerche idrodinamiche, sedimentologiche e di monitoraggio del sistema litorale alla foce del Rio Pula (spiaggia Foxi Durci). Progetto finanziato da Consorzio di Bonifica della Sardegna Meridionale<\/a><\/p>\n<p style=\"text-align: justify\">2011-2012 &#8211; <a href=\"https:\/\/sites.unica.it\/coastalandmarinegeologygroup\/progetti\/rias\/\" target=\"_blank\" rel=\"noopener\">Programma Operativo di Cooperazione Territoriale Transfrontaliera Italia- Francia \u201cMarittimo\u201d &#8211; Res.Mar. \u201cRete per l&#8217;ambiente nello spazio marittimo\u201d \u2013 Sottoprogetto B) Centro Transfrontaliero studio dinamica dei litorali. Partner Sardegna (Provincia Olbia Tempio).<\/a><\/p>\n<p style=\"text-align: justify\">2009-2014 &#8211; <a href=\"https:\/\/sites.unica.it\/coastalandmarinegeologygroup\/progetti\/atlante\/\" target=\"_blank\" rel=\"noopener\">\u201cLIFE+ Nature PROVIDUNE (LIFE07NAT\/IT\/000519) &#8211; Conservazione e ripristino di habitat dunali nei siti delle province di Cagliari, Matera e Caserta\u201d, cofinanziato da European Investment Bank and European Commission under LIFE programme &#8211; European Union\u2019s Financial Instrument for the Environment. Provincie di Cagliari (Capofila) di Matera e di Caserta<\/a><\/p>\n<p style=\"text-align: justify\">2006-2007 &#8211; <a href=\"https:\/\/sites.unica.it\/coastalandmarinegeologygroup\/progetto-pilota-di-gestione-ambientale-integrata\/\" target=\"_blank\" rel=\"noopener\">\u201cStudio geomarino e geomorfologico dell&#8217;area marino costiera del Compendio Regionale di Santa Margherita di Pula\u201d. L\u2019istituzione privata affidataria dello studio \u00e8 stata la Conservatoria delle Coste della Direzione generale della presidenza della Regione Autonoma della Sardegna, RAS- Consorzio Nazionale Interuniversitario Scienze del MAre, CONISMA.<\/a><\/p>\n<p style=\"text-align: justify\">2006-2007 &#8211; <a href=\"https:\/\/sites.unica.it\/coastalandmarinegeologygroup\/sistema-di-controllo-ambientale-e-gestione-territoriale\/\" target=\"_blank\" rel=\"noopener\">\u201cSistema di controllo ambientale e gestione territoriale del Golfo di Cagliari\u201d. L\u2019Istituzione privata affidataria del Progetto \u00e8 stata SARAS ricerche e tecnologie SPA &#8211; Consorzio Interuniversitario Nazionale INCA.<\/a><\/p>\n","protected":false},"excerpt":{"rendered":"<p>Attivit\u00e0 che mettono in relazione la ricerca universitaria e la societ\u00e0, quali ad esempio attivit\u00e0 di trasferimento tecnologico finalizzate alla gestione e alla valorizzazione di tecnologie e saperi sviluppati nell&#8217;ambito dei progetti di ricerca. Audizioni presso [&hellip;]<\/p>\n","protected":false},"author":2003,"featured_media":0,"parent":0,"menu_order":0,"comment_status":"closed","ping_status":"closed","template":"","meta":{"ngg_post_thumbnail":0,"footnotes":""},"class_list":["post-4972","page","type-page","status-publish","hentry"],"_links":{"self":[{"href":"https:\/\/sites.unica.it\/coastalandmarinegeologygroup\/wp-json\/wp\/v2\/pages\/4972","targetHints":{"allow":["GET"]}}],"collection":[{"href":"https:\/\/sites.unica.it\/coastalandmarinegeologygroup\/wp-json\/wp\/v2\/pages"}],"about":[{"href":"https:\/\/sites.unica.it\/coastalandmarinegeologygroup\/wp-json\/wp\/v2\/types\/page"}],"author":[{"embeddable":true,"href":"https:\/\/sites.unica.it\/coastalandmarinegeologygroup\/wp-json\/wp\/v2\/users\/2003"}],"replies":[{"embeddable":true,"href":"https:\/\/sites.unica.it\/coastalandmarinegeologygroup\/wp-json\/wp\/v2\/comments?post=4972"}],"version-history":[{"count":3,"href":"https:\/\/sites.unica.it\/coastalandmarinegeologygroup\/wp-json\/wp\/v2\/pages\/4972\/revisions"}],"predecessor-version":[{"id":4975,"href":"https:\/\/sites.unica.it\/coastalandmarinegeologygroup\/wp-json\/wp\/v2\/pages\/4972\/revisions\/4975"}],"wp:attachment":[{"href":"https:\/\/sites.unica.it\/coastalandmarinegeologygroup\/wp-json\/wp\/v2\/media?parent=4972"}],"curies":[{"name":"wp","href":"https:\/\/api.w.org\/{rel}","templated":true}]}}