{"id":4863,"date":"2021-04-15T15:57:55","date_gmt":"2021-04-15T13:57:55","guid":{"rendered":"https:\/\/sites.unica.it\/coastalandmarinegeologygroup\/?page_id=4863"},"modified":"2021-04-15T17:29:39","modified_gmt":"2021-04-15T15:29:39","slug":"attivita-di-supporto-tecnico-scientifico-volto-alla-supervisione-ecogeomorfologica-degli-interventi-finalizzati-allasportazione-dellarundo-donax-canna-comune-presente-sull","status":"publish","type":"page","link":"https:\/\/sites.unica.it\/coastalandmarinegeologygroup\/tender-n-e-p-t-u-n-e\/attivita-di-supporto-tecnico-scientifico-volto-alla-supervisione-ecogeomorfologica-degli-interventi-finalizzati-allasportazione-dellarundo-donax-canna-comune-presente-sull\/","title":{"rendered":"Attivit\u00e0 di supporto tecnico scientifico volto alla supervisione ecogeomorfologica degli interventi finalizzati all\u2019asportazione dell\u2019Arundo donax (canna comune) presente sull\u2019arenile del Poetto"},"content":{"rendered":"<p style=\"text-align: justify\">Nella primavera 2020 \u00e8 stato possibile svolgere le campagne di rilevamento topografico e batimetrico in specifici settori della spiaggia del Poetto per effetto dell\u2019attuazione della convenzione tra l\u2019Universit\u00e0 degli Studi di Cagliari, attraverso il CMGG, e i comuni di Cagliari e Quartu Sant\u2019Elena, realizzata nell\u2019ambito del Progetto NEPTUNE 2.<\/p>\nngg_shortcode_0_placeholder\n<p style=\"text-align: justify\">Infatti, in occasione degli eventi meteomarini verificatisi nella seconda met\u00e0 di Dicembre 2019 e nella prima met\u00e0 di Gennaio 2020, accuratamente monitorati dal CMGG attraverso il sistema di videomonitoraggio costiero, si \u00e8 riversata nel golfo di Cagliari un&#8217;ingente quantit\u00e0 di Arundo donax (canna comune) proveniente dagli alvei fluviali circostanti l\u2019ambito costiero della spiaggia del Poetto e che le successive mareggiate hanno trasportato e distribuito lungo tutto l&#8217;arenile di Cagliari. Le attivit\u00e0 scientifiche hanno riguardato principalmente: rilievi a terra con DGPS e drone, rilievi a mare, prove infiltrometriche e simulazioni numeriche.<\/p>\n","protected":false},"excerpt":{"rendered":"<p>Nella primavera 2020 \u00e8 stato possibile svolgere le campagne di rilevamento topografico e batimetrico in specifici settori della spiaggia del Poetto per effetto dell\u2019attuazione della convenzione tra l\u2019Universit\u00e0 degli Studi di Cagliari, attraverso il CMGG, e [&hellip;]<\/p>\n","protected":false},"author":2003,"featured_media":0,"parent":2709,"menu_order":0,"comment_status":"closed","ping_status":"closed","template":"","meta":{"ngg_post_thumbnail":0,"footnotes":""},"class_list":["post-4863","page","type-page","status-publish","hentry"],"_links":{"self":[{"href":"https:\/\/sites.unica.it\/coastalandmarinegeologygroup\/wp-json\/wp\/v2\/pages\/4863","targetHints":{"allow":["GET"]}}],"collection":[{"href":"https:\/\/sites.unica.it\/coastalandmarinegeologygroup\/wp-json\/wp\/v2\/pages"}],"about":[{"href":"https:\/\/sites.unica.it\/coastalandmarinegeologygroup\/wp-json\/wp\/v2\/types\/page"}],"author":[{"embeddable":true,"href":"https:\/\/sites.unica.it\/coastalandmarinegeologygroup\/wp-json\/wp\/v2\/users\/2003"}],"replies":[{"embeddable":true,"href":"https:\/\/sites.unica.it\/coastalandmarinegeologygroup\/wp-json\/wp\/v2\/comments?post=4863"}],"version-history":[{"count":6,"href":"https:\/\/sites.unica.it\/coastalandmarinegeologygroup\/wp-json\/wp\/v2\/pages\/4863\/revisions"}],"predecessor-version":[{"id":4917,"href":"https:\/\/sites.unica.it\/coastalandmarinegeologygroup\/wp-json\/wp\/v2\/pages\/4863\/revisions\/4917"}],"up":[{"embeddable":true,"href":"https:\/\/sites.unica.it\/coastalandmarinegeologygroup\/wp-json\/wp\/v2\/pages\/2709"}],"wp:attachment":[{"href":"https:\/\/sites.unica.it\/coastalandmarinegeologygroup\/wp-json\/wp\/v2\/media?parent=4863"}],"curies":[{"name":"wp","href":"https:\/\/api.w.org\/{rel}","templated":true}]}}