{"id":3704,"date":"2016-04-28T11:04:06","date_gmt":"2016-04-28T09:04:06","guid":{"rendered":"http:\/\/sites.unica.it\/coastalandmarinegeologygroup\/?page_id=3704"},"modified":"2016-06-06T14:04:27","modified_gmt":"2016-06-06T12:04:27","slug":"aspetti-botanici","status":"publish","type":"page","link":"https:\/\/sites.unica.it\/coastalandmarinegeologygroup\/soss-dunes\/aspetti-botanici\/","title":{"rendered":"Studi geobotanici"},"content":{"rendered":"<p>L\u2019Azione A.2 \u00e8 stata finalizzata alla conoscenza degli aspetti geobotanici dell\u2019area interessata dal Progetto. Sono stati pertanto eseguiti uno studio floristico e il rilevamento di tutti gli aspetti vegetazionali.<\/p>\n<p>L\u2019indagine floristica svolta sul campo ha portato all\u2019individuazione di 236 unit\u00e0 tassonomiche, incluse in 235 differenti specie, infatti, solo per una specie sono state rinvenute due diverse sottospecie. Considerando i pi\u00f9 recenti dati sulla flora sarda, il territorio considerato, esteso circa 30 ettari, ospita poco meno del 10% della flora totale. Tale ricchezza floristica trova la sua spiegazione nella complessit\u00e0 del sistema ecologico considerato, che consiste nella successione di differenti comunit\u00e0 vegetali, ciascuna delle quali risulta caratterizzata da un peculiare contingente floristico.<\/p>\n<p>Questo alto livello di biodiversit\u00e0 si osserva ancora meglio nella ricchezza di aspetti vegetazionali presenti lungo il transetto che dal piede della duna giunge fino alla riva dello stagno. Nel complesso sono state infatti individuate 20 differenti comunit\u00e0 vegetali, rilevate con il metodo fitosociologico, di cui 16 inquadrabili in associazioni gi\u00e0 descritte, corrispondenti a 10 differenti tipologie di habitat di interesse comunitario, di cui 3 prioritati.<\/p>\n<p>Sui cordoni sabbiosi che separano il mare dalle zone umide salate del retroduna, la flora e la vegetazione mutano man mano che si procede dalla riva verso l\u2019interno, al variare di parametri del substrato come l\u2019umidit\u00e0, la salinit\u00e0 o la disponibilit\u00e0 di nutrienti. Queste differenti condizioni ecologiche determinano lo sviluppo della vegetazione lungo fasce parallele alla riva, pi\u00f9 o meno omogenee anche in funzione della naturalit\u00e0 e del tipo di pressione antropica.<\/p>\n<p>Lo studio condotto nell\u2019ambito del Progetto LIFE \u201cSOSS DUNES\u201d ha messo in evidenza la complessit\u00e0 ecologica del sistema litoraneo di Porto Pino, che presenta una successione completa di tipi vegetazionali, sia nel settore dunale che in quello peristagnale, inclusi i pi\u00f9 rari sistemi forestali caratteristici dei substrati sabbiosi, definiti come habitat prioritari. Si tratta della boscaglia a ginepro coccolone e ginepro turbinato (habitat delle \u201cDune costiere con Juniperus spp.\u201d) e della pineta spontanea a pino d\u2019Aleppo (habitat delle \u201cForeste dunari di Pinus pinea e\/o Pinus pinaster\u201d.<\/p>\n<p>La duna primaria ospita una ricca diversit\u00e0 di specie annuali che fioriscono in primavera.<\/p>\n<div id=\"attachment_3727\" style=\"width: 778px\" class=\"wp-caption alignnone\"><img loading=\"lazy\" decoding=\"async\" aria-describedby=\"caption-attachment-3727\" class=\"size-full wp-image-3727\" src=\"http:\/\/sites.unica.it\/coastalandmarinegeologygroup\/files\/2016\/06\/DSC_7927.jpg\" alt=\"Medicago littoralis\" width=\"768\" height=\"575\" srcset=\"https:\/\/sites.unica.it\/coastalandmarinegeologygroup\/files\/2016\/06\/DSC_7927.jpg 768w, https:\/\/sites.unica.it\/coastalandmarinegeologygroup\/files\/2016\/06\/DSC_7927-300x225.jpg 300w, https:\/\/sites.unica.it\/coastalandmarinegeologygroup\/files\/2016\/06\/DSC_7927-401x300.jpg 401w\" sizes=\"auto, (max-width: 768px) 100vw, 768px\" \/><p id=\"caption-attachment-3727\" class=\"wp-caption-text\">Medicago littoralis<\/p><\/div>\n<p>Silene colorata \u00e8 una specie abbondante sia sulla duna primaria che all\u2019interno della pineta a pino d\u2019Aleppo.<\/p>\n<div id=\"attachment_3725\" style=\"width: 778px\" class=\"wp-caption alignnone\"><img loading=\"lazy\" decoding=\"async\" aria-describedby=\"caption-attachment-3725\" class=\"size-full wp-image-3725\" src=\"http:\/\/sites.unica.it\/coastalandmarinegeologygroup\/files\/2016\/06\/DSC_7730.jpg\" alt=\"Silene colorata\" width=\"768\" height=\"575\" srcset=\"https:\/\/sites.unica.it\/coastalandmarinegeologygroup\/files\/2016\/06\/DSC_7730.jpg 768w, https:\/\/sites.unica.it\/coastalandmarinegeologygroup\/files\/2016\/06\/DSC_7730-300x225.jpg 300w, https:\/\/sites.unica.it\/coastalandmarinegeologygroup\/files\/2016\/06\/DSC_7730-401x300.jpg 401w\" sizes=\"auto, (max-width: 768px) 100vw, 768px\" \/><p id=\"caption-attachment-3725\" class=\"wp-caption-text\">Silene colorata<\/p><\/div>\n<p>Nei prati che si sviluppano sulle sabbie della duna e della pineta retrodunale si trovano anche diverse specie di orchidee spontanee.<\/p>\n<div id=\"attachment_3726\" style=\"width: 778px\" class=\"wp-caption alignnone\"><img loading=\"lazy\" decoding=\"async\" aria-describedby=\"caption-attachment-3726\" class=\"wp-image-3726 size-full\" src=\"http:\/\/sites.unica.it\/coastalandmarinegeologygroup\/files\/2016\/06\/DSC_7865.jpg\" alt=\"Ophrys speculum\" width=\"768\" height=\"575\" srcset=\"https:\/\/sites.unica.it\/coastalandmarinegeologygroup\/files\/2016\/06\/DSC_7865.jpg 768w, https:\/\/sites.unica.it\/coastalandmarinegeologygroup\/files\/2016\/06\/DSC_7865-300x225.jpg 300w, https:\/\/sites.unica.it\/coastalandmarinegeologygroup\/files\/2016\/06\/DSC_7865-401x300.jpg 401w\" sizes=\"auto, (max-width: 768px) 100vw, 768px\" \/><p id=\"caption-attachment-3726\" class=\"wp-caption-text\">Ophrys speculum<\/p><\/div>\n<p>Fra le specie perenni che maggiormente caratterizzano la flora della duna primaria e gli habitat delle \u201cdune mobili\u201d indicati dalla Direttiva \u201cHabitat\u201d c\u2019\u00e8 la calcatreppola marina (Eryngium maritimum).<\/p>\n<div id=\"attachment_3730\" style=\"width: 778px\" class=\"wp-caption alignnone\"><img loading=\"lazy\" decoding=\"async\" aria-describedby=\"caption-attachment-3730\" class=\"size-full wp-image-3730\" src=\"http:\/\/sites.unica.it\/coastalandmarinegeologygroup\/files\/2016\/06\/DSC_8229.jpg\" alt=\"Eryngium maritimum\" width=\"768\" height=\"575\" srcset=\"https:\/\/sites.unica.it\/coastalandmarinegeologygroup\/files\/2016\/06\/DSC_8229.jpg 768w, https:\/\/sites.unica.it\/coastalandmarinegeologygroup\/files\/2016\/06\/DSC_8229-300x225.jpg 300w, https:\/\/sites.unica.it\/coastalandmarinegeologygroup\/files\/2016\/06\/DSC_8229-401x300.jpg 401w\" sizes=\"auto, (max-width: 768px) 100vw, 768px\" \/><p id=\"caption-attachment-3730\" class=\"wp-caption-text\">Eryngium maritimum<\/p><\/div>\n<p>Un\u2019altra specie perenne particolarmente abbondante sulle dune di Porto Pino \u00e8 la camomilla delle spiagge (Anthemis maritima).<\/p>\n<div id=\"attachment_3729\" style=\"width: 778px\" class=\"wp-caption alignnone\"><img loading=\"lazy\" decoding=\"async\" aria-describedby=\"caption-attachment-3729\" class=\"size-full wp-image-3729\" src=\"http:\/\/sites.unica.it\/coastalandmarinegeologygroup\/files\/2016\/06\/DSC_8171.jpg\" alt=\"Anthemis maritima\" width=\"768\" height=\"575\" srcset=\"https:\/\/sites.unica.it\/coastalandmarinegeologygroup\/files\/2016\/06\/DSC_8171.jpg 768w, https:\/\/sites.unica.it\/coastalandmarinegeologygroup\/files\/2016\/06\/DSC_8171-300x225.jpg 300w, https:\/\/sites.unica.it\/coastalandmarinegeologygroup\/files\/2016\/06\/DSC_8171-401x300.jpg 401w\" sizes=\"auto, (max-width: 768px) 100vw, 768px\" \/><p id=\"caption-attachment-3729\" class=\"wp-caption-text\">Anthemis maritima<\/p><\/div>\n<p>Il giglio di mare (Pancratium maritimum) \u00e8 forse, fra le specie erbacee presenti sulle dune, quella pi\u00f9 nota, in quanto la sua fioritura avviene in estate.<\/p>\n<div id=\"attachment_3733\" style=\"width: 778px\" class=\"wp-caption alignnone\"><img loading=\"lazy\" decoding=\"async\" aria-describedby=\"caption-attachment-3733\" class=\"size-full wp-image-3733\" src=\"http:\/\/sites.unica.it\/coastalandmarinegeologygroup\/files\/2016\/06\/DSC_8378.jpg\" alt=\"Pancratium maritimum\" width=\"768\" height=\"575\" srcset=\"https:\/\/sites.unica.it\/coastalandmarinegeologygroup\/files\/2016\/06\/DSC_8378.jpg 768w, https:\/\/sites.unica.it\/coastalandmarinegeologygroup\/files\/2016\/06\/DSC_8378-300x225.jpg 300w, https:\/\/sites.unica.it\/coastalandmarinegeologygroup\/files\/2016\/06\/DSC_8378-401x300.jpg 401w\" sizes=\"auto, (max-width: 768px) 100vw, 768px\" \/><p id=\"caption-attachment-3733\" class=\"wp-caption-text\">Pancratium maritimum<\/p><\/div>\n<p>Le formazioni a ginepro coccolone (Juniperus oxycedrus ssp. macrocarpa) costituiscono veri e propri ecosistemi forestali sulla cresta delle dune. Costituiscono l\u2019habitat prioritario delle \u201cDune costiere con Juniperus spp.\u201d<\/p>\n<div id=\"attachment_3728\" style=\"width: 778px\" class=\"wp-caption alignnone\"><img loading=\"lazy\" decoding=\"async\" aria-describedby=\"caption-attachment-3728\" class=\"size-full wp-image-3728\" src=\"http:\/\/sites.unica.it\/coastalandmarinegeologygroup\/files\/2016\/06\/DSC_8092.jpg\" alt=\"Juniperus oxycedrus ssp. macrocarpa\" width=\"768\" height=\"575\" srcset=\"https:\/\/sites.unica.it\/coastalandmarinegeologygroup\/files\/2016\/06\/DSC_8092.jpg 768w, https:\/\/sites.unica.it\/coastalandmarinegeologygroup\/files\/2016\/06\/DSC_8092-300x225.jpg 300w, https:\/\/sites.unica.it\/coastalandmarinegeologygroup\/files\/2016\/06\/DSC_8092-401x300.jpg 401w\" sizes=\"auto, (max-width: 768px) 100vw, 768px\" \/><p id=\"caption-attachment-3728\" class=\"wp-caption-text\">Juniperus oxycedrus ssp. macrocarpa<\/p><\/div>\n<p>La pineta a pino d\u2019Aleppo si sviluppa prevalentemente nella fascia retrodunale, dove si presenta a tratti pi\u00f9 compatta e in altri settori pi\u00f9 diradata. Rientra tra le formazioni protette a livello comunitario come habitat prioritario, fra le tipologie delle \u201cDune con foreste di Pinus pinea e\/o Pinus pinaster\u201d.<\/p>\n<div id=\"attachment_3724\" style=\"width: 778px\" class=\"wp-caption alignnone\"><img loading=\"lazy\" decoding=\"async\" aria-describedby=\"caption-attachment-3724\" class=\"size-full wp-image-3724\" src=\"http:\/\/sites.unica.it\/coastalandmarinegeologygroup\/files\/2016\/06\/DSC_7697.jpg\" alt=\"Pinus halepensis\" width=\"768\" height=\"575\" srcset=\"https:\/\/sites.unica.it\/coastalandmarinegeologygroup\/files\/2016\/06\/DSC_7697.jpg 768w, https:\/\/sites.unica.it\/coastalandmarinegeologygroup\/files\/2016\/06\/DSC_7697-300x225.jpg 300w, https:\/\/sites.unica.it\/coastalandmarinegeologygroup\/files\/2016\/06\/DSC_7697-401x300.jpg 401w\" sizes=\"auto, (max-width: 768px) 100vw, 768px\" \/><p id=\"caption-attachment-3724\" class=\"wp-caption-text\">Pinus halepensis<\/p><\/div>\n<p>Nella foto successiva \u00e8 possibile riconoscere, sulla riva dello stagno, le formazioni a Chenopodiaceae alofile comunemente denominate \u201csalicornie\u201d, di colore rossastro, e in posizione pi\u00f9 elevata i giuncheti. Si tratta di aspetti vegetazionali inquadrati rispettivamente nell\u2019habitat delle \u201cPraterie e fruticeti alofili mediterranei a termo-atlantici (Sarcocornetea fruticosi)\u201d e dei \u201cPascoli inondati mediterranei (Juncetalia maritimi)\u201d.<\/p>\n<div id=\"attachment_3734\" style=\"width: 778px\" class=\"wp-caption alignnone\"><img loading=\"lazy\" decoding=\"async\" aria-describedby=\"caption-attachment-3734\" class=\"size-full wp-image-3734\" src=\"http:\/\/sites.unica.it\/coastalandmarinegeologygroup\/files\/2016\/06\/DSC_9029.jpg\" alt=\"Salicornie e giuncheti\" width=\"768\" height=\"575\" srcset=\"https:\/\/sites.unica.it\/coastalandmarinegeologygroup\/files\/2016\/06\/DSC_9029.jpg 768w, https:\/\/sites.unica.it\/coastalandmarinegeologygroup\/files\/2016\/06\/DSC_9029-300x225.jpg 300w, https:\/\/sites.unica.it\/coastalandmarinegeologygroup\/files\/2016\/06\/DSC_9029-401x300.jpg 401w\" sizes=\"auto, (max-width: 768px) 100vw, 768px\" \/><p id=\"caption-attachment-3734\" class=\"wp-caption-text\">Salicornie e giuncheti<\/p><\/div>\n<p style=\"text-align: center\"><a href=\"http:\/\/sites.unica.it\/coastalandmarinegeologygroup\/soss-dunes\/aspetti-botanici\/mappa-degli-habitat\/\">MAPPA DEGLI HABITAT<\/a><\/p>\n","protected":false},"excerpt":{"rendered":"<p>L\u2019Azione A.2 \u00e8 stata finalizzata alla conoscenza degli aspetti geobotanici dell\u2019area interessata dal Progetto. Sono stati pertanto eseguiti uno studio floristico e il rilevamento di tutti gli aspetti vegetazionali. L\u2019indagine floristica svolta sul campo ha portato [&hellip;]<\/p>\n","protected":false},"author":2003,"featured_media":0,"parent":1649,"menu_order":0,"comment_status":"closed","ping_status":"closed","template":"","meta":{"ngg_post_thumbnail":0,"footnotes":""},"class_list":["post-3704","page","type-page","status-publish","hentry"],"_links":{"self":[{"href":"https:\/\/sites.unica.it\/coastalandmarinegeologygroup\/wp-json\/wp\/v2\/pages\/3704","targetHints":{"allow":["GET"]}}],"collection":[{"href":"https:\/\/sites.unica.it\/coastalandmarinegeologygroup\/wp-json\/wp\/v2\/pages"}],"about":[{"href":"https:\/\/sites.unica.it\/coastalandmarinegeologygroup\/wp-json\/wp\/v2\/types\/page"}],"author":[{"embeddable":true,"href":"https:\/\/sites.unica.it\/coastalandmarinegeologygroup\/wp-json\/wp\/v2\/users\/2003"}],"replies":[{"embeddable":true,"href":"https:\/\/sites.unica.it\/coastalandmarinegeologygroup\/wp-json\/wp\/v2\/comments?post=3704"}],"version-history":[{"count":10,"href":"https:\/\/sites.unica.it\/coastalandmarinegeologygroup\/wp-json\/wp\/v2\/pages\/3704\/revisions"}],"predecessor-version":[{"id":3747,"href":"https:\/\/sites.unica.it\/coastalandmarinegeologygroup\/wp-json\/wp\/v2\/pages\/3704\/revisions\/3747"}],"up":[{"embeddable":true,"href":"https:\/\/sites.unica.it\/coastalandmarinegeologygroup\/wp-json\/wp\/v2\/pages\/1649"}],"wp:attachment":[{"href":"https:\/\/sites.unica.it\/coastalandmarinegeologygroup\/wp-json\/wp\/v2\/media?parent=3704"}],"curies":[{"name":"wp","href":"https:\/\/api.w.org\/{rel}","templated":true}]}}