{"id":365,"date":"2012-12-18T09:38:42","date_gmt":"2012-12-18T09:38:42","guid":{"rendered":"http:\/\/webgis.osservatoriocostesardegna.com\/oceans\/?page_id=365"},"modified":"2012-12-18T09:38:42","modified_gmt":"2012-12-18T09:38:42","slug":"prodotti-divulgativi","status":"publish","type":"page","link":"https:\/\/sites.unica.it\/coastalandmarinegeologygroup\/pubblicazioni\/prodotti-divulgativi\/","title":{"rendered":"Prodotti divulgativi"},"content":{"rendered":"<h2 style=\"font-size: 1.4em;text-align: center\" align=\"center\">Decalogo per la gestione delle Spiagge Sarde<\/h2>\n<p style=\"text-align: center\" align=\"center\"><img loading=\"lazy\" decoding=\"async\" class=\"aligncenter  wp-image-587\" style=\"border: 0px\" title=\"x unica.cdr\" src=\"http:\/\/sites.unica.it\/coastalandmarinegeologygroup\/files\/2013\/02\/decalogo.jpg\" alt=\"\" width=\"570\" height=\"381\" srcset=\"https:\/\/sites.unica.it\/coastalandmarinegeologygroup\/files\/2013\/02\/decalogo.jpg 570w, https:\/\/sites.unica.it\/coastalandmarinegeologygroup\/files\/2013\/02\/decalogo-300x201.jpg 300w, https:\/\/sites.unica.it\/coastalandmarinegeologygroup\/files\/2013\/02\/decalogo-449x300.jpg 449w\" sizes=\"auto, (max-width: 570px) 100vw, 570px\" \/><\/p>\n<p align=\"center\"><img loading=\"lazy\" decoding=\"async\" class=\"alignnone  wp-image-867\" style=\"border: 0px\" title=\"Loghi INTERREG\" src=\"http:\/\/sites.unica.it\/coastalandmarinegeologygroup\/files\/2013\/04\/Loghi-INTERREG.jpg\" alt=\"\" width=\"400\" height=\"83\" srcset=\"https:\/\/sites.unica.it\/coastalandmarinegeologygroup\/files\/2013\/04\/Loghi-INTERREG.jpg 572w, https:\/\/sites.unica.it\/coastalandmarinegeologygroup\/files\/2013\/04\/Loghi-INTERREG-300x62.jpg 300w, https:\/\/sites.unica.it\/coastalandmarinegeologygroup\/files\/2013\/04\/Loghi-INTERREG-500x103.jpg 500w\" sizes=\"auto, (max-width: 400px) 100vw, 400px\" \/><\/p>\n<p style=\"text-align: center\" align=\"center\"><strong style=\"color: #000000;text-align: justify\">Un Decalogo per conservare le spiagge della Sardegna<\/strong><\/p>\n<p style=\"text-align: justify\">Il progetto <strong>GERER &#8220;Gestion int\u00e8gr\u00e8e de l\u2019environnement \u00e0 haute risque d\u2019\u00e8rosion&#8221; (Gestione ambientale integrata in localit\u00e0 ad elevato rischio di erosione)<\/strong> ha la finalit\u00e0 di aumentare la sensibilizzazione e la conoscenza sui sistemi di spiaggia della Sardegna e della Corsica. La divulgazione rappresenta una azione fondamentale del percorso intrapreso da GERER.<br \/>\nL&#8217;idea del decalogo nasce con lo scopo di diffondere alcuni suggerimenti a chi fruisce del bene e a chi lo deve tutelare, sulle pratiche da adottare per gestire in modo consapevole il patrimonio ambientale ed economico rappresentato dalle spiagge, continuando a perseguire la ricerca di soluzioni adeguate ai problemi specifici che si manifestano sulle spiagge, da affrontare caso per caso.<br \/>\nIn questi termini il decalogo contiene alcuni principi ed elementi di attenzione di base che costituiscono i punti di partenza per la costruzione del \u201c<strong>Manuale delle buone pratiche per la gestione delle spiagge<\/strong>\u201d previsto dal Progetto INTERREG IIIA GERER.<\/p>\n<h2 style=\"text-align: justify\" align=\"center\"><strong>Principi e definizioni<\/strong><\/h2>\n<p style=\"text-align: justify\">La spiaggia \u00e8 un pezzo del mare e non della terra.<\/p>\n<p style=\"text-align: justify\">La spiaggia \u00e8 un tratto di costa sabbiosa, tra la terra e il mare, molto pi\u00f9 ampio di quanto normalmente siamo abituati a pensare, che pu\u00f2 comprendere zone umide, dune, l&#8217;arenile e il fondale sabbioso della zona antistante.<\/p>\n<p style=\"text-align: justify\">La spiaggia non \u00e8 immobile ma cambia continuamente nell&#8217;arco dei giorni, delle stagioni, degli anni, dei millenni. Dobbiamo considerarla un &#8220;pezzo&#8221; del mare e non della terra.<\/p>\n<p style=\"text-align: justify\">Le spiagge ed i materiali di cui sono costituite rappresentano una straordinaria risorsa ambientale ed economica. Non sono riproducibili. L&#8217;uomo pu\u00f2 solo fare brutte copie.<\/p>\n<p style=\"text-align: justify\">La Posidonia non \u00e8 un&#8217;alga.<\/p>\n<p style=\"text-align: justify\">La Posidonia oceanica \u00e8 una pianta marina endemica del Mediterraneo, in grado di colonizzare vaste aree di fondo marino formando ampie distese verdi chiamate praterie estese dalla superficie fino a 40 metri di profondit\u00e0 in acque particolarmente limpide.<\/p>\n<p style=\"text-align: justify\">La prateria di Posidonia intrappola i sedimenti, attenua le onde e riduce la pendenza della spiaggia sommersa. Le foglie cadute della Posidonia sono frequentemente spiaggiate sugli arenili, specialmente durante l&#8217;inverno, formando strutture denominate &#8220;banquette&#8221; che proteggono le spiagge dall&#8217;erosione marina. Inoltre l&#8217;elevata biomassa animale a guscio carbonatico, presente nella prateria quando cessa il suo ciclo vitale produce una congrua parte di quei frammenti che, sottoforma di sedimenti carbonatici, andranno a ripascere le spiagge.<\/p>\n<p><strong>Decalogo per la gestione delle Spiagge Sarde in formato .PDF disponibile nelle seguenti lingue<\/strong><br \/>\n<a href=\"http:\/\/sites.unica.it\/coastalandmarinegeologygroup\/files\/2013\/02\/Poster-Decalogo-IT.pdf\"><img loading=\"lazy\" decoding=\"async\" style=\"margin-left: 10px;margin-right: 10px\" src=\"http:\/\/sites.unica.it\/coastalandmarinegeologygroup\/files\/2013\/02\/Flag_italy.gif\" alt=\"\" width=\"40\" height=\"28\" \/><\/a><a href=\"http:\/\/sites.unica.it\/coastalandmarinegeologygroup\/files\/2013\/02\/Poster-Decalogo-FR.pdf\" target=\"_blank\"><img loading=\"lazy\" decoding=\"async\" style=\"margin-left: 10px;margin-right: 10px\" src=\"http:\/\/sites.unica.it\/coastalandmarinegeologygroup\/files\/2013\/02\/Flag_france.gif\" alt=\"\" width=\"40\" height=\"28\" \/><\/a><a href=\"http:\/\/sites.unica.it\/coastalandmarinegeologygroup\/files\/2013\/02\/Poster-Decalogo-EN.pdf\" target=\"_blank\"><img loading=\"lazy\" decoding=\"async\" style=\"margin-left: 10px;margin-right: 10px\" src=\"http:\/\/sites.unica.it\/coastalandmarinegeologygroup\/files\/2013\/02\/Flag_union.gif\" alt=\"\" width=\"40\" height=\"28\" \/><\/a><a href=\"http:\/\/sites.unica.it\/coastalandmarinegeologygroup\/files\/2013\/02\/Poster-Decalogo-DE.pdf\" target=\"_blank\"><img loading=\"lazy\" decoding=\"async\" style=\"margin-left: 10px;margin-right: 10px\" src=\"http:\/\/sites.unica.it\/coastalandmarinegeologygroup\/files\/2013\/02\/Flag_german.gif\" alt=\"\" width=\"40\" height=\"28\" \/><\/a><\/p>\n<p style=\"font-size: 0.7em;text-align: left\">Si precisa che i File e gli elaborati del materiale sono protetti da copyright e non sono modificabili<\/p>\n<p style=\"font-size: 0.7em\"><img loading=\"lazy\" decoding=\"async\" class=\"alignnone  wp-image-868\" style=\"border: 0px\" title=\"Loghi Decalogo\" src=\"http:\/\/sites.unica.it\/coastalandmarinegeologygroup\/files\/2013\/04\/Loghi-Decalogo.jpg\" alt=\"\" width=\"1187\" height=\"262\" srcset=\"https:\/\/sites.unica.it\/coastalandmarinegeologygroup\/files\/2013\/04\/Loghi-Decalogo.jpg 1187w, https:\/\/sites.unica.it\/coastalandmarinegeologygroup\/files\/2013\/04\/Loghi-Decalogo-300x66.jpg 300w, https:\/\/sites.unica.it\/coastalandmarinegeologygroup\/files\/2013\/04\/Loghi-Decalogo-1024x226.jpg 1024w, https:\/\/sites.unica.it\/coastalandmarinegeologygroup\/files\/2013\/04\/Loghi-Decalogo-500x110.jpg 500w\" sizes=\"auto, (max-width: 1187px) 100vw, 1187px\" \/><\/p>\n<p style=\"font-size: 0.7em;text-align: center\">_________________________________________________________________________________<\/p>\n<h2 style=\"font-size: 1.4em;text-align: center\" align=\"center\">Documentari<\/h2>\n<p style=\"text-align: center\"><a title=\"Documentari\" href=\"http:\/\/webgis.osservatoriocostesardegna.com\/oceans\/?page_id=1140\"><img loading=\"lazy\" decoding=\"async\" class=\"aligncenter size-full wp-image-1145\" title=\"Documentari\" src=\"http:\/\/sites.unica.it\/coastalandmarinegeologygroup\/files\/2013\/06\/Documentari.jpg\" alt=\"\" width=\"555\" height=\"293\" srcset=\"https:\/\/sites.unica.it\/coastalandmarinegeologygroup\/files\/2013\/06\/Documentari.jpg 555w, https:\/\/sites.unica.it\/coastalandmarinegeologygroup\/files\/2013\/06\/Documentari-300x158.jpg 300w, https:\/\/sites.unica.it\/coastalandmarinegeologygroup\/files\/2013\/06\/Documentari-500x264.jpg 500w\" sizes=\"auto, (max-width: 555px) 100vw, 555px\" \/><\/a><\/p>\n<p style=\"text-align: center\">Cliccare sull&#8217;immagine per visualizzare i video<\/p>\n<p style=\"font-size: 0.7em;text-align: center\">_________________________________________________________________________________<\/p>\n<h2 style=\"font-size: 1.4em;text-align: center\">Cartello Buone Pratiche<\/h2>\n<p style=\"text-align: justify\">Il Comune di Palau (OT), come Capofila del progetto, ha gi\u00e0 adottato le buone pratiche gestionali:<\/p>\n<p style=\"text-align: justify\">Non rimozione della Posidonia spiaggiata (<em>Banquette<\/em>);<br \/>\nPulizia a mano delle spiagge;<br \/>\nSpostamento di strade, parcheggi e servizi a monte della retrospiaggia;<br \/>\nMitigazione degli impatti da ancoraggio sulla Prateria di Posidonia;<br \/>\nFormazione di uno staff tecnico comunale specializzato sugli ambienti marino-costieri.<\/p>\n<p><img loading=\"lazy\" decoding=\"async\" class=\"alignnone  wp-image-634\" style=\"margin-left: 20px\" title=\"cartello\" src=\"http:\/\/sites.unica.it\/coastalandmarinegeologygroup\/files\/2013\/02\/foto_cartello.jpg\" alt=\"\" width=\"349\" height=\"270\" srcset=\"https:\/\/sites.unica.it\/coastalandmarinegeologygroup\/files\/2013\/02\/foto_cartello.jpg 388w, https:\/\/sites.unica.it\/coastalandmarinegeologygroup\/files\/2013\/02\/foto_cartello-300x232.jpg 300w\" sizes=\"auto, (max-width: 349px) 100vw, 349px\" \/><a href=\"http:\/\/sites.unica.it\/coastalandmarinegeologygroup\/files\/2013\/02\/Cartello_spiagge.pdf\"><img loading=\"lazy\" decoding=\"async\" class=\"alignnone  wp-image-635\" title=\"Cartello_spiagge mini\" src=\"http:\/\/sites.unica.it\/coastalandmarinegeologygroup\/files\/2013\/02\/Cartello_spiagge-mini.jpg\" alt=\"\" width=\"169\" height=\"270\" \/><\/a><\/p>\n<p><img loading=\"lazy\" decoding=\"async\" class=\"alignnone  wp-image-868\" style=\"border: 0px\" title=\"Loghi Decalogo\" src=\"http:\/\/sites.unica.it\/coastalandmarinegeologygroup\/files\/2013\/04\/Loghi-Decalogo.jpg\" alt=\"\" width=\"1187\" height=\"262\" srcset=\"https:\/\/sites.unica.it\/coastalandmarinegeologygroup\/files\/2013\/04\/Loghi-Decalogo.jpg 1187w, https:\/\/sites.unica.it\/coastalandmarinegeologygroup\/files\/2013\/04\/Loghi-Decalogo-300x66.jpg 300w, https:\/\/sites.unica.it\/coastalandmarinegeologygroup\/files\/2013\/04\/Loghi-Decalogo-1024x226.jpg 1024w, https:\/\/sites.unica.it\/coastalandmarinegeologygroup\/files\/2013\/04\/Loghi-Decalogo-500x110.jpg 500w\" sizes=\"auto, (max-width: 1187px) 100vw, 1187px\" \/><\/p>\n","protected":false},"excerpt":{"rendered":"<p>Decalogo per la gestione delle Spiagge Sarde Un Decalogo per conservare le spiagge della Sardegna Il progetto GERER &#8220;Gestion int\u00e8gr\u00e8e de l\u2019environnement \u00e0 haute risque d\u2019\u00e8rosion&#8221; (Gestione ambientale integrata in localit\u00e0 ad elevato rischio di erosione) [&hellip;]<\/p>\n","protected":false},"author":2003,"featured_media":0,"parent":9,"menu_order":30,"comment_status":"closed","ping_status":"closed","template":"","meta":{"ngg_post_thumbnail":0,"footnotes":""},"class_list":["post-365","page","type-page","status-publish","hentry"],"_links":{"self":[{"href":"https:\/\/sites.unica.it\/coastalandmarinegeologygroup\/wp-json\/wp\/v2\/pages\/365","targetHints":{"allow":["GET"]}}],"collection":[{"href":"https:\/\/sites.unica.it\/coastalandmarinegeologygroup\/wp-json\/wp\/v2\/pages"}],"about":[{"href":"https:\/\/sites.unica.it\/coastalandmarinegeologygroup\/wp-json\/wp\/v2\/types\/page"}],"author":[{"embeddable":true,"href":"https:\/\/sites.unica.it\/coastalandmarinegeologygroup\/wp-json\/wp\/v2\/users\/2003"}],"replies":[{"embeddable":true,"href":"https:\/\/sites.unica.it\/coastalandmarinegeologygroup\/wp-json\/wp\/v2\/comments?post=365"}],"version-history":[{"count":0,"href":"https:\/\/sites.unica.it\/coastalandmarinegeologygroup\/wp-json\/wp\/v2\/pages\/365\/revisions"}],"up":[{"embeddable":true,"href":"https:\/\/sites.unica.it\/coastalandmarinegeologygroup\/wp-json\/wp\/v2\/pages\/9"}],"wp:attachment":[{"href":"https:\/\/sites.unica.it\/coastalandmarinegeologygroup\/wp-json\/wp\/v2\/media?parent=365"}],"curies":[{"name":"wp","href":"https:\/\/api.w.org\/{rel}","templated":true}]}}