{"id":1300,"date":"2013-11-12T11:56:17","date_gmt":"2013-11-12T11:56:17","guid":{"rendered":"http:\/\/www.osservatoriocostesardegna.eu\/?page_id=1300"},"modified":"2013-11-12T11:56:17","modified_gmt":"2013-11-12T11:56:17","slug":"centenario","status":"publish","type":"page","link":"https:\/\/sites.unica.it\/coastalandmarinegeologygroup\/centenario\/","title":{"rendered":"Celebrazione del centenario"},"content":{"rendered":"<p style=\"text-align: justify\"><img loading=\"lazy\" decoding=\"async\" class=\"aligncenter  wp-image-1255\" title=\"locandina completa\" src=\"http:\/\/sites.unica.it\/coastalandmarinegeologygroup\/files\/2013\/10\/locandina-completa.jpg\" alt=\"\" width=\"600\" height=\"878\" srcset=\"https:\/\/sites.unica.it\/coastalandmarinegeologygroup\/files\/2013\/10\/locandina-completa.jpg 600w, https:\/\/sites.unica.it\/coastalandmarinegeologygroup\/files\/2013\/10\/locandina-completa-205x300.jpg 205w\" sizes=\"auto, (max-width: 600px) 100vw, 600px\" \/><br \/>\nSi \u00e8 svolta il 25 ottobre, presso l\u2019aula magna \u201cPrimo Longobardo\u201d, della scuola sottoufficiali di La Maddalena, la conferenza celebrativa sui cento anni di attivit\u00e0 del faro di Punta Sardegna, ubicato a Palau, sede dal 2005 dell\u2019Osservatorio Coste e Ambiente Naturale Sottomarino (O.C.E.A.N.S.).<\/p>\n<p style=\"text-align: justify\">Sono intervenuti alla conferenza, coordinata dal giornalista di RAITRE Ottavio Olita: l\u2019Ammiraglio Gualtiero Mattesi, comandante di Marisardegna; il Prof. Giovanni Melis, Magnifico Rettore dell\u2019Universit\u00e0 di Cagliari; Francesco Pala, sindaco del Comune di\u00a0Palau; Giuseppe Maruccia, comandante di Marifari La Maddalena; la Dott.ssa Celeste Meloni, dirigente del settore ambiente del Comune di Palau; il Prof. Antonio Brambati e il Prof. Giorgio Fontolan dell\u2019Universit\u00e0 degli studi di Trieste; il Prof. Sandro De Muro, cofondatore dell\u2019Osservatorio Coste E Ambiente Naturale Sottomarino (O.C.E.A.N.S.) e coordinatore scientifico del Coastal and Marine\u00a0Geomorphology Group del Dipartimento di Scienze Chimiche e Geologiche dell\u2019Universit\u00e0 di Cagliari.<\/p>\n<p style=\"text-align: justify\">Durante la conferenza, svoltasi alla presenza degli allievi della Scuola Sottoufficiali M. M. di La Maddalena, di rappresentanti e studenti delle scuole superiori di La Maddalena e Palau, \u00e8 stata raccontata la storia della cooperazione fra Marina Militare, Universit\u00e0 di Trieste e di Cagliari, Comune di Palau e Provincia Olbia-Tempio e sono stati affrontati temi quali:<br \/>\n&#8211; Il Progetto OCEANS. Capitalizzare le esperienze e rafforzare la cooperazione tra Regioni costiere del Mediterraneo<br \/>\n&#8211; Le nuove frontiere delle ricerche sulla gestione dei litorali in Italia: la partnership scientifica nell\u2019ambito del progetto Ritmare \u2013 Sottoprogetto Costiero<br \/>\n&#8211; L\u2019attivit\u00e0 scientifica e didattica dell\u2019 Osservatorio Coste e Ambiente Naturale Sottomarino<\/p>\n<p style=\"text-align: justify\">A cento anni dalla sua costruzione e attivazione, il faro di Punta Sardegna, oltre a mantenere la sua funzione originaria, svolge un ruolo attivo di supporto alla formazione di studenti dei corsi di laurea in Scienze Naturali e Scienze Geologiche e di laboratorio avanzato per la ricerca scientifica e la tutela ambientale delle coste e del mare.<br \/>\nL\u2019 O.C.E.A.N.S., nato inizialmente per soddisfare un\u2019esigenza di formazione sul campo, legata alla necessit\u00e0 di avere una base operativa sul mare adatta per formare giovani studenti universitari alle attivit\u00e0 di rilevamento costiero e subacqueo, \u00e8 oggi una realt\u00e0 estremamente operativa capace in otto anni di acquisire una importante banca dati su oltre 35 spiagge della Sardegna e fornire un indirizzo metodologico innovativo e moderno sulle tecniche di studio e monitoraggio delle coste.<br \/>\nLa missione fondamentale \u00e8 ampiamente descritta alla pagina <a href=\"http:\/\/www.osservatoriocostesardegna.eu\/?page_id=885\">O.C.E.A.N.S.<\/a><\/p>\n<p style=\"text-align: justify\">Si riportano di seguito gli interventi dei relatori (video integrale della conferenza) svolti nella prima parte della giornata, a La Maddalena, e brevi video e immagini relativi alla seconda parte dell\u2019attivit\u00e0 del 25\/10\/2013 con la visita ai laboratori e alla struttura del faro presso Punta Sardegna (Palau).<br \/>\nLa giornata di studio e di celebrazione \u00e8 stata realizzata con il patrocinio della Marina Militare, del Comune di Palau e con il contributo del progetto di ricerca RAS \u201cBeach Environment, management And Coastal Hazard &#8211; <a title=\"B.E.A.C.H. \u2013 RAS\" href=\"http:\/\/www.osservatoriocostesardegna.eu\/?page_id=42\">B.E.A.C.H.<\/a>\u201d .<\/p>\n<p>http:\/\/youtu.be\/o0dChLMXlCw<\/p>\n<p>L&#8217;evento \u00e8 stato\u00a0seguito anche dai giornalisti RAI: il\u00a0servizio televisivo\u00a0dedicato \u00e8 andato in onda sul TGR il 09\/11\/2013 e pu\u00f2 essere visionato al seguente link: <a href=\"http:\/\/www.rai.tv\/dl\/RaiTV\/programmi\/media\/ContentItem-7b473c69-ff53-4e9c-b6e0-5edd136ac794-tgr.html#p=0\">http:\/\/www.rai.tv\/dl\/RaiTV\/programmi\/media\/ContentItem-7b473c69-ff53-4e9c-b6e0-5edd136ac794-tgr.html#p=0<\/a>\u00a0a partire dal minuto 18:58<\/p>\n<p><a href=\"http:\/\/gallurainformazione.net\/palau-i-centanni-del-faro-di-punta-sardegna-2\/\" target=\"_blank\">Palau. I cent&#8217;anni del Faro di Punta Sardegna &#8211; a cura di Claudio Ronchi<\/a><\/p>\n<p><img loading=\"lazy\" decoding=\"async\" class=\"alignnone  wp-image-1353\" style=\"border: 0px\" title=\"2013_10_25 OCEANS Centenario 6\" src=\"http:\/\/sites.unica.it\/coastalandmarinegeologygroup\/files\/2013\/12\/2013_10_25-OCEANS-Centenario-6.jpg\" alt=\"\" width=\"1728\" height=\"1152\" srcset=\"https:\/\/sites.unica.it\/coastalandmarinegeologygroup\/files\/2013\/12\/2013_10_25-OCEANS-Centenario-6.jpg 1728w, https:\/\/sites.unica.it\/coastalandmarinegeologygroup\/files\/2013\/12\/2013_10_25-OCEANS-Centenario-6-300x200.jpg 300w, https:\/\/sites.unica.it\/coastalandmarinegeologygroup\/files\/2013\/12\/2013_10_25-OCEANS-Centenario-6-1024x683.jpg 1024w, https:\/\/sites.unica.it\/coastalandmarinegeologygroup\/files\/2013\/12\/2013_10_25-OCEANS-Centenario-6-450x300.jpg 450w\" sizes=\"auto, (max-width: 1728px) 100vw, 1728px\" \/><\/p>\n<p><img loading=\"lazy\" decoding=\"async\" class=\"alignnone  wp-image-1372\" style=\"border: 0px\" title=\"1b\" src=\"http:\/\/sites.unica.it\/coastalandmarinegeologygroup\/files\/2013\/12\/1b.jpg\" alt=\"\" width=\"800\" height=\"534\" srcset=\"https:\/\/sites.unica.it\/coastalandmarinegeologygroup\/files\/2013\/12\/1b.jpg 800w, https:\/\/sites.unica.it\/coastalandmarinegeologygroup\/files\/2013\/12\/1b-300x200.jpg 300w, https:\/\/sites.unica.it\/coastalandmarinegeologygroup\/files\/2013\/12\/1b-449x300.jpg 449w\" sizes=\"auto, (max-width: 800px) 100vw, 800px\" \/><\/p>\n<p><img loading=\"lazy\" decoding=\"async\" class=\"alignnone  wp-image-1373\" style=\"border: 0px\" title=\"2\" src=\"http:\/\/sites.unica.it\/coastalandmarinegeologygroup\/files\/2013\/12\/2.jpg\" alt=\"\" width=\"800\" height=\"534\" srcset=\"https:\/\/sites.unica.it\/coastalandmarinegeologygroup\/files\/2013\/12\/2.jpg 800w, https:\/\/sites.unica.it\/coastalandmarinegeologygroup\/files\/2013\/12\/2-300x200.jpg 300w, https:\/\/sites.unica.it\/coastalandmarinegeologygroup\/files\/2013\/12\/2-449x300.jpg 449w\" sizes=\"auto, (max-width: 800px) 100vw, 800px\" \/><\/p>\n<p><img loading=\"lazy\" decoding=\"async\" class=\"alignnone  wp-image-1356\" style=\"border: 0px\" title=\"2013_10_25 OCEANS Centenario 11\" src=\"http:\/\/sites.unica.it\/coastalandmarinegeologygroup\/files\/2013\/12\/2013_10_25-OCEANS-Centenario-11.jpg\" alt=\"\" width=\"1728\" height=\"1152\" srcset=\"https:\/\/sites.unica.it\/coastalandmarinegeologygroup\/files\/2013\/12\/2013_10_25-OCEANS-Centenario-11.jpg 1728w, https:\/\/sites.unica.it\/coastalandmarinegeologygroup\/files\/2013\/12\/2013_10_25-OCEANS-Centenario-11-300x200.jpg 300w, https:\/\/sites.unica.it\/coastalandmarinegeologygroup\/files\/2013\/12\/2013_10_25-OCEANS-Centenario-11-1024x683.jpg 1024w, https:\/\/sites.unica.it\/coastalandmarinegeologygroup\/files\/2013\/12\/2013_10_25-OCEANS-Centenario-11-450x300.jpg 450w\" sizes=\"auto, (max-width: 1728px) 100vw, 1728px\" \/><\/p>\n<p><img loading=\"lazy\" decoding=\"async\" class=\"alignnone  wp-image-1355\" style=\"border: 0px\" title=\"2013_10_25 OCEANS Centenario 10\" src=\"http:\/\/sites.unica.it\/coastalandmarinegeologygroup\/files\/2013\/12\/2013_10_25-OCEANS-Centenario-10.jpg\" alt=\"\" width=\"1728\" height=\"1152\" srcset=\"https:\/\/sites.unica.it\/coastalandmarinegeologygroup\/files\/2013\/12\/2013_10_25-OCEANS-Centenario-10.jpg 1728w, https:\/\/sites.unica.it\/coastalandmarinegeologygroup\/files\/2013\/12\/2013_10_25-OCEANS-Centenario-10-300x200.jpg 300w, https:\/\/sites.unica.it\/coastalandmarinegeologygroup\/files\/2013\/12\/2013_10_25-OCEANS-Centenario-10-1024x683.jpg 1024w, https:\/\/sites.unica.it\/coastalandmarinegeologygroup\/files\/2013\/12\/2013_10_25-OCEANS-Centenario-10-450x300.jpg 450w\" sizes=\"auto, (max-width: 1728px) 100vw, 1728px\" \/><\/p>\n<p><img loading=\"lazy\" decoding=\"async\" class=\"alignnone  wp-image-1359\" style=\"border: 0px\" title=\"2013_10_25 OCEANS Centenario 14\" src=\"http:\/\/sites.unica.it\/coastalandmarinegeologygroup\/files\/2013\/12\/2013_10_25-OCEANS-Centenario-14.jpg\" alt=\"\" width=\"1728\" height=\"1152\" srcset=\"https:\/\/sites.unica.it\/coastalandmarinegeologygroup\/files\/2013\/12\/2013_10_25-OCEANS-Centenario-14.jpg 1728w, https:\/\/sites.unica.it\/coastalandmarinegeologygroup\/files\/2013\/12\/2013_10_25-OCEANS-Centenario-14-300x200.jpg 300w, https:\/\/sites.unica.it\/coastalandmarinegeologygroup\/files\/2013\/12\/2013_10_25-OCEANS-Centenario-14-1024x683.jpg 1024w, https:\/\/sites.unica.it\/coastalandmarinegeologygroup\/files\/2013\/12\/2013_10_25-OCEANS-Centenario-14-450x300.jpg 450w\" sizes=\"auto, (max-width: 1728px) 100vw, 1728px\" \/><\/p>\n<p>ngg_shortcode_0_placeholderAlcune immagini delle celebrazioni sono inoltre presenti nella sezione\u00a0<a href=\"http:\/\/www.unica.it\/pub\/7\/show.jsp?id=24122&amp;iso=97&amp;is=7\" target=\"_blank\">News Eventi del sito UNICA<\/a><\/p>\n<p>\/\/ <\/p>\n<div class=\"fb-post\">\n<div class=\"fb-xfbml-parse-ignore\"><a href=\"https:\/\/www.facebook.com\/photo.php?v=604509236279761\">post<\/a> di <a href=\"https:\/\/www.facebook.com\/comunedipalau\">Comune di Palau<\/a>.<\/div>\n<\/div>\n<p><iframe loading=\"lazy\" title=\"Convegno celebrativo del centenario del faro di Punta Sardegna\" width=\"500\" height=\"281\" src=\"https:\/\/www.youtube.com\/embed\/7qfGd9azNwA?feature=oembed\" frameborder=\"0\" allow=\"accelerometer; autoplay; clipboard-write; encrypted-media; gyroscope; picture-in-picture; web-share\" referrerpolicy=\"strict-origin-when-cross-origin\" allowfullscreen><\/iframe><\/p>\n","protected":false},"excerpt":{"rendered":"<p>Si \u00e8 svolta il 25 ottobre, presso l\u2019aula magna \u201cPrimo Longobardo\u201d, della scuola sottoufficiali di La Maddalena, la conferenza celebrativa sui cento anni di attivit\u00e0 del faro di Punta Sardegna, ubicato a Palau, sede dal 2005 [&hellip;]<\/p>\n","protected":false},"author":2003,"featured_media":0,"parent":0,"menu_order":0,"comment_status":"closed","ping_status":"closed","template":"","meta":{"ngg_post_thumbnail":0,"footnotes":""},"class_list":["post-1300","page","type-page","status-publish","hentry"],"_links":{"self":[{"href":"https:\/\/sites.unica.it\/coastalandmarinegeologygroup\/wp-json\/wp\/v2\/pages\/1300","targetHints":{"allow":["GET"]}}],"collection":[{"href":"https:\/\/sites.unica.it\/coastalandmarinegeologygroup\/wp-json\/wp\/v2\/pages"}],"about":[{"href":"https:\/\/sites.unica.it\/coastalandmarinegeologygroup\/wp-json\/wp\/v2\/types\/page"}],"author":[{"embeddable":true,"href":"https:\/\/sites.unica.it\/coastalandmarinegeologygroup\/wp-json\/wp\/v2\/users\/2003"}],"replies":[{"embeddable":true,"href":"https:\/\/sites.unica.it\/coastalandmarinegeologygroup\/wp-json\/wp\/v2\/comments?post=1300"}],"version-history":[{"count":0,"href":"https:\/\/sites.unica.it\/coastalandmarinegeologygroup\/wp-json\/wp\/v2\/pages\/1300\/revisions"}],"wp:attachment":[{"href":"https:\/\/sites.unica.it\/coastalandmarinegeologygroup\/wp-json\/wp\/v2\/media?parent=1300"}],"curies":[{"name":"wp","href":"https:\/\/api.w.org\/{rel}","templated":true}]}}