{"id":1930,"date":"2018-04-12T14:35:29","date_gmt":"2018-04-12T14:35:29","guid":{"rendered":"http:\/\/sites.unica.it\/cisap\/?page_id=1930"},"modified":"2018-05-16T19:32:03","modified_gmt":"2018-05-16T19:32:03","slug":"congresso_naciones_otras","status":"publish","type":"page","link":"https:\/\/sites.unica.it\/cisap\/congresso_naciones_otras\/","title":{"rendered":"Congresso &#8220;Naciones Otras&#8221;"},"content":{"rendered":"<p style=\"text-align: center\"><a href=\"http:\/\/sites.unica.it\/cisap\/files\/2018\/04\/bozza_locandina_congresso.jpg\"><img loading=\"lazy\" decoding=\"async\" class=\"size-full wp-image-2034 aligncenter\" src=\"http:\/\/sites.unica.it\/cisap\/files\/2018\/04\/bozza_locandina_congresso.jpg\" alt=\"\" width=\"2480\" height=\"3508\" srcset=\"https:\/\/sites.unica.it\/cisap\/files\/2018\/04\/bozza_locandina_congresso.jpg 2480w, https:\/\/sites.unica.it\/cisap\/files\/2018\/04\/bozza_locandina_congresso-212x300.jpg 212w, https:\/\/sites.unica.it\/cisap\/files\/2018\/04\/bozza_locandina_congresso-768x1086.jpg 768w, https:\/\/sites.unica.it\/cisap\/files\/2018\/04\/bozza_locandina_congresso-724x1024.jpg 724w\" sizes=\"auto, (max-width: 2480px) 100vw, 2480px\" \/><\/a><\/p>\n<h1 style=\"text-align: center\"><a href=\"http:\/\/sites.unica.it\/cisap\/files\/2018\/05\/Programma-Congresso-REV.pdf\">Programa\/Programme<\/a><\/h1>\n<p>&nbsp;<\/p>\n<p style=\"text-align: center\"><strong><em>Asociaci\u00f3n Internacional de Peruanistas<\/em><\/strong><\/p>\n<p style=\"text-align: center\"><strong><em> Revista de Cr\u00edtica Literaria Latinoamericana<\/em><\/strong><\/p>\n<p style=\"text-align: center\"><strong><em>Centro Interdepartamental de Estudios sobre Am\u00e9rica Pluriversal<\/em> <em>de la Universit\u00e0 degli Studi di Cagliari<\/em><\/strong><\/p>\n<h1 style=\"text-align: center\"><strong>Congreso Internacional<\/strong><\/h1>\n<h1 style=\"text-align: center\"><strong>NACIONES OTRAS<\/strong><\/h1>\n<p style=\"text-align: center\"><strong>28-29\/05\/2018<\/strong><\/p>\n<p style=\"text-align: justify\">A partir de las \u00faltimas d\u00e9cadas, parece clara a nivel global, continental y estatal la tendencia a reconocer, preservar y tutelar la diversidad \u00e9tnica y cultural en oposici\u00f3n a la tradicional verticalidad con que se han impuesto los estados-naci\u00f3n. La labor pol\u00edtica de los pueblos ind\u00edgenas, afrodescendientes, y las luchas civiles en general van abriendo, desde hace ya tiempo, fisuras y brechas en la pretendida visi\u00f3n monol\u00edtica uni-nacional, nacida en el siglo XIX. Las luchas por el reconocimiento y las autorepresentaciones, junto con las reivindicaciones por los derechos del medio ambiente y del territorio, parecen indicar un cambio total en la constituci\u00f3n estructural del Estado, tendencia que \u2013con las especificidades contextuales\u2013 se va dando a lo largo del planeta. Tanto en el Per\u00fa como en otros contextos socio-culturales, la naci\u00f3n \u00fanica es desafiada por <em>naciones otras<\/em> que buscan reconocimiento y autodeterminaci\u00f3n, ya sea dentro del marco estatal o a trav\u00e9s del planteamiento de otras formas de construir el Estado.<\/p>\n<p style=\"text-align: justify\">En el plano internacional, un caso emblem\u00e1tico es a este prop\u00f3sito Palestina. La dispersi\u00f3n forzada de la mayor\u00eda de su poblaci\u00f3n aut\u00f3ctona ha creado distintas comunidades con diferentes ubicaciones geogr\u00e1ficas y ambientales. La b\u00fasqueda de nuevas formas de autorepresentaci\u00f3n y reclamaciones de identidad se diferencia respecto al contexto socio-cultural y geopol\u00edtico. No todas las comunidades no desplazadas reclaman el Estado-naci\u00f3n, sino que se destacan tendencias que aspiran al estado bi-nacional, especialmente entre las personas que viven en los m\u00e1rgenes de la sociedad colonial, mientras que aquellas dislocadas ven en el retorno a la patria el pilar del reconocimiento de los derechos, independientemente de la organizaci\u00f3n estatal. Investigar los cambios en las formas de autorepresentaci\u00f3n abre una ventana en la evoluci\u00f3n del pensamiento pol\u00edtico en las sociedades analizadas.<\/p>\n<p style=\"text-align: justify\">En el caso peruano, son desde hace d\u00e9cadas evidentes los desplazamientos forzados de grupos ind\u00edgenas y mestizos a partir de la crisis econ\u00f3mica bajo el modelo neoliberal y la guerra interna, as\u00ed como los desplazamientos de grupos amaz\u00f3nicos por el avance agresivo de la deforestaci\u00f3n y la vulnerabilidad de los derechos de esas comunidades e individuos.<\/p>\n<p style=\"text-align: justify\">Es a partir de estas premisas que la Asociaci\u00f3n Internacional de Peruanistas, junto con la <em>Revista de Cr\u00edtica Literaria Latinoamericana<\/em> y el Centro Interdepartamental de Estudios sobre Am\u00e9rica Pluriversal de la Universidad de Cagliari, convoca la comunidad cient\u00edfica a reflexionar sobre estos temas y a participar en el congreso internacional \u201cNaciones otras\u201d que se realizar\u00e1 en la Universidad de Cagliari (Italia) los d\u00edas lunes 28 y martes 29 de mayo del 2018. En esta ocasi\u00f3n, est\u00e1n invitadas\/os a participar estudiosos y estudiosas del contexto andino, amaz\u00f3nico y palestino, en el marco del proyecto <em>Epistemolog\u00edas Alter-nativas: talleres de autorepresentaci\u00f3n en Andes, Amazon\u00eda y Palestina (L.R. 7<\/em><em>\/2007)<\/em>. El objetivo es, de acuerdo con la tradici\u00f3n multidisciplinaria de la Asociaci\u00f3n, reflexionar a trav\u00e9s de la literatura, la historia, la ling\u00fc\u00edstica y las ciencias sociales y culturales sobre naciones otras.<\/p>\n<p>&nbsp;<\/p>\n<p style=\"text-align: center\"><strong>(ENG)<\/strong><\/p>\n<p style=\"text-align: justify\">Over the last few decades, a tendency to recognize, protect and preserve ethnic and cultural diversity has emerged at national, continental and global level, in stark contrast to the traditional verticality through which Nation-States have imposed themselves. The political activity of indigenous people and Afro-descendants, together with the civil fight have been making breaches to the alleged \u201cmonolithic\u201d uni-national vision, which emerged in the 19th century. The struggle for recognition and self-representation, as well as environmental and territorial claims seem to have prompted some structural change in the State. Within specific settings, this tendency is spreading throughout the world: in Peru and in other socio-cultural contexts alike, the uniqueness of the nation is challenged by\u00a0<em>other nations<\/em>\u00a0who are seeking recognition and self-determination within the State framework or by devising new forms of State building.<\/p>\n<p style=\"text-align: justify\">On an international level, the Palestinian issue is a case in point: the forced expulsion of the majority of its native population has given rise to different communities set in different environmental and geographical locations. The quest for new forms of self-representation and claims of identity manifests itself in different ways depending on the socio-cultural and geopolitical framework it takes place in. Not everyone belonging to the non-displaced community does actually claim a Nation-State of their own. Many of those living on the margins of settler colonial societies tend to aspire to a Bi-national State solution, whilst displaced communities usually see their return to their homeland as the pillar of their rights recognition, regardless of how the State is organized. Investigating such different forms of self-representation opens new doors on the evolution of political thought for the societies we shall focus on.<\/p>\n<p>&nbsp;<\/p>\n<p><strong>Comit\u00e9 Cient\u00edfico\/Scientific Committee<\/strong><\/p>\n<p>Jos\u00e9 Antonio Mazzotti (Tufts University, AIP y RCLL)<br \/>\nWasim Dahmash (Universit\u00e0 di Cagliari)<br \/>\nRiccardo Badini (Universit\u00e0 di Cagliari, CISAP)<br \/>\nUlises Juan Zevallos (Ohio State University, AIP y RCLL)<br \/>\nChristian Fern\u00e1ndez (Lousiana State University, AIP y RCLL)<br \/>\nDomenico Branca (Universit\u00e0 di Sassari, CISAP)<br \/>\nPaola Mancosu (Universit\u00e0 di Cagliari, CISAP)<br \/>\nStefano Pau (Universit\u00e0 di Cagliari, CISAP)<br \/>\nGiorgia Piras (Universit\u00e0 di Cagliari, CISAP)<br \/>\nMarco Ammar (Universit\u00e0 di Cagliari)<br \/>\nPamela Murgia (Universit\u00e0 di Cagliari)<\/p>\n<p><strong>Comit\u00e9 Organizador\/Organising Committee<\/strong><\/p>\n<p>Jos\u00e9 Antonio Mazzotti (Tufts University, AIP y RCLL)<br \/>\nWasim Dahmash (Universit\u00e0 di Cagliari)<br \/>\nRiccardo Badini (Universit\u00e0 di Cagliari, CISAP)<br \/>\nUlises Juan Zevallos (Ohio State University, AIP y RCLL)<br \/>\nChristian Fern\u00e1ndez (Lousiana State University, AIP y RCLL)<br \/>\nDomenico Branca (Universit\u00e0 di Sassari, CISAP)<br \/>\nPaola Mancosu (Universit\u00e0 di Cagliari, CISAP)<br \/>\nStefano Pau (Universit\u00e0 di Cagliari, CISAP)<br \/>\nGiorgia Piras (Universit\u00e0 di Cagliari, CISAP)<br \/>\nMarco Ammar (Universit\u00e0 di Cagliari)<br \/>\nPamela Murgia (Universit\u00e0 di Cagliari)<br \/>\nAnna Maria Brancato (Universit\u00e0 di Cagliari)<\/p>\n<p style=\"text-align: center\"><strong>Informaciones pr\u00e1cticas<\/strong><\/p>\n<p style=\"text-align: center\"><strong>C\u00d3MO LLEGAR AL CONGRESO<\/strong><\/p>\n<p style=\"text-align: center\"><strong>El Congreso tendr\u00e1 lugar en la Universidad de Cagliari, Facultad de Humanidades, sede de Campus Aresu, Via San Giorgio 12<\/strong><\/p>\n<p style=\"text-align: justify\"><em><strong>Desde el aeropuerto hasta el centro de Cagliari (Piazza Matteotti\/Via Roma)<\/strong><\/em><\/p>\n<p style=\"text-align: justify\">Se puede llegar <em>en tren<\/em> al centro de Cagliari. Hay que coger el tren desde la estaci\u00f3n del Aeropuerto de Elmas, que est\u00e1 a tan solo siete minutos andando de la terminal y los billetes se pueden adquirir en las m\u00e1quinas expendedoras (situadas en la zona de Llegadas o en la misma estaci\u00f3n), en l\u00ednea y en las taquillas autorizadas. El billete cuesta 1,30 \u20ac.<\/p>\n<p style=\"text-align: justify\"><em><strong>Desde el centro de Cagliari hasta el Aeropuerto de Elmas.<\/strong><\/em><\/p>\n<p style=\"text-align: justify\">Se puede coger el tren en la estaci\u00f3n de Piazza Matteotti y el viaje dura alrededor de siete minutos. Los billetes se pueden comprar al interior de la estaci\u00f3n (en la taquilla situada a la izquierda de la entrada principal o en las m\u00e1quinas expendedoras). El billete cuesta 1,30 \u20ac.<\/p>\n<p style=\"text-align: justify\">Para mayores informaciones y horarios consulte las p\u00e1ginas http:\/\/www.cagliariairport.it\/en\/local-transportation\/train.html y http:\/\/www.trenitalia.com\/<\/p>\n<p style=\"text-align: justify\"><em><strong>Desde el centro de Cagliari (Via Roma, Piazza Matteotti) hasta CAMPUS ARESU, Via San Giorgio, 12<\/strong><\/em><\/p>\n<p style=\"text-align: justify\">Puedes llegar a la sede del Congreso en autob\u00fas.<\/p>\n<p style=\"text-align: justify\">L\u00ednea 8 desde la parada capolinea Piazza Matteotti (\u201cdirecci\u00f3n Policlinico Universitario\u201d) hasta parada Santa Margherita \u2013 Parcheggi (4th stop)<br \/>\nPara mayores informaciones y horarios consulte la p\u00e1gina:\u00a0http:\/\/www.ctmcagliari.it\/linee_orari.php?linea=08&amp;verso=As&amp;palina=CF0042<\/p>\n<p>&nbsp;<\/p>\n<p style=\"text-align: center\"><strong>REACHING THE CONFERENCE VENUE<\/strong><br \/>\n<strong>The conference will be held at the University of Cagliari, Campus Aresu, Via San Giorgio, 12<\/strong><\/p>\n<p><em><strong>From the airport to Cagliari City Centre (Piazza Matteotti\/ Via Roma)<\/strong><\/em><\/p>\n<p>You can reach the centre of Cagliari\u00a0by train. You can take the train at the railway station of Elmas Airport. The station is only seven minutes\u2019 walk from the terminal building and the journey to Cagliari city centre (Piazza Matteotti) takes five to seven minutes. Tickets can be bought at the vending machines (located both in the Arrivals area of the air terminal and inside the train station), online and by official ticket counters. One ticket costs \u20ac 1,30.<\/p>\n<p><em><strong>From Cagliari City centre to Elmas Airport.<\/strong><\/em><\/p>\n<p>You can take the train in Piazza Matteotti train station; the journey to the airport takes about seven minutes. Tickets are sold inside the station at the tickets\u2019 office on the left and at the vending machines. One ticket costs \u20ac 1,30.For further information about routes and timetables, please visit\u00a0http:\/\/www.cagliariairport.it\/en\/local-transportation\/train.html\u00a0and\u00a0http:\/\/www.trenitalia.com\/\u00a0(select from Elmas Aeroporto to Cagliari and vice versa).<\/p>\n<p><em><strong>From Cagliari City Centre (Via Roma, Piazza Matteotti) to CAMPUS ARESU, Via San Giorgio, 12<\/strong><\/em><\/p>\n<p>You can reach the Conference Venue by bus.<\/p>\n<p>Linea 8 from Bus Stop capolinea Piazza Matteotti (\u201cdirection Policlinico Universitario\u201d) to Santa Margherita \u2013 Parcheggi (4th stop)<br \/>\nFor further information about routes and timetables, please visit:\u00a0http:\/\/www.ctmcagliari.it\/linee_orari.php?linea=08&amp;verso=As&amp;palina=CF0042<\/p>\n<p>&nbsp;<\/p>\n<p>&nbsp;<\/p>\n","protected":false},"excerpt":{"rendered":"<p>Programa\/Programme &nbsp; Asociaci\u00f3n Internacional de Peruanistas Revista de Cr\u00edtica Literaria Latinoamericana Centro Interdepartamental de Estudios sobre Am\u00e9rica Pluriversal de la Universit\u00e0 degli Studi di Cagliari Congreso Internacional NACIONES OTRAS 28-29\/05\/2018 A partir de las \u00faltimas d\u00e9cadas, parece clara a nivel &hellip; <a href=\"https:\/\/sites.unica.it\/cisap\/congresso_naciones_otras\/\">Continua a leggere<span class=\"meta-nav\">&rarr;<\/span><\/a><\/p>\n","protected":false},"author":462,"featured_media":0,"parent":0,"menu_order":0,"comment_status":"closed","ping_status":"closed","template":"","meta":{"footnotes":""},"class_list":["post-1930","page","type-page","status-publish","hentry"],"_links":{"self":[{"href":"https:\/\/sites.unica.it\/cisap\/wp-json\/wp\/v2\/pages\/1930","targetHints":{"allow":["GET"]}}],"collection":[{"href":"https:\/\/sites.unica.it\/cisap\/wp-json\/wp\/v2\/pages"}],"about":[{"href":"https:\/\/sites.unica.it\/cisap\/wp-json\/wp\/v2\/types\/page"}],"author":[{"embeddable":true,"href":"https:\/\/sites.unica.it\/cisap\/wp-json\/wp\/v2\/users\/462"}],"replies":[{"embeddable":true,"href":"https:\/\/sites.unica.it\/cisap\/wp-json\/wp\/v2\/comments?post=1930"}],"version-history":[{"count":22,"href":"https:\/\/sites.unica.it\/cisap\/wp-json\/wp\/v2\/pages\/1930\/revisions"}],"predecessor-version":[{"id":1973,"href":"https:\/\/sites.unica.it\/cisap\/wp-json\/wp\/v2\/pages\/1930\/revisions\/1973"}],"wp:attachment":[{"href":"https:\/\/sites.unica.it\/cisap\/wp-json\/wp\/v2\/media?parent=1930"}],"curies":[{"name":"wp","href":"https:\/\/api.w.org\/{rel}","templated":true}]}}