{"id":1867,"date":"2017-11-24T10:11:29","date_gmt":"2017-11-24T10:11:29","guid":{"rendered":"http:\/\/sites.unica.it\/cisap\/?page_id=1867"},"modified":"2018-11-24T11:12:00","modified_gmt":"2018-11-24T11:12:00","slug":"etnolinguistica","status":"publish","type":"page","link":"https:\/\/sites.unica.it\/cisap\/archivio\/cisai\/etnolinguistica\/","title":{"rendered":"Etnolinguistica"},"content":{"rendered":"<p><a href=\"http:\/\/sites.unica.it\/cisap\/files\/2018\/04\/Giannelli-2003.-Un-problema-abierto-la-estandarizaci\u00f3n-de-la-lenguas-y-variedades-nativas-americanas.-Elementos-procedentes-del-contexto-mapuche-1.pdf\">Giannelli, 2003. Un problema abierto, la estandarizaci\u00f3n de la lenguas y variedades nativas americanas. Elementos procedentes del contexto mapuche<\/a><\/p>\n<p><a href=\"http:\/\/sites.unica.it\/cisap\/files\/2017\/04\/Aceto-2001-The-Linguistic-Matrix-of-Panama-with-Special-Focus-on-Anglophone-Creoles.pdf\">Aceto, 2001. The Linguistic Matrix of Panama with Special Focus on Anglophone Creoles<\/a><\/p>\n<p><a href=\"http:\/\/sites.unica.it\/cisap\/files\/2017\/04\/Berm\u00fadez-Tapia-2011-Los-derechos-ling\u00fc\u00edsticos-en-Per\u00fa.pdf\">Berm\u00fadez Tapia 2011 Los derechos ling\u00fc\u00edsticos en Per\u00fa<\/a><\/p>\n<p><a href=\"http:\/\/sites.unica.it\/cisap\/files\/2017\/04\/Giannelli-Squillacciotti-2017-Ied-Namagged.-Il-canto-della-tonsura-e-il-rito-della-pubert\u00e0-femminile-tra-i-cuna.pdf\">Giannelli, Squillacciott,i 2017. Ied Namagged. Il canto della tonsura e il rito della pubert\u00e0 femminile tra i cuna<\/a><\/p>\n<!--[if lt IE 9]><script>document.createElement('audio');<\/script><![endif]-->\n<audio class=\"wp-audio-shortcode\" id=\"audio-1867-1\" preload=\"none\" style=\"width: 100%;\" controls=\"controls\"><source type=\"audio\/mpeg\" src=\"http:\/\/sites.unica.it\/cisap\/files\/2017\/04\/2-Canto-della-Ied.mp3?_=1\" \/><a href=\"http:\/\/sites.unica.it\/cisap\/files\/2017\/04\/2-Canto-della-Ied.mp3\">http:\/\/sites.unica.it\/cisap\/files\/2017\/04\/2-Canto-della-Ied.mp3<\/a><\/audio>\n<p><a href=\"http:\/\/sites.unica.it\/cisap\/files\/2018\/04\/Maisuradze.-Le-lingue-eschimesi.pdf\">Maisuradze. Le lingue eschimesi<\/a><\/p>\n<p>&nbsp;<\/p>\n<p>Sociolinguistica mapuche<\/p>\n<p><a href=\"http:\/\/sites.unica.it\/cisap\/files\/2018\/04\/Giannelli-2017.-Il-CISAI-per-la-sociolinguistica-mapuche.pdf\">Giannelli, 2017. Il CISAI per la sociolinguistica mapuche<\/a><\/p>\n<p><a href=\"http:\/\/sites.unica.it\/cisap\/files\/2018\/04\/Catal\u00e1n-Giannelli-G\u00f3mez-Gonz\u00e1lez-Montesinos-Penner-Quelemp\u00e1n.-Unindagine-sociolinguistica-sul-bilinguismo-mapuche-spagnolo-nel-contesto-cileno-e-argentino.-Questionari-di-rilevamento.pdf\">Catal\u00e1n, Giannelli, G\u00f3mez, Gonz\u00e1lez, Montesinos, Penner, Quelemp\u00e1n. Un&#8217;indagine sociolinguistica sul bilinguismo mapuche-spagnolo nel contesto cileno e argentino Questionari di rilevamento<\/a><\/p>\n<p><a href=\"http:\/\/sites.unica.it\/cisap\/files\/2018\/04\/Giannelli-Cucini.-Un-primo-rilevamento-sociolinguistico-in-quattro-comunit\u00e0-mapuche-della-IX-Regione-del-Cile.pdf\">Giannelli, Cucini. Un primo rilevamento sociolinguistico in quattro comunit\u00e0 mapuche della IX Regione del Cile<\/a><\/p>\n<p><a href=\"http:\/\/sites.unica.it\/cisap\/files\/2018\/04\/Canuti-Pedone-2001.-Unesperienza-nella-scuola-Amul-Kew\u00fcn.-Prima-elaborazione-delle-inchieste-sul-bilinguismo-mapuche-castigliano-condotte-in-una-scuola-di-Nueva-Imperial-Cile.pdf\">Canuti, Pedone. Un&#8217;esperienza nella scuola Amul Kew\u00fcn. Prima elaborazione delle inchieste sul bilinguismo mapuche-castigliano condotte in una scuola di Nueva Imperial (Cile)<\/a><\/p>\n<p><a href=\"http:\/\/sites.unica.it\/cisap\/files\/2018\/04\/Hern\u00e1ndez.-Discriminaci\u00f3n-\u00e9tnica-y-cultural.-Algunas-razones-para-meditar.pdf\">Hern\u00e1ndez. Discriminaci\u00f3n \u00e9tnica y cultural. Algunas razones para meditar<\/a><\/p>\n<p><a href=\"http:\/\/sites.unica.it\/cisap\/files\/2018\/04\/Canuti.-Pedone.-Gente-della-costa-e-del-campo.-Analisi-delle-inchieste-sul-bilinguismo-mapuche-castigliano-condotte-nella-IX-Regione-cilena-in-collaborazione-tra-il-CISAI-e-la-DED.pdf\">Canuti. Pedone. Gente della costa e del campo. Analisi delle inchieste sul bilinguismo mapuche-castigliano condotte nella IX Regione cilena in collaborazione tra il CISAI e la DED<\/a><\/p>\n<p><a href=\"http:\/\/sites.unica.it\/cisap\/files\/2018\/04\/Canuti-Giannelli.-Un-saggio-dinchiesta-sul-bilinguismo-fra-i-mapuche-di-Argentina.pdf\">Canuti, Giannelli. Un saggio d&#8217;inchiesta sul bilinguismo fra i mapuche di Argentina<\/a><\/p>\n<p><a href=\"http:\/\/sites.unica.it\/cisap\/files\/2018\/04\/Fern\u00e1ndez.-Experiencias-en-los-intentos-de-ense\u00f1ana-del-la-lengua-mapudungun-el-la-provincia-de-Chubut.pdf\">Fern\u00e1ndez. Experiencias en los intentos de ense\u00f1ana del la lengua mapudungun el la provincia de Chubut<\/a><\/p>\n<p><a href=\"http:\/\/sites.unica.it\/cisap\/files\/2018\/04\/Malvestitti.-Aspectos-socioling\u00fc\u00edsticos-de-mapuche-de-la-L\u00ednea-Sur.pdf\">Malvestitti. Aspectos socioling\u00fc\u00edsticos de mapuche de la L\u00ednea Sur<\/a><\/p>\n<p><a href=\"http:\/\/sites.unica.it\/cisap\/files\/2018\/04\/Giannelli-2004-Estudio-de-un-caso-perfil-socioling\u00fc\u00edstico-y-actitudes-de-estudiantes-mapuche-de-una-escuela-superior-argentina.pdf\">Giannelli. Estudio de un caso; perfil socioling\u00fc\u00edstico y actitudes de estudiantes mapuche de una escuela superior argentina<\/a><\/p>\n<p><a href=\"http:\/\/sites.unica.it\/cisap\/files\/2018\/04\/Salazar-Aguilar-Inostroza-Morales-Rodr\u00edguez-y-S\u00e1nchez-2006-Actitudes-Ling\u00fc\u00edsticas-y-Educaci\u00f3n-Intercultural.-Estudio-en-la-Escuela-La-Granja-Ca\u00f1ete-VIII-Regi\u00f3n-del-B\u00edo-B\u00edo-Chile.doc\">Salazar, Aguilar, Inostroza, Morales, Rodr\u00edguez y S\u00e1nchez. \u00a0Actitudes Ling\u00fc\u00edsticas y Educaci\u00f3n Intercultural. Estudio en la Escuela La Granja, Ca\u00f1ete, VIII Regi\u00f3n del B\u00edo-B\u00edo, Chile<\/a><\/p>\n<p><a href=\"http:\/\/sites.unica.it\/cisap\/files\/2018\/04\/Canuti-Saavedra-Giannelli-2001.-Lengua-e-identidad-voces-mapuches.-Reflexiones-y-resultados-de-una-campa\u00f1a-de-investigaci\u00f3n.pdf\">Canuti, Saavedra, Giannelli. Lengua e identidad, voces mapuches. Reflexiones y resultados de una campa\u00f1a de investigaci\u00f3n<\/a><\/p>\n<p><a href=\"http:\/\/sites.unica.it\/cisap\/files\/2018\/04\/Giannelli-2003.-Un-problema-abierto-la-estandarizaci\u00f3n-de-la-lenguas-y-variedades-nativas-americanas.-Elementos-procedentes-del-contexto-mapuche.pdf\">Giannelli. Un problema abierto, la estandarizaci\u00f3n de la lenguas y variedades nativas americanas. Elementos procedentes del contexto mapuche.<\/a><\/p>\n<p><a href=\"http:\/\/sites.unica.it\/cisap\/files\/2018\/04\/Witttig.-La-escritura-en-mapudugun-un-alfabeto-en-uso-y-nuevos-escenarios.pdf\">Witttig. La escritura en mapudugun, un alfabeto en uso y nuevos escenarios<\/a><\/p>\n<p>&nbsp;<\/p>\n<p>Ricerca sul plurilinguismo delle colonie mennonite del Chaco paraguayano<\/p>\n<p><a href=\"http:\/\/sites.unica.it\/cisap\/files\/2018\/04\/Introduzione-Giannelli-2017.pdf\">Introduzione, Giannelli, 2017<\/a><\/p>\n<p><a href=\"http:\/\/sites.unica.it\/cisap\/files\/2018\/04\/Etnografia-della-comunicazione-nelle-colonie-menonite.-Peiner-2017.pdf\">Penner, 2017. Etnografia della comunicazione nelle colonie mennonite.<\/a><\/p>\n<p><a href=\"http:\/\/sites.unica.it\/cisap\/files\/2018\/04\/Pacini-2017.-Uso-linguistico-e-fedelt\u00e0-linguistica-in-un-contesto-multilingue.-Unanalisi-quantificata-dei-dati-dellinchiesta-2007-PAR-Siena-sul-pluringuismo-di-fatto-nelle-scuole-di-Filadelfia-Chacopdf.pdf\">Pacini, 2017. Uso linguistico e fedelt\u00e0 linguistica in un contesto multilingue. Un&#8217;analisi quantificata dei dati dell&#8217;inchiesta 2007 (PAR Siena) sul pluringuismo di fatto nelle scuole di Filadelfia (Chaco)pdf<\/a><\/p>\n<p>&nbsp;<\/p>\n<p>Etnobotanica Mapuche<\/p>\n<p><a href=\"http:\/\/sites.unica.it\/cisap\/files\/2018\/11\/Giannelli-Malfatti-Badii-Rossi-2014.-Elementi-di-etnobotannica-mapuche.pdf\">Giannelli, Malfatti, Badii, Rossi, 2014. Elementi di etnobotanica mapuche<\/a><\/p>\n<p><a href=\"http:\/\/sites.unica.it\/cisap\/files\/2017\/04\/Badii-2003-4-Diario-di-campo.-Viaggio-nel-Wallmapu.pdf\">Badii 2003-4. Diario di campo. Viaggio nel Wallmapu<\/a><\/p>\n<p>&nbsp;<\/p>\n<p>Grammatica Cuna<\/p>\n<p><a href=\"http:\/\/sites.unica.it\/cisap\/files\/2018\/11\/Luciano-Giannelli-2001.-Breve-profilo-morfologico-della-lingua-Cuna-Dule-Gaya.pdf\">Luciano Giannelli, 2001. Breve profilo morfologico della lingua Cuna (Dule Gaya)<\/a><\/p>\n<p><a href=\"http:\/\/sites.unica.it\/cisap\/files\/2018\/11\/Corso-elementare-di-lingua-cuna-2001.pdf\">Corso elementare di lingua cuna, 2001<\/a><\/p>\n<p>&nbsp;<\/p>\n<p>Sociolinguistica Garifuna.<\/p>\n<p><a href=\"http:\/\/sites.unica.it\/cisap\/files\/2018\/11\/Meccheri-2003.-Uninchiesta-sociolinguistica-tra-i-garifuna-dellHonduras.pdf\">Meccheri 2003. Un&#8217;inchiesta sociolinguistica tra i garifuna dell&#8217;Honduras<\/a><\/p>\n<p><a href=\"http:\/\/sites.unica.it\/cisap\/files\/2018\/11\/Meccheri-2003.-Una-prima-analisi-dei-dati-dellinchiesta-sociolinguistica-garifuna.pdf\">Meccheri, 2003. Una prima analisi dei dati dell&#8217;inchiesta sociolinguistica garifuna<\/a><\/p>\n<p>&nbsp;<\/p>\n<p>&nbsp;<\/p>","protected":false},"excerpt":{"rendered":"<p>Giannelli, 2003. Un problema abierto, la estandarizaci\u00f3n de la lenguas y variedades nativas americanas. Elementos procedentes del contexto mapuche Aceto, 2001. The Linguistic Matrix of Panama with Special Focus on Anglophone Creoles Berm\u00fadez Tapia 2011 Los derechos ling\u00fc\u00edsticos en Per\u00fa &hellip; <a href=\"https:\/\/sites.unica.it\/cisap\/archivio\/cisai\/etnolinguistica\/\">Continua a leggere<span class=\"meta-nav\">&rarr;<\/span><\/a><\/p>\n","protected":false},"author":462,"featured_media":0,"parent":1846,"menu_order":0,"comment_status":"closed","ping_status":"closed","template":"","meta":{"footnotes":""},"class_list":["post-1867","page","type-page","status-publish","hentry"],"_links":{"self":[{"href":"https:\/\/sites.unica.it\/cisap\/wp-json\/wp\/v2\/pages\/1867","targetHints":{"allow":["GET"]}}],"collection":[{"href":"https:\/\/sites.unica.it\/cisap\/wp-json\/wp\/v2\/pages"}],"about":[{"href":"https:\/\/sites.unica.it\/cisap\/wp-json\/wp\/v2\/types\/page"}],"author":[{"embeddable":true,"href":"https:\/\/sites.unica.it\/cisap\/wp-json\/wp\/v2\/users\/462"}],"replies":[{"embeddable":true,"href":"https:\/\/sites.unica.it\/cisap\/wp-json\/wp\/v2\/comments?post=1867"}],"version-history":[{"count":50,"href":"https:\/\/sites.unica.it\/cisap\/wp-json\/wp\/v2\/pages\/1867\/revisions"}],"predecessor-version":[{"id":2066,"href":"https:\/\/sites.unica.it\/cisap\/wp-json\/wp\/v2\/pages\/1867\/revisions\/2066"}],"up":[{"embeddable":true,"href":"https:\/\/sites.unica.it\/cisap\/wp-json\/wp\/v2\/pages\/1846"}],"wp:attachment":[{"href":"https:\/\/sites.unica.it\/cisap\/wp-json\/wp\/v2\/media?parent=1867"}],"curies":[{"name":"wp","href":"https:\/\/api.w.org\/{rel}","templated":true}]}}