{"id":1793,"date":"2017-03-28T12:52:30","date_gmt":"2017-03-28T12:52:30","guid":{"rendered":"http:\/\/sites.unica.it\/cisap\/?page_id=1793"},"modified":"2017-05-16T09:30:09","modified_gmt":"2017-05-16T09:30:09","slug":"emanuele-fabiano","status":"publish","type":"page","link":"https:\/\/sites.unica.it\/cisap\/chi-siamo\/emanuele-fabiano\/","title":{"rendered":"Emanuele Fabiano"},"content":{"rendered":"<p style=\"text-align: justify\">Emanuele Fabiano es Doctor en Antropolog\u00eda y Etnolog\u00eda por la \u00c9cole des hautes \u00e9tudes en sciences sociales de Paris (EHESS), es integrante del Laboratoire d&#8217;anthropologie sociale &#8211; LAS y del Grupo de trabajo internacional sobre Antropolog\u00eda Pol\u00edtica Contempor\u00e1nea en la Amazon\u00eda Occidental (APOCAMO). Ha desarrollado sus estudios etnogr\u00e1ficos en la Amazon\u00eda Peruana y ha llevado a cabo investigaciones en las regiones andinas del Per\u00fa meridional, Bolivia, Argentina y Brasil. En el marco de sus estudios doctorales ha analizado las t\u00e9cnicas ind\u00edgenas de construcci\u00f3n de la persona \u2013 humana y no humana \u2013 y sus implicaciones en los procesos de reproducci\u00f3n social entre los Urarina de la Amazon\u00eda Peruana. Sus recientes investigaciones se enfocan en el estudio de las comunidades ind\u00edgenas amaz\u00f3nicas contempor\u00e1neas y sus relaciones con el Estado, los mercados nacionales e internacionales, ademas de analizar las practicas de resistencia comunitarias. Ha investigado los efectos antropol\u00f3gicos, pol\u00edticos y sociales de los procesos extractivistas (flora maderable y petroleo) y sus implicaciones a nivel ritual y cosmol\u00f3gico. Actualmente trabaja en la Amazonia Peruana.<\/p>\n","protected":false},"excerpt":{"rendered":"<p>Emanuele Fabiano es Doctor en Antropolog\u00eda y Etnolog\u00eda por la \u00c9cole des hautes \u00e9tudes en sciences sociales de Paris (EHESS), es integrante del Laboratoire d&#8217;anthropologie sociale &#8211; LAS y del Grupo de trabajo internacional sobre Antropolog\u00eda Pol\u00edtica Contempor\u00e1nea en la &hellip; <a href=\"https:\/\/sites.unica.it\/cisap\/chi-siamo\/emanuele-fabiano\/\">Continua a leggere<span class=\"meta-nav\">&rarr;<\/span><\/a><\/p>\n","protected":false},"author":462,"featured_media":0,"parent":1679,"menu_order":0,"comment_status":"closed","ping_status":"closed","template":"","meta":{"footnotes":""},"class_list":["post-1793","page","type-page","status-publish","hentry"],"_links":{"self":[{"href":"https:\/\/sites.unica.it\/cisap\/wp-json\/wp\/v2\/pages\/1793","targetHints":{"allow":["GET"]}}],"collection":[{"href":"https:\/\/sites.unica.it\/cisap\/wp-json\/wp\/v2\/pages"}],"about":[{"href":"https:\/\/sites.unica.it\/cisap\/wp-json\/wp\/v2\/types\/page"}],"author":[{"embeddable":true,"href":"https:\/\/sites.unica.it\/cisap\/wp-json\/wp\/v2\/users\/462"}],"replies":[{"embeddable":true,"href":"https:\/\/sites.unica.it\/cisap\/wp-json\/wp\/v2\/comments?post=1793"}],"version-history":[{"count":3,"href":"https:\/\/sites.unica.it\/cisap\/wp-json\/wp\/v2\/pages\/1793\/revisions"}],"predecessor-version":[{"id":1897,"href":"https:\/\/sites.unica.it\/cisap\/wp-json\/wp\/v2\/pages\/1793\/revisions\/1897"}],"up":[{"embeddable":true,"href":"https:\/\/sites.unica.it\/cisap\/wp-json\/wp\/v2\/pages\/1679"}],"wp:attachment":[{"href":"https:\/\/sites.unica.it\/cisap\/wp-json\/wp\/v2\/media?parent=1793"}],"curies":[{"name":"wp","href":"https:\/\/api.w.org\/{rel}","templated":true}]}}