{"id":1789,"date":"2017-03-28T12:51:06","date_gmt":"2017-03-28T12:51:06","guid":{"rendered":"http:\/\/sites.unica.it\/cisap\/?page_id=1789"},"modified":"2017-04-08T08:35:48","modified_gmt":"2017-04-08T08:35:48","slug":"fiorenzo-iuliano","status":"publish","type":"page","link":"https:\/\/sites.unica.it\/cisap\/chi-siamo\/fiorenzo-iuliano\/","title":{"rendered":"Fiorenzo Iuliano"},"content":{"rendered":"<p style=\"text-align: justify\">Fiorenzo Iuliano \u00e8 ricercatore a tempo determinato di Lingue e letterature angloamericane presso l\u2019Universit\u00e0 di Cagliari. Ha conseguito il titolo di dottore di ricerca in Letterature, culture e storie dei Paesi anglofoni presso l\u2019Universit\u00e0 di Napoli \u201cL\u2019Orientale\u201d (2007). Ha insegnato Lingua inglese e Letteratura angloamericana presso l\u2019Orientale e l\u2019Universit\u00e0 della Calabria (2006-2012), \u00e8 stato ricercatore presso il Department of Theory della Jan Van Eyck Academie di Maastricht (NL, 2009-2010) e assegnista di ricerca in Lingue e letterature angloamericane presso l\u2019Universit\u00e0 di Napoli \u201cL\u2019Orientale\u201d (2011-2012). \u00c8 stato inoltre Visiting Researcher presso l\u2019Universit\u00e0 di California Santa Cruz, l\u2019Universit\u00e0 di Stoccolma, e l\u2019Universit\u00e0 di Washington Seattle. Ha partecipato a convegni nazionali e internazionali, \u00e8 membro della redazione di \u00c1coma. Rivista internazionale di studi nordamericani e del collegio dei docenti del dottorato in Studi culturali e postcoloniali dell\u2019Universit\u00e0 di Napoli \u201cL\u2019Orientale\u201d.<br \/>\nI suoi ambiti di ricerca comprendono la letteratura americana contemporanea (romanzo, graphic novel, rapporti tra letteratura e musica, studi culturali negli USA), gli studi di genere e gli studi sulla corporeit\u00e0 e la teoria letteraria.<\/p>\n","protected":false},"excerpt":{"rendered":"<p>Fiorenzo Iuliano \u00e8 ricercatore a tempo determinato di Lingue e letterature angloamericane presso l\u2019Universit\u00e0 di Cagliari. Ha conseguito il titolo di dottore di ricerca in Letterature, culture e storie dei Paesi anglofoni presso l\u2019Universit\u00e0 di Napoli \u201cL\u2019Orientale\u201d (2007). Ha insegnato &hellip; <a href=\"https:\/\/sites.unica.it\/cisap\/chi-siamo\/fiorenzo-iuliano\/\">Continua a leggere<span class=\"meta-nav\">&rarr;<\/span><\/a><\/p>\n","protected":false},"author":462,"featured_media":0,"parent":1679,"menu_order":0,"comment_status":"closed","ping_status":"closed","template":"","meta":{"footnotes":""},"class_list":["post-1789","page","type-page","status-publish","hentry"],"_links":{"self":[{"href":"https:\/\/sites.unica.it\/cisap\/wp-json\/wp\/v2\/pages\/1789","targetHints":{"allow":["GET"]}}],"collection":[{"href":"https:\/\/sites.unica.it\/cisap\/wp-json\/wp\/v2\/pages"}],"about":[{"href":"https:\/\/sites.unica.it\/cisap\/wp-json\/wp\/v2\/types\/page"}],"author":[{"embeddable":true,"href":"https:\/\/sites.unica.it\/cisap\/wp-json\/wp\/v2\/users\/462"}],"replies":[{"embeddable":true,"href":"https:\/\/sites.unica.it\/cisap\/wp-json\/wp\/v2\/comments?post=1789"}],"version-history":[{"count":2,"href":"https:\/\/sites.unica.it\/cisap\/wp-json\/wp\/v2\/pages\/1789\/revisions"}],"predecessor-version":[{"id":1894,"href":"https:\/\/sites.unica.it\/cisap\/wp-json\/wp\/v2\/pages\/1789\/revisions\/1894"}],"up":[{"embeddable":true,"href":"https:\/\/sites.unica.it\/cisap\/wp-json\/wp\/v2\/pages\/1679"}],"wp:attachment":[{"href":"https:\/\/sites.unica.it\/cisap\/wp-json\/wp\/v2\/media?parent=1789"}],"curies":[{"name":"wp","href":"https:\/\/api.w.org\/{rel}","templated":true}]}}