{"id":1787,"date":"2017-03-28T12:50:44","date_gmt":"2017-03-28T12:50:44","guid":{"rendered":"http:\/\/sites.unica.it\/cisap\/?page_id=1787"},"modified":"2017-05-17T08:34:10","modified_gmt":"2017-05-17T08:34:10","slug":"giorgia-piras","status":"publish","type":"page","link":"https:\/\/sites.unica.it\/cisap\/chi-siamo\/giorgia-piras\/","title":{"rendered":"Giorgia Piras"},"content":{"rendered":"<p style=\"text-align: justify\">Giorgia Piras obtuvo su t\u00edtulo de Doctora en Literaturas Comparadas por la Escuela de Doctorado en Estudios Filol\u00f3gicos y Literarios de la Universidad de Cagliari, con una tesis titulada <i>Come abitare la zona di contatto? Dinamiche di doppia traduzione in Memorial del tiempo o v\u00eda de las conversaciones di Jes\u00fas Morales Berm\u00fadez<\/i> (2014). Sus principales l\u00edneas de investigaci\u00f3n se enmarcan en la literatura mexicana del \u00e1rea mesoamericana, con particular atenci\u00f3n a la producci\u00f3n literaria de procedencia ind\u00edgena y a las formas de traducci\u00f3n y auto-traducci\u00f3n entre las lenguas mayenses y la lengua espa\u00f1ola. Otra l\u00ednea investigativa de reciente inter\u00e9s es la producci\u00f3n de discursos audiovisuales en la regi\u00f3n amaz\u00f3nica de Brasil.<\/p>\n","protected":false},"excerpt":{"rendered":"<p>Giorgia Piras obtuvo su t\u00edtulo de Doctora en Literaturas Comparadas por la Escuela de Doctorado en Estudios Filol\u00f3gicos y Literarios de la Universidad de Cagliari, con una tesis titulada Come abitare la zona di contatto? Dinamiche di doppia traduzione in &hellip; <a href=\"https:\/\/sites.unica.it\/cisap\/chi-siamo\/giorgia-piras\/\">Continua a leggere<span class=\"meta-nav\">&rarr;<\/span><\/a><\/p>\n","protected":false},"author":462,"featured_media":0,"parent":1679,"menu_order":0,"comment_status":"closed","ping_status":"closed","template":"","meta":{"footnotes":""},"class_list":["post-1787","page","type-page","status-publish","hentry"],"_links":{"self":[{"href":"https:\/\/sites.unica.it\/cisap\/wp-json\/wp\/v2\/pages\/1787","targetHints":{"allow":["GET"]}}],"collection":[{"href":"https:\/\/sites.unica.it\/cisap\/wp-json\/wp\/v2\/pages"}],"about":[{"href":"https:\/\/sites.unica.it\/cisap\/wp-json\/wp\/v2\/types\/page"}],"author":[{"embeddable":true,"href":"https:\/\/sites.unica.it\/cisap\/wp-json\/wp\/v2\/users\/462"}],"replies":[{"embeddable":true,"href":"https:\/\/sites.unica.it\/cisap\/wp-json\/wp\/v2\/comments?post=1787"}],"version-history":[{"count":3,"href":"https:\/\/sites.unica.it\/cisap\/wp-json\/wp\/v2\/pages\/1787\/revisions"}],"predecessor-version":[{"id":1899,"href":"https:\/\/sites.unica.it\/cisap\/wp-json\/wp\/v2\/pages\/1787\/revisions\/1899"}],"up":[{"embeddable":true,"href":"https:\/\/sites.unica.it\/cisap\/wp-json\/wp\/v2\/pages\/1679"}],"wp:attachment":[{"href":"https:\/\/sites.unica.it\/cisap\/wp-json\/wp\/v2\/media?parent=1787"}],"curies":[{"name":"wp","href":"https:\/\/api.w.org\/{rel}","templated":true}]}}