{"id":1785,"date":"2017-03-28T12:50:20","date_gmt":"2017-03-28T12:50:20","guid":{"rendered":"http:\/\/sites.unica.it\/cisap\/?page_id=1785"},"modified":"2017-03-30T10:42:38","modified_gmt":"2017-03-30T10:42:38","slug":"stefano-pau","status":"publish","type":"page","link":"https:\/\/sites.unica.it\/cisap\/chi-siamo\/stefano-pau\/","title":{"rendered":"Stefano Pau"},"content":{"rendered":"<p style=\"text-align: justify\">Stefano Pau es\u00a0Doctor en Literatura Hispanoamericana por la Escuela de Doctorado en Estudios Filol\u00f3gicos y Literarios de la Universidad de Cagliari (Italia). Su inter\u00e9s primario se basa en la literatura de la regi\u00f3n amaz\u00f3nica peruana sobre la tem\u00e1tica de la violencia y de la explotaci\u00f3n sufrida por los pueblos ind\u00edgenas a partir de la \u00e9poca del caucho hasta la actualidad. Su actividad de investigaci\u00f3n se sit\u00faa entre la antropolog\u00eda, los estudios culturales y la literatura y se desarrolla en el doble enfoque de la escritura y la oralidad. A la vez, se ocupa del rol literario y social del c\u00f3mic de corte period\u00edstico en el Per\u00fa.<\/p>\n","protected":false},"excerpt":{"rendered":"<p>Stefano Pau es\u00a0Doctor en Literatura Hispanoamericana por la Escuela de Doctorado en Estudios Filol\u00f3gicos y Literarios de la Universidad de Cagliari (Italia). Su inter\u00e9s primario se basa en la literatura de la regi\u00f3n amaz\u00f3nica peruana sobre la tem\u00e1tica de la &hellip; <a href=\"https:\/\/sites.unica.it\/cisap\/chi-siamo\/stefano-pau\/\">Continua a leggere<span class=\"meta-nav\">&rarr;<\/span><\/a><\/p>\n","protected":false},"author":462,"featured_media":0,"parent":1679,"menu_order":0,"comment_status":"closed","ping_status":"closed","template":"","meta":{"footnotes":""},"class_list":["post-1785","page","type-page","status-publish","hentry"],"_links":{"self":[{"href":"https:\/\/sites.unica.it\/cisap\/wp-json\/wp\/v2\/pages\/1785","targetHints":{"allow":["GET"]}}],"collection":[{"href":"https:\/\/sites.unica.it\/cisap\/wp-json\/wp\/v2\/pages"}],"about":[{"href":"https:\/\/sites.unica.it\/cisap\/wp-json\/wp\/v2\/types\/page"}],"author":[{"embeddable":true,"href":"https:\/\/sites.unica.it\/cisap\/wp-json\/wp\/v2\/users\/462"}],"replies":[{"embeddable":true,"href":"https:\/\/sites.unica.it\/cisap\/wp-json\/wp\/v2\/comments?post=1785"}],"version-history":[{"count":3,"href":"https:\/\/sites.unica.it\/cisap\/wp-json\/wp\/v2\/pages\/1785\/revisions"}],"predecessor-version":[{"id":1833,"href":"https:\/\/sites.unica.it\/cisap\/wp-json\/wp\/v2\/pages\/1785\/revisions\/1833"}],"up":[{"embeddable":true,"href":"https:\/\/sites.unica.it\/cisap\/wp-json\/wp\/v2\/pages\/1679"}],"wp:attachment":[{"href":"https:\/\/sites.unica.it\/cisap\/wp-json\/wp\/v2\/media?parent=1785"}],"curies":[{"name":"wp","href":"https:\/\/api.w.org\/{rel}","templated":true}]}}