{"id":1783,"date":"2017-03-28T12:49:50","date_gmt":"2017-03-28T12:49:50","guid":{"rendered":"http:\/\/sites.unica.it\/cisap\/?page_id=1783"},"modified":"2017-03-28T12:49:50","modified_gmt":"2017-03-28T12:49:50","slug":"maurizio-memoli","status":"publish","type":"page","link":"https:\/\/sites.unica.it\/cisap\/chi-siamo\/maurizio-memoli\/","title":{"rendered":"Maurizio Memoli"},"content":{"rendered":"<p style=\"text-align: justify\">Professore Ordinario di Geografia economico-politica alla Facolt\u00e0 di Architettura di Cagliari, \u00e8 membro del Collegio dei Docenti del Dottorato di Ricerca in Storia, Beni culturali e Studi internazionali, membro del Comitato direttivo della Societ\u00e0 Geografica Italiana. I suoi principali temi di ricerca riguardano la geografia urbana del Mediterraneo e dell\u2019America latina (Napoli, Cagliari, L\u2019Avana, Salvador de Bahia, Tunisi, Marsiglia) ; la Pianificazione territoriale e politiche pubbliche degli spazi urbani; le metodologie visuali, la geografia sociale e culturale, le forme di rappresentazione narrativa dello spazio e delle pratiche urbane. E\u2019 stato professore invitato presso il CRH-Centre de Recerche sur l\u2019Habitat di Parigi (Francia), UMR LAVUE-CNRS, Ecole Nationale d\u2019Architecture Paris-Val de Seine; Universit\u00e0 di Montpellier 3; Universit\u00e0 di Montevideo (Uruguay); Universit\u00e9 de Montr\u00e9al (Canada); Universidade Federal de Bahia (Brasile); Universidad de La Habana (Cuba).<\/p>\n","protected":false},"excerpt":{"rendered":"<p>Professore Ordinario di Geografia economico-politica alla Facolt\u00e0 di Architettura di Cagliari, \u00e8 membro del Collegio dei Docenti del Dottorato di Ricerca in Storia, Beni culturali e Studi internazionali, membro del Comitato direttivo della Societ\u00e0 Geografica Italiana. I suoi principali temi &hellip; <a href=\"https:\/\/sites.unica.it\/cisap\/chi-siamo\/maurizio-memoli\/\">Continua a leggere<span class=\"meta-nav\">&rarr;<\/span><\/a><\/p>\n","protected":false},"author":462,"featured_media":0,"parent":1679,"menu_order":0,"comment_status":"closed","ping_status":"closed","template":"","meta":{"footnotes":""},"class_list":["post-1783","page","type-page","status-publish","hentry"],"_links":{"self":[{"href":"https:\/\/sites.unica.it\/cisap\/wp-json\/wp\/v2\/pages\/1783","targetHints":{"allow":["GET"]}}],"collection":[{"href":"https:\/\/sites.unica.it\/cisap\/wp-json\/wp\/v2\/pages"}],"about":[{"href":"https:\/\/sites.unica.it\/cisap\/wp-json\/wp\/v2\/types\/page"}],"author":[{"embeddable":true,"href":"https:\/\/sites.unica.it\/cisap\/wp-json\/wp\/v2\/users\/462"}],"replies":[{"embeddable":true,"href":"https:\/\/sites.unica.it\/cisap\/wp-json\/wp\/v2\/comments?post=1783"}],"version-history":[{"count":1,"href":"https:\/\/sites.unica.it\/cisap\/wp-json\/wp\/v2\/pages\/1783\/revisions"}],"predecessor-version":[{"id":1784,"href":"https:\/\/sites.unica.it\/cisap\/wp-json\/wp\/v2\/pages\/1783\/revisions\/1784"}],"up":[{"embeddable":true,"href":"https:\/\/sites.unica.it\/cisap\/wp-json\/wp\/v2\/pages\/1679"}],"wp:attachment":[{"href":"https:\/\/sites.unica.it\/cisap\/wp-json\/wp\/v2\/media?parent=1783"}],"curies":[{"name":"wp","href":"https:\/\/api.w.org\/{rel}","templated":true}]}}