{"id":1778,"date":"2017-03-28T12:48:11","date_gmt":"2017-03-28T12:48:11","guid":{"rendered":"http:\/\/sites.unica.it\/cisap\/?page_id=1778"},"modified":"2017-04-04T13:39:11","modified_gmt":"2017-04-04T13:39:11","slug":"riccardo-badini","status":"publish","type":"page","link":"https:\/\/sites.unica.it\/cisap\/chi-siamo\/riccardo-badini\/","title":{"rendered":"Riccardo Badini"},"content":{"rendered":"<p style=\"text-align: justify\">Riccardo Badini\u00a0\u00e8 professore associato presso l\u2019Universit\u00e0 di Cagliari e professore onorario presso l\u2019Universit\u00e0 Ricardo Palma di Lima, \u00e8 segretario nazionale per l\u2019Italia di JALLA (Jornadas Andinas de Literatura Latinoamericana). Ha fatto parte del collegio di Dottorato in Studi Filologici e Letterari di Cagliari. \u00c8 direttore del CISAP e della rivista promossa dal centro: Am\u00e9rica Cr\u00edtica.\u00a0Le sue ricerche si focalizzano sulla natura eterogenea e transculturale delle societ\u00e0 latinoamericane e specialmente peruviana con una prospettiva che privilegia la questione indigena e i conflitti urbani con i loro riflessi letterari e culturali analizzati con metodologia multidisciplinare. Si occupa inoltre di traduzione poetica e di poesia urbana contemporanea. Tra le sue pubblicazioni l\u2019opera inedita di Gamaliel Churata <em>Resurrecci<\/em><em>\u00f3n de los muertos<\/em>, ANR, Lima, 2010.<\/p>\n","protected":false},"excerpt":{"rendered":"<p>Riccardo Badini\u00a0\u00e8 professore associato presso l\u2019Universit\u00e0 di Cagliari e professore onorario presso l\u2019Universit\u00e0 Ricardo Palma di Lima, \u00e8 segretario nazionale per l\u2019Italia di JALLA (Jornadas Andinas de Literatura Latinoamericana). Ha fatto parte del collegio di Dottorato in Studi Filologici e &hellip; <a href=\"https:\/\/sites.unica.it\/cisap\/chi-siamo\/riccardo-badini\/\">Continua a leggere<span class=\"meta-nav\">&rarr;<\/span><\/a><\/p>\n","protected":false},"author":462,"featured_media":0,"parent":1679,"menu_order":0,"comment_status":"closed","ping_status":"closed","template":"","meta":{"footnotes":""},"class_list":["post-1778","page","type-page","status-publish","hentry"],"_links":{"self":[{"href":"https:\/\/sites.unica.it\/cisap\/wp-json\/wp\/v2\/pages\/1778","targetHints":{"allow":["GET"]}}],"collection":[{"href":"https:\/\/sites.unica.it\/cisap\/wp-json\/wp\/v2\/pages"}],"about":[{"href":"https:\/\/sites.unica.it\/cisap\/wp-json\/wp\/v2\/types\/page"}],"author":[{"embeddable":true,"href":"https:\/\/sites.unica.it\/cisap\/wp-json\/wp\/v2\/users\/462"}],"replies":[{"embeddable":true,"href":"https:\/\/sites.unica.it\/cisap\/wp-json\/wp\/v2\/comments?post=1778"}],"version-history":[{"count":4,"href":"https:\/\/sites.unica.it\/cisap\/wp-json\/wp\/v2\/pages\/1778\/revisions"}],"predecessor-version":[{"id":1887,"href":"https:\/\/sites.unica.it\/cisap\/wp-json\/wp\/v2\/pages\/1778\/revisions\/1887"}],"up":[{"embeddable":true,"href":"https:\/\/sites.unica.it\/cisap\/wp-json\/wp\/v2\/pages\/1679"}],"wp:attachment":[{"href":"https:\/\/sites.unica.it\/cisap\/wp-json\/wp\/v2\/media?parent=1778"}],"curies":[{"name":"wp","href":"https:\/\/api.w.org\/{rel}","templated":true}]}}