{"id":1773,"date":"2017-03-28T12:45:11","date_gmt":"2017-03-28T12:45:11","guid":{"rendered":"http:\/\/sites.unica.it\/cisap\/?page_id=1773"},"modified":"2017-03-28T13:01:02","modified_gmt":"2017-03-28T13:01:02","slug":"domenico-branca","status":"publish","type":"page","link":"https:\/\/sites.unica.it\/cisap\/chi-siamo\/domenico-branca\/","title":{"rendered":"Domenico Branca"},"content":{"rendered":"<p style=\"text-align: justify\">Domenico Branca ha conseguido su doctorado en Antropolog\u00eda Social y Cultural en la Universitat Aut\u00f2noma de Barcelona (2016) con una tesis titulada <em>\u201cLa naci\u00f3n aymara existe\u201d. Narraci\u00f3n, vivencia e identidad en el Departamento de Puno, Per\u00fa<\/em>. Ha realizado trabajo de campo en Cerde\u00f1a, Irlanda del Norte y Per\u00fa. Sus l\u00edneas de investigaci\u00f3n principales se centran en el estudio de identidades \u00e9tnicas y nacionales \u2013 en particular en la regi\u00f3n aymara de Per\u00fa \u2013 la antropolog\u00eda del estado y la historia de la antropolog\u00eda. Ha publicado diversos art\u00edculos en revistas cient\u00edficas y participado en diferentes congresos cient\u00edficos internacionales. Asimismo, forma parte del grupo de investigaci\u00f3n Ciutadanies del Institut Catal\u00e0 d&#8217;Antropologia, del grupo AHCISP (Antropologia i Hist\u00f2ria de la construcci\u00f2 de identitats socials i pol\u00edtiques) y del grupo CISAP (Centro de Estudios de la Am\u00e9rica Pluriversal). Es miembro del Comit\u00e9 de redacci\u00f3n de ANUAC (Revista de la Asociaci\u00f3n Nacional Universitaria de los Antrop\u00f3logos Culturales) y de la revista Am\u00e9rica Cr\u00edtica.<\/p>\n","protected":false},"excerpt":{"rendered":"<p>Domenico Branca ha conseguido su doctorado en Antropolog\u00eda Social y Cultural en la Universitat Aut\u00f2noma de Barcelona (2016) con una tesis titulada \u201cLa naci\u00f3n aymara existe\u201d. Narraci\u00f3n, vivencia e identidad en el Departamento de Puno, Per\u00fa. Ha realizado trabajo de &hellip; <a href=\"https:\/\/sites.unica.it\/cisap\/chi-siamo\/domenico-branca\/\">Continua a leggere<span class=\"meta-nav\">&rarr;<\/span><\/a><\/p>\n","protected":false},"author":462,"featured_media":0,"parent":1679,"menu_order":0,"comment_status":"closed","ping_status":"closed","template":"","meta":{"footnotes":""},"class_list":["post-1773","page","type-page","status-publish","hentry"],"_links":{"self":[{"href":"https:\/\/sites.unica.it\/cisap\/wp-json\/wp\/v2\/pages\/1773","targetHints":{"allow":["GET"]}}],"collection":[{"href":"https:\/\/sites.unica.it\/cisap\/wp-json\/wp\/v2\/pages"}],"about":[{"href":"https:\/\/sites.unica.it\/cisap\/wp-json\/wp\/v2\/types\/page"}],"author":[{"embeddable":true,"href":"https:\/\/sites.unica.it\/cisap\/wp-json\/wp\/v2\/users\/462"}],"replies":[{"embeddable":true,"href":"https:\/\/sites.unica.it\/cisap\/wp-json\/wp\/v2\/comments?post=1773"}],"version-history":[{"count":3,"href":"https:\/\/sites.unica.it\/cisap\/wp-json\/wp\/v2\/pages\/1773\/revisions"}],"predecessor-version":[{"id":1799,"href":"https:\/\/sites.unica.it\/cisap\/wp-json\/wp\/v2\/pages\/1773\/revisions\/1799"}],"up":[{"embeddable":true,"href":"https:\/\/sites.unica.it\/cisap\/wp-json\/wp\/v2\/pages\/1679"}],"wp:attachment":[{"href":"https:\/\/sites.unica.it\/cisap\/wp-json\/wp\/v2\/media?parent=1773"}],"curies":[{"name":"wp","href":"https:\/\/api.w.org\/{rel}","templated":true}]}}