{"id":1425,"date":"2012-12-07T10:38:27","date_gmt":"2012-12-07T10:38:27","guid":{"rendered":"http:\/\/people.unica.it\/provacds2\/?page_id=1425"},"modified":"2017-03-28T12:56:26","modified_gmt":"2017-03-28T12:56:26","slug":"progetti","status":"publish","type":"page","link":"https:\/\/sites.unica.it\/cisap\/progetti\/","title":{"rendered":"Progetti"},"content":{"rendered":"<p style=\"text-align: justify\">Progetto di ricerca: \u201cEpistemologie alternative. Laboratori di auto-rappresentazione in Amazzonia, Ande e Palestina\u201d (Progetto di Ricerca Fondamentale o di Base Legge Regionale 7 agosto 2007, n. 7, annualit\u00e0 2013 CRP- 79432), coordinatore scientifico prof. Riccardo Badini (Universit\u00e0 di Cagliari).<br \/>\nIl progetto di ricerca, della durata di tre anni (1-06-2015-1-06-2018), verte sullo studio e l\u2019analisi critica delle forme di (auto)rappresentazione relative sia alle realt\u00e0 culturali e sociali peruviane, in particolare andine e amazzoniche, sia a quelle palestinesi.<br \/>\nIl raffronto tra contesti storicamente e geograficamente lontani ma accomunati, con le specifiche differenze, da una storia di subalternit\u00e0, permette un ampliamento delle riflessioni critiche sulle modalit\u00e0 di risposta e di resistenza culturale da parte delle attrici e degli attori sociali.<br \/>\nLe nostre ricerche si incentrano sull\u2019analisi delle forme linguistiche e letterarie delle rispettive aree prese in esame accomunate dalla necessit\u00e0 di recuperare una memoria negata e volte a legittimare le proprie realt\u00e0 identitarie. Inoltre, attraverso una metodologia basata sulla ricerca sul campo (usando tecniche quali l\u2019etnografia di documenti, l\u2019osservazione partecipante, interviste in profondit\u00e0, lo studio di corpus orali e letterari) i corsi-laboratori incentrati sull\u2019auto-rappresentazione garantiscono la raccolta dei dati per l\u2019analisi delle ricerche e l\u2019applicazione delle diverse prospettive disciplinari (critico-letterarie, antropologiche e linguistiche).<br \/>\nIl progetto promuove e organizza congressi, seminari internazionali e giornate di studi volti a incentivare una prospettiva interdisciplinare, la collaborazione e l\u2019integrazione delle unit\u00e0 di ricerca, come la divulgazione dei dati ottenuti.<br \/>\nPartner internazionali del progetto: la Universidad del Altiplano in Per\u00f9, la UNCA (Uni\u00f3n de comunidades aymara), la sezione di Loreto (Amazzonia peruviana) del Ministero di cultura peruviano e il Centro Formabiap (Programa de formaci\u00f3n de maestros biling\u00fces de la Amazon\u00eda peruana), l\u2019Universit\u00e0 di Betlemme, il municipio di Deir Hanna e Shafa Amru.<\/p>\n<p style=\"text-align: justify\">Il progetto si compone di due unit\u00e0 di ricerca<\/p>\n<p style=\"text-align: justify\">Unit\u00e0 andina e amazzonica<br \/>\nCoordinatore scientifico prof. Riccardo Badini (Lingua e Letterature Ispanoamericane)<br \/>\nMembri del progetto di ricerca<br \/>\n<a href=\"http:\/\/sites.unica.it\/cisap\/chi-siamo\/domenico-branca\/\">Branca Domenico<\/a><br \/>\n<a href=\"http:\/\/sites.unica.it\/cisap\/chi-siamo\/paola-mancosu\/\">Mancosu Paola<\/a><br \/>\nPaba Daniela<br \/>\n<a href=\"http:\/\/sites.unica.it\/cisap\/chi-siamo\/stefano-pau\/\">Pau Stefano<\/a><br \/>\n<a href=\"http:\/\/sites.unica.it\/cisap\/chi-siamo\/giorgia-piras\/\">Piras Giorgia<\/a><\/p>\n<p style=\"text-align: justify\">\nUnit\u00e0 palestinese<br \/>\nCoordinatore scientifico: prof. Abdul Karim Wasim Dahmash (Lingua e Letteratura araba)<br \/>\nMembri del progetto<br \/>\nAmmar Marco<br \/>\nBrancato Anna Maria<br \/>\nMurgia Pamela<\/p>\n","protected":false},"excerpt":{"rendered":"<p>Progetto di ricerca: \u201cEpistemologie alternative. Laboratori di auto-rappresentazione in Amazzonia, Ande e Palestina\u201d (Progetto di Ricerca Fondamentale o di Base Legge Regionale 7 agosto 2007, n. 7, annualit\u00e0 2013 CRP- 79432), coordinatore scientifico prof. Riccardo Badini (Universit\u00e0 di Cagliari). Il &hellip; <a href=\"https:\/\/sites.unica.it\/cisap\/progetti\/\">Continua a leggere<span class=\"meta-nav\">&rarr;<\/span><\/a><\/p>\n","protected":false},"author":643,"featured_media":0,"parent":0,"menu_order":0,"comment_status":"closed","ping_status":"closed","template":"","meta":{"footnotes":""},"class_list":["post-1425","page","type-page","status-publish","hentry"],"_links":{"self":[{"href":"https:\/\/sites.unica.it\/cisap\/wp-json\/wp\/v2\/pages\/1425","targetHints":{"allow":["GET"]}}],"collection":[{"href":"https:\/\/sites.unica.it\/cisap\/wp-json\/wp\/v2\/pages"}],"about":[{"href":"https:\/\/sites.unica.it\/cisap\/wp-json\/wp\/v2\/types\/page"}],"author":[{"embeddable":true,"href":"https:\/\/sites.unica.it\/cisap\/wp-json\/wp\/v2\/users\/643"}],"replies":[{"embeddable":true,"href":"https:\/\/sites.unica.it\/cisap\/wp-json\/wp\/v2\/comments?post=1425"}],"version-history":[{"count":8,"href":"https:\/\/sites.unica.it\/cisap\/wp-json\/wp\/v2\/pages\/1425\/revisions"}],"predecessor-version":[{"id":1796,"href":"https:\/\/sites.unica.it\/cisap\/wp-json\/wp\/v2\/pages\/1425\/revisions\/1796"}],"wp:attachment":[{"href":"https:\/\/sites.unica.it\/cisap\/wp-json\/wp\/v2\/media?parent=1425"}],"curies":[{"name":"wp","href":"https:\/\/api.w.org\/{rel}","templated":true}]}}