{"id":102,"date":"2012-04-12T12:03:39","date_gmt":"2012-04-12T12:03:39","guid":{"rendered":"http:\/\/people.unica.it\/basecds\/?page_id=102"},"modified":"2017-04-04T11:59:34","modified_gmt":"2017-04-04T11:59:34","slug":"home","status":"publish","type":"page","link":"https:\/\/sites.unica.it\/cisap\/","title":{"rendered":"Home"},"content":{"rendered":"<p style=\"text-align: justify\"><strong>\u00c8 online la Call for papers per il secondo numero di Am\u00e9rica Cr\u00edtica<\/strong><\/p>\n<p style=\"text-align: justify\">Call for papers vol. 1 n.2 (2017) Am\u00e9rica Cr\u00edtica<\/p>\n<p style=\"text-align: justify\">Am\u00e9rica Cr\u00edtica 2017 (2) <a href=\"http:\/\/ojs.unica.it\/index.php\/cisap\/index\">http:\/\/ojs.unica.it\/index.php\/cisap\/index<\/a><\/p>\n<p style=\"text-align: justify\">Data limite: 1 settembre 2017<\/p>\n<p style=\"text-align: justify\">\u201cLinguaggi dell\u2019urbanizzazione e visioni della citt\u00e0\u201d<\/p>\n<p style=\"text-align: justify\">La rivista Am\u00e9rica Cr\u00edtica, in occasione della pubblicazione del secondo numero (dicembre 2017), invita alla presentazione di articoli per una sezione monografica curata da Javier Gonz\u00e1lez D\u00edez (Universit\u00e0 di Torino) e Fiorenzo Iuliano (Universit\u00e0 di Cagliari).<\/p>\n<p style=\"text-align: justify\">Questa sezione propone una riflessione sulle visioni dello spazio urbano e della vita cittadina nel contesto pan-americano, con particolare attenzione ai linguaggi e alle pratiche sociali che assume \u2013 o ha assunto in passato \u2013 l\u2019idea di \u201cfare la citt\u00e0\u201d a partire dalle dinamiche della subalternit\u00e0 e dalle rappresentazioni contro-egemoniche dal \u201cbasso\u201d. Saranno pubblicati in questa sezione articoli che riflettono, quindi, sulle attivit\u00e0 di riappropriazione della citt\u00e0, sulle strategie di resistenza alle pratiche di gentrification, sull\u2019interazione tra spazio urbano e gruppi subalterni (minoritari e\/o \u201csottoculturali\u201d) e sulle modalit\u00e0 in cui lo spazio urbano \u00e8 stato, di volta in volta, rappresentato, immaginato o reinventato attraverso diversi mezzi espressivi (letteratura, teatro, cinema, fumetto, musica, fotografia, televisione, arti visive). Sono infine auspicabili interventi che offrano una riflessione sulle riconfigurazioni degli spazi urbani in una prospettiva comparata tra Nord e Sud America.<\/p>\n<p style=\"text-align: justify\">Saranno benvenuti articoli inediti e di carattere interdisciplinare, dalle scienze sociali agli studi umanistici.<\/p>\n<p style=\"text-align: justify\">La sezione monografica includer\u00e0 le seguenti linee tematiche:<\/p>\n<p style=\"text-align: justify\">Rappresentazioni controegemoniche della citt\u00e0<\/p>\n<p style=\"text-align: justify\">Linguaggi e forme della socialit\u00e0 urbana<\/p>\n<p style=\"text-align: justify\">(Ri)creazioni di identit\u00e0 urbane<\/p>\n<p style=\"text-align: justify\">Appropriazioni\/riappropriazioni dello spazio urbano<\/p>\n<p style=\"text-align: justify\">Culture indigene e spazi urbani<\/p>\n<p style=\"text-align: justify\">Riflessione sulla dicotomia rurale\/urbano<\/p>\n<p style=\"text-align: justify\">Citt\u00e0 del sud Vs citt\u00e0 del nord<\/p>\n<p style=\"text-align: justify\">Impatto dei flussi migratori nazionali e transazionali<\/p>\n<p style=\"text-align: justify\">Resistenza alle pratiche egemoniche di definizione degli spazi urbani<\/p>\n<p style=\"text-align: justify\">Le studiose e gli studiosi che desiderino partecipare possono inviare i loro contributi entro il 1 settembre 2017, alla pagina web della rivista, nella sezione \u2018proposte online\u2019 (<a href=\"http:\/\/ojs.unica.it\/index.php\/cisap\/about\/submissions#onlineSubmissions\">http:\/\/ojs.unica.it\/index.php\/cisap\/about\/submissions#onlineSubmissions<\/a>), nella quale si possono consultare le Norme editoriali (<a href=\"http:\/\/ojs.unica.it\/index.php\/cisap\/about\/submissions#authorGuidelines\">http:\/\/ojs.unica.it\/index.php\/cisap\/about\/submissions#authorGuidelines<\/a>).<\/p>\n<p style=\"text-align: justify\"><a href=\"http:\/\/www.unica.it\"><img loading=\"lazy\" decoding=\"async\" class=\"alignnone wp-image-1810\" src=\"http:\/\/sites.unica.it\/cisap\/files\/2012\/04\/logouniv800-150x150.gif\" alt=\"\" width=\"142\" height=\"142\" srcset=\"https:\/\/sites.unica.it\/cisap\/files\/2012\/04\/logouniv800-150x150.gif 150w, https:\/\/sites.unica.it\/cisap\/files\/2012\/04\/logouniv800-300x300.gif 300w, https:\/\/sites.unica.it\/cisap\/files\/2012\/04\/logouniv800-768x768.gif 768w\" sizes=\"auto, (max-width: 142px) 100vw, 142px\" \/><\/a><a href=\"http:\/\/dipartimenti.unica.it\/filologialetteraturaelinguistica\/\"><img loading=\"lazy\" decoding=\"async\" class=\"alignnone wp-image-1818\" src=\"http:\/\/sites.unica.it\/cisap\/files\/2012\/04\/FLL-01.png\" alt=\"\" width=\"142\" height=\"57\" \/><\/a><a href=\"http:\/\/dipartimenti.unica.it\/ingegneriacivileambientaleearchitettura\/\"><img loading=\"lazy\" decoding=\"async\" class=\"alignnone wp-image-1815\" src=\"http:\/\/sites.unica.it\/cisap\/files\/2012\/04\/logo-dicaar1.jpg\" alt=\"\" width=\"142\" height=\"44\" \/><\/a><\/p>\n<p>&nbsp;<\/p>\n","protected":false},"excerpt":{"rendered":"<p>\u00c8 online la Call for papers per il secondo numero di Am\u00e9rica Cr\u00edtica Call for papers vol. 1 n.2 (2017) Am\u00e9rica Cr\u00edtica Am\u00e9rica Cr\u00edtica 2017 (2) http:\/\/ojs.unica.it\/index.php\/cisap\/index Data limite: 1 settembre 2017 \u201cLinguaggi dell\u2019urbanizzazione e visioni della citt\u00e0\u201d La rivista &hellip; <a href=\"https:\/\/sites.unica.it\/cisap\/\">Continua a leggere<span class=\"meta-nav\">&rarr;<\/span><\/a><\/p>\n","protected":false},"author":643,"featured_media":0,"parent":0,"menu_order":0,"comment_status":"closed","ping_status":"closed","template":"","meta":{"footnotes":""},"class_list":["post-102","page","type-page","status-publish","hentry"],"_links":{"self":[{"href":"https:\/\/sites.unica.it\/cisap\/wp-json\/wp\/v2\/pages\/102","targetHints":{"allow":["GET"]}}],"collection":[{"href":"https:\/\/sites.unica.it\/cisap\/wp-json\/wp\/v2\/pages"}],"about":[{"href":"https:\/\/sites.unica.it\/cisap\/wp-json\/wp\/v2\/types\/page"}],"author":[{"embeddable":true,"href":"https:\/\/sites.unica.it\/cisap\/wp-json\/wp\/v2\/users\/643"}],"replies":[{"embeddable":true,"href":"https:\/\/sites.unica.it\/cisap\/wp-json\/wp\/v2\/comments?post=102"}],"version-history":[{"count":11,"href":"https:\/\/sites.unica.it\/cisap\/wp-json\/wp\/v2\/pages\/102\/revisions"}],"predecessor-version":[{"id":1884,"href":"https:\/\/sites.unica.it\/cisap\/wp-json\/wp\/v2\/pages\/102\/revisions\/1884"}],"wp:attachment":[{"href":"https:\/\/sites.unica.it\/cisap\/wp-json\/wp\/v2\/media?parent=102"}],"curies":[{"name":"wp","href":"https:\/\/api.w.org\/{rel}","templated":true}]}}