{"id":196,"date":"2012-06-27T10:26:17","date_gmt":"2012-06-27T10:26:17","guid":{"rendered":"http:\/\/people.unica.it\/meccanica\/?page_id=196"},"modified":"2014-12-20T10:08:22","modified_gmt":"2014-12-20T10:08:22","slug":"docenti","status":"publish","type":"page","link":"https:\/\/sites.unica.it\/cagliaripersia\/chi-siamo\/docenti\/","title":{"rendered":"La docente: Bianca Maria Filippini"},"content":{"rendered":"<p style=\"text-align: center\"><a href=\"http:\/\/sites.unica.it\/cagliaripersia\/files\/2012\/06\/bianca.jpg\"><img decoding=\"async\" class=\"size-full wp-image-1853 aligncenter\" src=\"http:\/\/sites.unica.it\/cagliaripersia\/files\/2012\/06\/bianca.jpg\" alt=\"bianca\" width=\"259\" height=\"194\" srcset=\"https:\/\/sites.unica.it\/cagliaripersia\/files\/2012\/06\/bianca.jpg 259w, https:\/\/sites.unica.it\/cagliaripersia\/files\/2012\/06\/bianca-2x2.jpg 2w\" sizes=\"(max-width: 259px) 100vw, 259px\" \/><\/a>prof. <strong>Bianca Maria Filippini<\/strong><\/p>\n<p style=\"text-align: center\"><strong>Email:\u00a0<\/strong><a href=\"biancamaria.filippini@gmail.com\">biancamaria.filippini@gmail.com<\/a><\/p>\n<p style=\"text-align: center\"><a title=\"unito\" href=\"http:\/\/asiaeafrica.campusnet.unito.it\/do\/avvisi.pl\/Show?_id=h0j2;sort=DEFAULT;search=setaresan;hits=1\" target=\"_blank\"><strong>Universit\u00e0 degli Studi di Torino<\/strong><\/a><strong>, Dipartimento:<\/strong>\u00a0<a href=\"http:\/\/www.studium.unito.it\/?_nfpb=true\" target=\"_blank\">Dipartimento di Studi Umanistici<\/a><\/p>\n<p style=\"text-align: center\"><strong><a title=\"tuscia\" href=\"http:\/\/www3.unitus.it\/\" target=\"_blank\"> Universit\u00e0 degli Studi della Tuscia<\/a>, Dipartimento:\u00a0<\/strong><a href=\"http:\/\/www.deb.unitus.it\/web\/interna.asp?idCat=4\">Distu<\/a><\/p>\n<p><strong>Breve profilo<\/strong><\/p>\n<p>Laureata col massimo dei voti in Lingua e Civilt\u00e0 Orientali nel 2004 con una tesi in Lingua e Letteratura persiana, quattro anni dopo consegue un dottorato di ricerca con una tesi dal titolo &#8220;La rilevanza del testo letterario e l&#8217;apporto degli scrittori sulle origini e sugli sviluppi del cinema in Iran&#8221;. E&#8217; attualmente docente incaricata di Lingua persiana presso il Dipartimento di Studi Umanistici dell&#8217;Universit\u00e0 degli Studi di Torino e presso l&#8217;Icro. Ruolo gi\u00e0 ricoperto presso l&#8217;Universit\u00e0 degli Studi della Tuscia.\u00a0Ha svolto ricerche in diverse universit\u00e0 straniere e presso l&#8217;<em>International Center for Persian Studies<\/em> di Teheran.<\/p>\n<p>Ha partecipato ai seguenti programmi di ricerca:<\/p>\n<ul>\n<li>\u00abNovellistica medioevale italiana e racconto breve d\u2019Iran\u00bb, direttore di ricerca Prof. G.M. D\u2019Erme, Universit\u00e0 degli Studi di Napoli &#8220;L&#8217;Orientale&#8221;, Dipartimento di Studi asiatici (2005-2006).<\/li>\n<li>\u00abNarrativa persiana di viaggio tra resoconto e invenzione: tradizione e innovazione in epoca qajar\u00bb, direttore di ricerca Prof. Natalia L. Tornesello, Universit\u00e0 degli Studi di Napoli \u201cL\u2019Orientale\u201d, Dipartimento di Studi asiatici (2009)<\/li>\n<li>\u00abProduzione letteraria persiana tra XIX e XX secolo: identit\u00e0 nazionale e impegno politico tra tradizione e innovazione\u00bb direttore di ricerca Prof. Natalia L. Tornesello, Universit\u00e0 degli Studi di Napoli \u201cL\u2019Orientale\u201d, Dipartimento di Studi asiatici (2010-2012).<\/li>\n<\/ul>\n","protected":false},"excerpt":{"rendered":"<p>prof. Bianca Maria Filippini Email:\u00a0biancamaria.filippini@gmail.com Universit\u00e0 degli Studi di Torino, Dipartimento:\u00a0Dipartimento di Studi Umanistici Universit\u00e0 degli Studi della Tuscia, Dipartimento:\u00a0Distu Breve profilo Laureata col massimo dei voti in Lingua e Civilt\u00e0 Orientali nel 2004 con una tesi in Lingua e Letteratura persiana, quattro anni dopo consegue un dottorato di ricerca con una tesi dal titolo &#8220;La rilevanza del testo letterario e l&#8217;apporto degli scrittori sulle origini e sugli sviluppi del cinema in Iran&#8221;. E&#8217; attualmente docente incaricata di Lingua persiana presso il Dipartimento di Studi Umanistici dell&#8217;Universit\u00e0 degli Studi di Torino e presso l&#8217;Icro. Ruolo gi\u00e0 ricoperto presso l&#8217;Universit\u00e0 degli <a href='https:\/\/sites.unica.it\/cagliaripersia\/chi-siamo\/docenti\/' class='excerpt-more'>[&#8230;]<\/a><\/p>\n","protected":false},"author":1,"featured_media":0,"parent":90,"menu_order":0,"comment_status":"closed","ping_status":"closed","template":"","meta":{"footnotes":""},"class_list":["post-196","page","type-page","status-publish","hentry","post-seq-1","post-parity-odd","meta-position-corners","fix"],"_links":{"self":[{"href":"https:\/\/sites.unica.it\/cagliaripersia\/wp-json\/wp\/v2\/pages\/196","targetHints":{"allow":["GET"]}}],"collection":[{"href":"https:\/\/sites.unica.it\/cagliaripersia\/wp-json\/wp\/v2\/pages"}],"about":[{"href":"https:\/\/sites.unica.it\/cagliaripersia\/wp-json\/wp\/v2\/types\/page"}],"author":[{"embeddable":true,"href":"https:\/\/sites.unica.it\/cagliaripersia\/wp-json\/wp\/v2\/users\/1"}],"replies":[{"embeddable":true,"href":"https:\/\/sites.unica.it\/cagliaripersia\/wp-json\/wp\/v2\/comments?post=196"}],"version-history":[{"count":18,"href":"https:\/\/sites.unica.it\/cagliaripersia\/wp-json\/wp\/v2\/pages\/196\/revisions"}],"predecessor-version":[{"id":1859,"href":"https:\/\/sites.unica.it\/cagliaripersia\/wp-json\/wp\/v2\/pages\/196\/revisions\/1859"}],"up":[{"embeddable":true,"href":"https:\/\/sites.unica.it\/cagliaripersia\/wp-json\/wp\/v2\/pages\/90"}],"wp:attachment":[{"href":"https:\/\/sites.unica.it\/cagliaripersia\/wp-json\/wp\/v2\/media?parent=196"}],"curies":[{"name":"wp","href":"https:\/\/api.w.org\/{rel}","templated":true}]}}