{"id":155,"date":"2012-06-26T17:40:36","date_gmt":"2012-06-26T17:40:36","guid":{"rendered":"http:\/\/people.unica.it\/meccanica\/?page_id=155"},"modified":"2014-12-20T08:27:33","modified_gmt":"2014-12-20T08:27:33","slug":"orario-lezioni","status":"publish","type":"page","link":"https:\/\/sites.unica.it\/cagliaripersia\/calendario-e-orari\/orario-lezioni\/","title":{"rendered":"Orario lezioni"},"content":{"rendered":"<p><span style=\"color: #0000ff\"><strong>LINGUA PERSIANA\u00a0I (principianti assoluti), Aula 2, ex CM<\/strong><\/span><\/p>\n<p><span style=\"color: #ff0000\"><strong>Dicembre 2014<\/strong><\/span><\/p>\n<table style=\"border-color: #000000\">\n<tbody>\n<tr>\n<td width=\"217\"><strong>MERCOLED\u00cc 3<\/strong><\/td>\n<td width=\"217\">16:30- 18<\/td>\n<\/tr>\n<tr>\n<td width=\"217\"><strong>GIOVED\u00cc 4<\/strong><\/td>\n<td width=\"217\">17-20<\/td>\n<\/tr>\n<tr>\n<td width=\"217\"><strong>GIOVED\u00cc 11<\/strong><\/td>\n<td width=\"217\">10-13<\/td>\n<\/tr>\n<tr>\n<td width=\"217\"><strong>LUNED\u00cc 15<\/strong><\/td>\n<td width=\"217\">18-20<\/td>\n<\/tr>\n<tr>\n<td width=\"217\"><strong>GIOVED\u00cc 18<\/strong><\/td>\n<td width=\"217\">10-13<\/td>\n<\/tr>\n<\/tbody>\n<\/table>\n<p>&nbsp;<\/p>\n<p><span style=\"color: #ff0000\"><strong>Gennaio 2015<\/strong><\/span><\/p>\n<table>\n<tbody>\n<tr>\n<td width=\"217\"><strong>GIOVED\u00cc 8<br \/>\n<\/strong><\/td>\n<td width=\"217\">10-13<\/td>\n<\/tr>\n<tr>\n<td width=\"217\"><strong>LUNED\u00cc 12<br \/>\n<\/strong><\/td>\n<td width=\"217\">18-20<\/td>\n<\/tr>\n<tr>\n<td width=\"217\"><strong>GIOVED\u00cc 15<br \/>\n<\/strong><\/td>\n<td width=\"217\">10-13<\/td>\n<\/tr>\n<tr>\n<td width=\"217\"><strong>LUNED\u00cc 19<br \/>\n<\/strong><\/td>\n<td width=\"217\">18-20<\/td>\n<\/tr>\n<tr>\n<td width=\"217\"><strong>GIOVED\u00cc 22<br \/>\n<\/strong><\/td>\n<td width=\"217\">10-13<\/td>\n<\/tr>\n<tr>\n<td width=\"217\"><strong>VENERD\u00cc 23<br \/>\n<\/strong><\/td>\n<td width=\"217\">10-13<\/td>\n<\/tr>\n<tr>\n<td width=\"217\"><strong>DA LUNED\u00cc 26 A VENERD\u00cc 30<br \/>\n<\/strong><\/td>\n<td width=\"217\">18-20<\/td>\n<\/tr>\n<\/tbody>\n<\/table>\n<p>&nbsp;<\/p>\n<p><strong><span style=\"color: #ff0000\">Febbraio 2015<\/span><\/strong><\/p>\n<table>\n<tbody>\n<tr>\n<td width=\"217\"><strong>DA LUNED\u00cc 2 A VENERD\u00cc 6<\/strong><\/td>\n<td width=\"217\">18-20<\/td>\n<\/tr>\n<tr>\n<td width=\"217\"><strong>LUNED\u00cc 9<\/strong><\/td>\n<td width=\"217\">18-20<\/td>\n<\/tr>\n<tr>\n<td width=\"217\"><strong>MARTED\u00cc 10<\/strong><\/td>\n<td width=\"217\">18-20<\/td>\n<\/tr>\n<tr>\n<td width=\"217\"><strong>MERCOLED\u00cc 11<br \/>\n<\/strong><\/td>\n<td width=\"217\"><em><span style=\"color: #ff0000\">ORARIO DA DEFINIRE<\/span><\/em><\/td>\n<\/tr>\n<\/tbody>\n<\/table>\n<p>&nbsp;<\/p>\n<p><span style=\"color: #0000ff\"><strong>LINGUA PERSIANA\u00a0II (principianti avanzati), Aula 2, ex CM<\/strong><\/span><\/p>\n<p><span style=\"color: #ff0000\"><strong>Gennaio 2015<\/strong><\/span><\/p>\n<table>\n<tbody>\n<tr>\n<td width=\"217\"><strong>DA LUNED\u00cc 26 A VENERD\u00cc 30<br \/>\n<\/strong><\/td>\n<td width=\"217\">16-18<\/td>\n<\/tr>\n<\/tbody>\n<\/table>\n<p>&nbsp;<\/p>\n<p><strong><span style=\"color: #ff0000\">Febbraio 2015<\/span><\/strong><\/p>\n<table>\n<tbody>\n<tr>\n<td width=\"217\"><strong>DA LUNED\u00cc 2 A VENERD\u00cc 6<\/strong><\/td>\n<td width=\"217\">16-18<\/td>\n<\/tr>\n<tr>\n<td width=\"217\"><strong>LUNED\u00cc 9<\/strong><\/td>\n<td width=\"217\">16-18<\/td>\n<\/tr>\n<tr>\n<td width=\"217\"><strong>MARTED\u00cc 10<\/strong><\/td>\n<td width=\"217\">16-18<\/td>\n<\/tr>\n<tr>\n<td width=\"217\"><strong>MERCOLED\u00cc 11<br \/>\n<\/strong><\/td>\n<td width=\"217\"><em><span style=\"color: #ff0000\">ORARIO DA DEFINIRE<\/span><\/em><\/td>\n<\/tr>\n<\/tbody>\n<\/table>\n<p>&nbsp;<\/p>","protected":false},"excerpt":{"rendered":"<p>LINGUA PERSIANA\u00a0I (principianti assoluti), Aula 2, ex CM Dicembre 2014 MERCOLED\u00cc 3 16:30- 18 GIOVED\u00cc 4 17-20 GIOVED\u00cc 11 10-13 LUNED\u00cc 15 18-20 GIOVED\u00cc 18 10-13 &nbsp; Gennaio 2015 GIOVED\u00cc 8 10-13 LUNED\u00cc 12 18-20 GIOVED\u00cc 15 10-13 LUNED\u00cc 19 18-20 GIOVED\u00cc 22 10-13 VENERD\u00cc 23 10-13 DA LUNED\u00cc 26 A VENERD\u00cc 30 18-20 &nbsp; Febbraio 2015 DA LUNED\u00cc 2 A VENERD\u00cc 6 18-20 LUNED\u00cc 9 18-20 MARTED\u00cc 10 18-20 MERCOLED\u00cc 11 ORARIO DA DEFINIRE &nbsp; LINGUA PERSIANA\u00a0II (principianti avanzati), Aula 2, ex CM Gennaio 2015 DA LUNED\u00cc 26 A VENERD\u00cc 30 16-18 &nbsp; Febbraio 2015 DA LUNED\u00cc 2 A <a href='https:\/\/sites.unica.it\/cagliaripersia\/calendario-e-orari\/orario-lezioni\/' class='excerpt-more'>[&#8230;]<\/a><\/p>\n","protected":false},"author":1,"featured_media":0,"parent":1269,"menu_order":0,"comment_status":"closed","ping_status":"closed","template":"","meta":{"footnotes":""},"class_list":["post-155","page","type-page","status-publish","hentry","post-seq-1","post-parity-odd","meta-position-corners","fix"],"_links":{"self":[{"href":"https:\/\/sites.unica.it\/cagliaripersia\/wp-json\/wp\/v2\/pages\/155","targetHints":{"allow":["GET"]}}],"collection":[{"href":"https:\/\/sites.unica.it\/cagliaripersia\/wp-json\/wp\/v2\/pages"}],"about":[{"href":"https:\/\/sites.unica.it\/cagliaripersia\/wp-json\/wp\/v2\/types\/page"}],"author":[{"embeddable":true,"href":"https:\/\/sites.unica.it\/cagliaripersia\/wp-json\/wp\/v2\/users\/1"}],"replies":[{"embeddable":true,"href":"https:\/\/sites.unica.it\/cagliaripersia\/wp-json\/wp\/v2\/comments?post=155"}],"version-history":[{"count":28,"href":"https:\/\/sites.unica.it\/cagliaripersia\/wp-json\/wp\/v2\/pages\/155\/revisions"}],"predecessor-version":[{"id":1856,"href":"https:\/\/sites.unica.it\/cagliaripersia\/wp-json\/wp\/v2\/pages\/155\/revisions\/1856"}],"up":[{"embeddable":true,"href":"https:\/\/sites.unica.it\/cagliaripersia\/wp-json\/wp\/v2\/pages\/1269"}],"wp:attachment":[{"href":"https:\/\/sites.unica.it\/cagliaripersia\/wp-json\/wp\/v2\/media?parent=155"}],"curies":[{"name":"wp","href":"https:\/\/api.w.org\/{rel}","templated":true}]}}