{"id":96,"date":"2025-05-05T13:21:48","date_gmt":"2025-05-05T11:21:48","guid":{"rendered":"https:\/\/sites.unica.it\/beencagliari\/?page_id=96"},"modified":"2026-04-09T11:02:13","modified_gmt":"2026-04-09T09:02:13","slug":"conference-programma","status":"publish","type":"page","link":"https:\/\/sites.unica.it\/beencagliari\/conference-programma\/","title":{"rendered":"14th BEEN Meeting Programme"},"content":{"rendered":"\n<hr class=\"wp-block-separator has-alpha-channel-opacity\" \/>\n\n\n\n<div class=\"wp-block-columns is-layout-flex wp-container-core-columns-is-layout-28f84493 wp-block-columns-is-layout-flex\">\n<div class=\"wp-block-column is-layout-flow wp-block-column-is-layout-flow\">\n<h3 class=\"wp-block-heading\"><strong>25th September 2025<\/strong><\/h3>\n\n\n\n<p><em><strong>Location<\/strong>: <\/em><br><em>Department of Economics and Business. Via Sant&#8217;Ignazio da Laconi, 78.<\/em><\/p>\n\n\n\n<p><\/p>\n\n\n\n<p><strong>13:30 &#8211; 14:00:<\/strong> Registration<br><em>Room Emilio Lussu (ex Aula B)<\/em><\/p>\n\n\n\n<p><strong>14:00 &#8211; 14:10:<\/strong> Institutional Greetings and introduction by Vittorio Pelligra &amp; Andrea Isoni.<br><em>Room Emilio Lussu (ex Aula B)<\/em><\/p>\n\n\n\n<p><strong>14:10-15:50:<\/strong> Session 1 (<em><em>Room Emilio Lussu (ex Aula B)<\/em><\/em>) + Session 2 (Room 2)<\/p>\n\n\n\n<p><strong><mark style=\"background-color:#22569b\" class=\"has-inline-color has-background-color\">15:50 &#8211; 16:50: Uri Gneezy ~ Keynote Speech<\/mark><\/strong> (<em><em>Room Emilio Lussu (ex Aula B)<\/em><\/em>)<br>Talk: <em>High Stakes<\/em>.<\/p>\n\n\n\n<p><strong>16:50 &#8211; 17:20:<\/strong> Coffee Break<\/p>\n\n\n\n<p><strong>17:20 &#8211; 18:40:<\/strong> Session 3 (Room Emilio Lussu) + Session 4 (Room 2)<\/p>\n\n\n\n<p><strong>18:50: <\/strong>Departure for dinner destination<\/p>\n\n\n\n<p><strong>19:00 &#8211; 22:00:<\/strong> Social Dinner<br><em>Transportation to the location of the social dinner will be provided by the organization.<\/em><\/p>\n<\/div>\n\n\n\n<div class=\"wp-block-column is-layout-flow wp-block-column-is-layout-flow\">\n<h3 class=\"wp-block-heading\"><strong>26th September 2025<\/strong><\/h3>\n\n\n\n<p><em><strong>Location<\/strong>: <\/em><br><em>Cittadella dei Musei. Piazza Arsenale, 1.<\/em><\/p>\n\n\n\n<p><\/p>\n\n\n\n<p><strong>8:40 &#8211; 10:20:<\/strong> Session 5 (Room \u201cCoroneo\u201d) and Session 6 (Room \u201cRossa\u201d)<\/p>\n\n\n\n<p><br><strong>10:20 &#8211; 10:50:<\/strong> Coffee Break<\/p>\n\n\n\n<p><mark style=\"background-color:#22569b\" class=\"has-inline-color has-background-color\"><strong>10:50 &#8211; 11:50: Nicolas Jacquemet <strong>~<\/strong><\/strong> <strong>Keynote Speech<\/strong><\/mark> <em>(Room \u201cCoroneo\u201d<\/em>)<br>Talk: <em>The malleability of social expectations: (some) experimental evidence and policy implications.<\/em><\/p>\n\n\n\n<p><strong>11:50 &#8211; 13:30:<\/strong> Session 7 (Room \u201cCoroneo\u201d) + Session 8 (Room \u201cRossa\u201d)<\/p>\n\n\n\n<p><strong>13:30:<\/strong> Farewell<\/p>\n<\/div>\n<\/div>\n\n\n\n<hr class=\"wp-block-separator has-alpha-channel-opacity\" \/>\n\n\n\n<h2 class=\"wp-block-heading\"><strong>Parallel Sessions<\/strong><\/h2>\n\n\n\n<p>Notes: <em>All presentations will last 20 minutes (including Q&amp;A)<\/em>. <em>The last speaker of the session will act as chair.<\/em> <em>There will always be a member of the support staff in each classroom.<\/em><\/p>\n\n\n\n<h3 class=\"wp-block-heading\"><strong>25\/09\/2025 &#8211; 14:10-15:50<\/strong><\/h3>\n\n\n\n<div class=\"wp-block-columns is-layout-flex wp-container-core-columns-is-layout-28f84493 wp-block-columns-is-layout-flex\">\n<div class=\"wp-block-column is-layout-flow wp-block-column-is-layout-flow\">\n<h4 class=\"wp-block-heading\"><strong>Session 1<\/strong> (<em><em>Room Emilio Lussu (ex Aula B)<\/em><\/em>)<\/h4>\n\n\n\n<ul class=\"wp-block-list\">\n<li style=\"margin-top:var(--wp--preset--spacing--30);margin-right:0;margin-bottom:var(--wp--preset--spacing--30);margin-left:0;padding-top:0;padding-bottom:0\"><strong>Federica Maria Raiti.<\/strong> <em>Social Cohesion and Climate Change Exposure: An Experimental Analysis from Small-Scale Societies in Papua New Guinea<\/em>.<\/li>\n\n\n\n<li style=\"margin-top:var(--wp--preset--spacing--30);margin-right:0;margin-bottom:var(--wp--preset--spacing--30);margin-left:0;padding-top:0;padding-bottom:0\"><strong>Gabriel Bontemps.<\/strong> <em>Reference Updating and Adaptive Behaviour under Inflation Shocks: Experimental Evidence with Narrative and Network Treatments<\/em>.<\/li>\n\n\n\n<li><strong>Luca Congiu.<\/strong> <em>Framing Allais: Is the Paradox Robust to the Pictorial Framing of Lotteries? <\/em><\/li>\n\n\n\n<li style=\"margin-top:var(--wp--preset--spacing--30);margin-right:0;margin-bottom:var(--wp--preset--spacing--30);margin-left:0;padding-top:0;padding-bottom:0\"><strong>Vasudha Chopra.<\/strong> <em>Battle or Bargain? Experimental evidence on conflict and compromise<\/em>.<\/li>\n\n\n\n<li><strong>Hakan Ozyilmaz. <\/strong><em>Two-Sided Financial Technology Underadoption. <\/em><\/li>\n<\/ul>\n<\/div>\n\n\n\n<div class=\"wp-block-column is-layout-flow wp-block-column-is-layout-flow\">\n<h4 class=\"wp-block-heading\"><strong>Session <\/strong>2 (Room 2)<\/h4>\n\n\n\n<ul class=\"wp-block-list\">\n<li style=\"margin-top:var(--wp--preset--spacing--30);margin-right:0;margin-bottom:var(--wp--preset--spacing--30);margin-left:0\"><strong>Anna Veri.<\/strong> <em>Waiting Instead of Working: Experimental Evidence on Willingness to Work after Delayed Task Access<\/em>.<\/li>\n\n\n\n<li style=\"margin-top:var(--wp--preset--spacing--30);margin-right:0;margin-bottom:var(--wp--preset--spacing--30);margin-left:0\"><strong>Vojtech Bartos. <\/strong><em>The Color of Knowledge: Impacts of Tutor Race on Learning and Performance<\/em>.<\/li>\n\n\n\n<li style=\"margin-top:var(--wp--preset--spacing--30);margin-right:0;margin-bottom:var(--wp--preset--spacing--30);margin-left:0\"><strong>Gianpietro Sgaramella.<\/strong> <em>Boosting deliberation to promote self-directed pro-environmental behavior change in consumers: an online experiment<\/em>.<\/li>\n\n\n\n<li style=\"margin-top:var(--wp--preset--spacing--30);margin-right:0;margin-bottom:var(--wp--preset--spacing--30);margin-left:0\"><strong>Claudio Deiana.<\/strong> <em>Addictive Consumption, Imperfect Substitutes and Self Control: A Model and an Application to Slot Machines<\/em>.<\/li>\n<\/ul>\n<\/div>\n<\/div>\n\n\n\n<hr class=\"wp-block-separator has-alpha-channel-opacity\" \/>\n\n\n\n<h3 class=\"wp-block-heading\"><strong>25\/09\/2025 &#8211; 17:20-18:40<\/strong><\/h3>\n\n\n\n<div class=\"wp-block-columns is-layout-flex wp-container-core-columns-is-layout-28f84493 wp-block-columns-is-layout-flex\">\n<div class=\"wp-block-column is-layout-flow wp-block-column-is-layout-flow\">\n<h4 class=\"wp-block-heading\">Session 3 (<em><em>Room Emilio Lussu (ex Aula B)<\/em><\/em>)<\/h4>\n\n\n\n<ul class=\"wp-block-list\">\n<li style=\"margin-top:var(--wp--preset--spacing--30);margin-bottom:var(--wp--preset--spacing--30)\"><strong>Daniel Martinez Felip.<\/strong> <em>From disapproval to social exclusion: the endogenous formation of social incentives for collectively beneficial behaviours<\/em>.<\/li>\n\n\n\n<li style=\"margin-top:var(--wp--preset--spacing--30);margin-bottom:var(--wp--preset--spacing--30)\"><strong>Indigo Jones.<\/strong> <em>Medical Deserts and Healthcare Worker Location Incentives: In Search of a Solution that Scales. <\/em><\/li>\n\n\n\n<li style=\"margin-top:var(--wp--preset--spacing--30);margin-bottom:var(--wp--preset--spacing--30)\"><strong>Shaye Hopkins.<\/strong> <em>Dialogues on Democracy: AI Conversations Reduce Inaccurate Election Denial Beliefs<\/em>.<\/li>\n\n\n\n<li style=\"margin-top:var(--wp--preset--spacing--30);margin-bottom:var(--wp--preset--spacing--30)\"><strong>Mariana Videira.<\/strong> <em>Measuring Preferences for Non-Use: A DCE Approach to Missed Healthcare Appointments<\/em>.<\/li>\n<\/ul>\n<\/div>\n\n\n\n<div class=\"wp-block-column is-layout-flow wp-block-column-is-layout-flow\">\n<h4 class=\"wp-block-heading\">Session 4 (Room 2)<\/h4>\n\n\n\n<ul class=\"wp-block-list\">\n<li style=\"margin-top:var(--wp--preset--spacing--30);margin-bottom:var(--wp--preset--spacing--30)\"><strong>Anna Conte.<\/strong> <em>Grasp All, Lose All: Information Overload under Ambiguity<\/em>.<\/li>\n\n\n\n<li style=\"margin-top:var(--wp--preset--spacing--30);margin-bottom:var(--wp--preset--spacing--30)\"><strong>Yasmin Doghri.<\/strong> <em>Who\u2019s &#8220;Us&#8221;? In-Group Framing and Prosocial Behavior in a Minority Setting. <\/em><\/li>\n\n\n\n<li style=\"margin-top:var(--wp--preset--spacing--30);margin-bottom:var(--wp--preset--spacing--30)\"><strong>Robin Scheuch.<\/strong> <em>Weak Enforcement and Social Norms: A Laboratory Experiment on Tax Evasion. <\/em><\/li>\n\n\n\n<li style=\"margin-top:var(--wp--preset--spacing--30);margin-bottom:var(--wp--preset--spacing--30)\"><strong>Cristiana Angelini.<\/strong><em> GAMEDON: Ludo-educational policies for the promotion of blood and plasma donation<\/em>.<\/li>\n<\/ul>\n<\/div>\n<\/div>\n\n\n\n<hr class=\"wp-block-separator has-alpha-channel-opacity\" \/>\n\n\n\n<h3 class=\"wp-block-heading\"><strong>26\/09\/2025 &#8211; 8:40-10:20<\/strong><\/h3>\n\n\n\n<div class=\"wp-block-columns is-layout-flex wp-container-core-columns-is-layout-28f84493 wp-block-columns-is-layout-flex\">\n<div class=\"wp-block-column is-layout-flow wp-block-column-is-layout-flow\">\n<h4 class=\"wp-block-heading\">Session 5  (Room \u201cCoroneo\u201d) <\/h4>\n\n\n\n<ul class=\"wp-block-list\">\n<li style=\"margin-top:var(--wp--preset--spacing--30);margin-bottom:var(--wp--preset--spacing--30)\"><strong>Valeria Maggian.<\/strong> &#8220;<em>Negotiation through the lens of cooperative game theory:\u00a0 males and females bargaining ability and fairness&#8221; &#8211; <\/em>(Jos\u00e9 J. Dom\u00ednguez, Valeria Maggian, Andr\u00e9s Salamanca).<\/li>\n\n\n\n<li><strong>Danae Arroyos-Calvera.<\/strong> <em>Competition and Empathy. <\/em><\/li>\n\n\n\n<li style=\"margin-top:var(--wp--preset--spacing--30);margin-bottom:var(--wp--preset--spacing--30)\"><strong>Milos Fisar. <\/strong><em>Rewarding Investments in Innovation Through Auctions. <\/em><\/li>\n\n\n\n<li><strong>Alessandro Cunsolo<\/strong>. <span style=\"margin: 0px;padding: 0px\"><em>Experimental investigation of the redistributive preferences<\/em><\/span><em><span style=\"margin: 0px;padding: 0px\">&nbsp;between Northern and Southern It<\/span>alians.<\/em><\/li>\n\n\n\n<li style=\"margin-top:var(--wp--preset--spacing--30);margin-bottom:var(--wp--preset--spacing--30)\"><strong>Natalia Montinari.<\/strong> <em>Family, Gender, and Ideology: How Neoconservative Framing Shapes Fertility Choices-Experimental Evidence from a Representative Sample of Young Italians<\/em>.<\/li>\n<\/ul>\n<\/div>\n\n\n\n<div class=\"wp-block-column is-layout-flow wp-block-column-is-layout-flow\">\n<h4 class=\"wp-block-heading\">Session 6 (Room \u201cRossa\u201d)<\/h4>\n\n\n\n<ul class=\"wp-block-list\">\n<li><strong>Agne Kajackaite.<\/strong> <em>Demand for conspiracy theories<\/em>.<\/li>\n\n\n\n<li style=\"margin-top:var(--wp--preset--spacing--30);margin-bottom:var(--wp--preset--spacing--30)\"><strong>Despoina Alempaki.<\/strong> <em>Narratives, Actions, and Impact on Dishonesty. <\/em><\/li>\n\n\n\n<li style=\"margin-top:var(--wp--preset--spacing--30);margin-bottom:var(--wp--preset--spacing--30)\"><strong>Florens Constantijn Pfann.<\/strong> <em>Addressing the \u2018Lemons\u2019 Problem: Quality Uncertainty in the Battery Engine Vehicle Era<\/em>.<\/li>\n\n\n\n<li style=\"margin-top:var(--wp--preset--spacing--30);margin-bottom:var(--wp--preset--spacing--30)\"><strong>Andrea Marietta Leina.<\/strong> <em>Pluralistic Ignorance and Sustainable Mobility. <\/em><\/li>\n\n\n\n<li style=\"margin-top:var(--wp--preset--spacing--30);margin-bottom:var(--wp--preset--spacing--30)\"><strong>Juan Francisco Blazquiz Pulido.<\/strong><em> Unlocking strategic sophistication: How partners shape learning and transfer<\/em>.<\/li>\n<\/ul>\n<\/div>\n<\/div>\n\n\n\n<hr class=\"wp-block-separator has-alpha-channel-opacity\" \/>\n\n\n\n<h3 class=\"wp-block-heading\"><strong>26\/09\/2025 &#8211; 11:50-13:30<\/strong><\/h3>\n\n\n\n<div class=\"wp-block-columns is-layout-flex wp-container-core-columns-is-layout-28f84493 wp-block-columns-is-layout-flex\">\n<div class=\"wp-block-column is-layout-flow wp-block-column-is-layout-flow\">\n<h4 class=\"wp-block-heading\">Session 7  (Room \u201cCoroneo\u201d) <\/h4>\n\n\n\n<ul class=\"wp-block-list\">\n<li style=\"margin-top:var(--wp--preset--spacing--30);margin-bottom:var(--wp--preset--spacing--30)\"><strong>Alessandro Salis.<\/strong> <em>Behavioral Lock-in and Environmental Restoration: How Past Exploitation Shapes Future Cooperation<\/em>.<\/li>\n\n\n\n<li style=\"margin-top:var(--wp--preset--spacing--30);margin-bottom:var(--wp--preset--spacing--30)\"><strong>Enrica Carbone.<\/strong> <em>An experimental investigation of the Italian North-South divide in cooperation and redistributive preferences. <\/em><\/li>\n\n\n\n<li style=\"margin-top:var(--wp--preset--spacing--30);margin-bottom:var(--wp--preset--spacing--30)\"><strong>Katharina Werner.<\/strong> <em>The impact of gender information on hiring decisions based on self-set performance targets<\/em>.<\/li>\n\n\n\n<li style=\"margin-top:var(--wp--preset--spacing--30);margin-bottom:var(--wp--preset--spacing--30)\"><strong>Chiara Gastaldi<\/strong>. <em>Rewiring the Code: AI-Powered Gender Role Models and STEM Aspirations &#8211; Evidence from a School-Based Randomized Controlled Trial. <\/em><\/li>\n\n\n\n<li style=\"margin-top:var(--wp--preset--spacing--30);margin-bottom:var(--wp--preset--spacing--30)\"><strong>Benedicta Hermanns.<\/strong> <em>Risk and Prosociality: Can Experimental Decisions Predict Health Behavior?<\/em><\/li>\n<\/ul>\n<\/div>\n\n\n\n<div class=\"wp-block-column is-layout-flow wp-block-column-is-layout-flow\">\n<h4 class=\"wp-block-heading\">Session 8 (Room \u201cRossa\u201d)<\/h4>\n\n\n\n<ul class=\"wp-block-list\">\n<li style=\"margin-top:var(--wp--preset--spacing--30);margin-bottom:var(--wp--preset--spacing--30)\"><strong>Paolo Crosetto.<\/strong> <em>Are Biases in Longevity Beliefs Elicitation an Artifact? Eliciting Full Distribution with Visual Support Reduces Biases<\/em>.<\/li>\n\n\n\n<li style=\"margin-top:var(--wp--preset--spacing--30);margin-bottom:var(--wp--preset--spacing--30)\"><strong>Filippo Pavesi.<\/strong> <span style=\"margin: 0px;padding: 0px\"><em>Cultural Consumption, Social Context, and Pro-environmental Behavior<\/em>.<\/span><\/li>\n\n\n\n<li style=\"margin-top:var(--wp--preset--spacing--30);margin-bottom:var(--wp--preset--spacing--30)\"><strong>Irene Locci.<\/strong> <em>Rule-following as a Signal of Trustworthiness<\/em>.<\/li>\n\n\n\n<li style=\"margin-top:var(--wp--preset--spacing--30);margin-bottom:var(--wp--preset--spacing--30)\"><strong>Salvatore Guido Alessandro De Marco.<\/strong> <em>AI-Augmented Decision-Making: Does ChatGPT Increase or Decrease Prosocial Behaviour? <\/em><\/li>\n\n\n\n<li style=\"margin-top:var(--wp--preset--spacing--30);margin-bottom:var(--wp--preset--spacing--30)\"><strong>Evangelos Mourelatos.<em> <\/em><\/strong><em>Can AI Bridge the Gender Gap in Competitiveness?<\/em><\/li>\n<\/ul>\n<\/div>\n<\/div>\n\n\n\n<p><\/p>\n","protected":false},"excerpt":{"rendered":"<p>25th September 2025 Location: Department of Economics and Business. Via Sant&#8217;Ignazio da Laconi, 78. 13:30 &#8211; 14:00: RegistrationRoom Emilio Lussu (ex Aula B) 14:00 &#8211; 14:10: Institutional Greetings and introduction by Vittorio Pelligra &amp; Andrea Isoni.Room [&hellip;]<\/p>\n","protected":false},"author":221,"featured_media":0,"parent":0,"menu_order":2,"comment_status":"closed","ping_status":"closed","template":"page-templates\/senza-sidebar.php","meta":{"footnotes":""},"class_list":["post-96","page","type-page","status-publish","hentry"],"_links":{"self":[{"href":"https:\/\/sites.unica.it\/beencagliari\/wp-json\/wp\/v2\/pages\/96","targetHints":{"allow":["GET"]}}],"collection":[{"href":"https:\/\/sites.unica.it\/beencagliari\/wp-json\/wp\/v2\/pages"}],"about":[{"href":"https:\/\/sites.unica.it\/beencagliari\/wp-json\/wp\/v2\/types\/page"}],"author":[{"embeddable":true,"href":"https:\/\/sites.unica.it\/beencagliari\/wp-json\/wp\/v2\/users\/221"}],"replies":[{"embeddable":true,"href":"https:\/\/sites.unica.it\/beencagliari\/wp-json\/wp\/v2\/comments?post=96"}],"version-history":[{"count":79,"href":"https:\/\/sites.unica.it\/beencagliari\/wp-json\/wp\/v2\/pages\/96\/revisions"}],"predecessor-version":[{"id":217,"href":"https:\/\/sites.unica.it\/beencagliari\/wp-json\/wp\/v2\/pages\/96\/revisions\/217"}],"wp:attachment":[{"href":"https:\/\/sites.unica.it\/beencagliari\/wp-json\/wp\/v2\/media?parent=96"}],"curies":[{"name":"wp","href":"https:\/\/api.w.org\/{rel}","templated":true}]}}