{"id":121,"date":"2022-04-19T14:22:25","date_gmt":"2022-04-19T12:22:25","guid":{"rendered":"https:\/\/sites.unica.it\/automaticait2022\/?page_id=121"},"modified":"2022-07-01T12:55:13","modified_gmt":"2022-07-01T10:55:13","slug":"committees","status":"publish","type":"page","link":"https:\/\/sites.unica.it\/automaticait2022\/committees\/","title":{"rendered":"COMMETTEES"},"content":{"rendered":"<h5>COMMITTEES<a id=\"scroll_top\"><\/a><\/h5>\n<h6><strong>Organizers<\/strong><\/h6>\n<p>Alessandro PISANO (Universit\u00e0 degli Studi di Cagliari)<br \/>\nCarla SEATZU (Universit\u00e0 degli Studi di Cagliari)<\/p>\n<h6><strong>SIDRA Executive Board<\/strong><\/h6>\n<p>Sauro LONGHI (Universit\u00e0 Politecnica delle Marche) &#8211; <strong>President<\/strong><br \/>\nAlberto CAVALLO (Universit\u00e0 degli Studi della Campania)<br \/>\nPatrizio COLANERI (Politecnico di Milano)<br \/>\nLaura GIARRE&#8217; (Universit\u00e0 degli Studi di Modena e Reggio Emilia)<br \/>\nSimona SACONE (Universit\u00e0 degli Studi di Genova)<\/p>\n<h6><strong>Program Committee<\/strong><\/h6>\n<p>Arturo BUSCARINO &#8211; <strong>President<\/strong><br \/>\nCarlo Alberto AVIZZANO (Scuola Superiore Sant&#8217;Anna)<br \/>\nMarco BAGLIETTO (Universit\u00e0 degli Studi di Genova)<br \/>\nMichele BASSO (Universit\u00e0 degli Studi di Firenze)<br \/>\nRiccardo CAPONETTO (Universit\u00e0 degli Studi di Catania)<br \/>\nRaffaele CARLI (Politecnico di Bari)<br \/>\nAlessandro CASAVOLA (Universit\u00e0 Mediterranea di Reggio Calabria)<br \/>\nLuca CONSOLINI (Universit\u00e0 degli Studi di Parma)<br \/>\nAdriano FAGIOLINI (Universit\u00e0 degli Studi di Palermo)<br \/>\nSophie FOSSON (Politecnico di Torino)<br \/>\nLuigi IANNELLI (Universit\u00e0 degli Studi del Sannio)<br \/>\nGianpaolo INCREMONA (Politecnico di Milano)<br \/>\nLalo MAGNI (Universit\u00e0 degli Studi di Pavia)<br \/>\nAlessandro MACCHELLI (Universit\u00e0 degli Studi di Bologna)<br \/>\nAndrea MONTERIU\u2019 (Universit\u00e0 Politecnica delle Marche)<br \/>\nLucia PALLOTTINO (Universit\u00e0 degli Studi di Pisa)<br \/>\nFederica PASCUCCI (Universit\u00e0 degli Studi Roma Tre)<br \/>\nFelice Andrea PELLEGRINO (Universit\u00e0 degli Studi di Trieste)<br \/>\nGianluigi PILLONETTO (Universit\u00e0 degli Studi di Padova)<br \/>\nGiordano POLA (Universit\u00e0 degli Studi de L\u2019Aquila)<br \/>\nElisabetta PUNTA (CNR-IEIIT)<br \/>\nStefania SANTINI (Universit\u00e0 degli Studi di Napoli Federico II)<br \/>\nCristian SECCHI (Universit\u00e0 degli Studi di Modena e Reggio Emilia)<br \/>\nSilvio SIMANI (Universit\u00e0 degli Studi di Ferrara)<br \/>\nSilvia SIRI (Universit\u00e0 degli Studi di Genova)<br \/>\nMarilena VENDITTELLI (Universit\u00e0 di Roma \u201cLa Sapienza\u201d)<br \/>\nMarialuisa VOLTA (Universit\u00e0 degli Studi di Brescia)<br \/>\nElena ZATTONI (Universit\u00e0 degli Studi di Bologna)<\/p>\n<h6><strong>Awards Committee<\/strong><\/h6>\n<p>Federica PASCUCCI (Universit\u00e0 degli Studi Roma Tre)<br \/>\nGiordano POLA (Universit\u00e0 degli Studi dell&#8217;Aquila)<br \/>\nSilvia SIRI (Universit\u00e0 di Genova)<br \/>\nSilvia ZANOLI (Universit\u00e0 Politecnica delle Marche)<\/p>\n<h6><strong>Local Organizers<\/strong><\/h6>\n<p>Diego DEPLANO (Universit\u00e0 degli Studi di Cagliari)<br \/>\nMauro FRANCESCHELLI (Universit\u00e0 degli Studi di Cagliari)<br \/>\nAlessandro GIUA (Universit\u00e0 degli Studi di Cagliari)<br \/>\nAlessandro PILLONI (Universit\u00e0 degli Studi di Cagliari)<br \/>\nElio USAI (Universit\u00e0 degli Studi di Cagliari)<\/p>\n<p><a href=\"#scroll_top\"><img loading=\"lazy\" decoding=\"async\" class=\"\" src=\"http:\/\/sites.unica.it\/automaticait2022\/files\/2022\/04\/icon-256x256-1.png\" width=\"29\" height=\"29\" \/><\/a><\/p>\n","protected":false},"excerpt":{"rendered":"<p>COMMITTEES Organizers Alessandro PISANO (Universit\u00e0 degli Studi di Cagliari) Carla SEATZU (Universit\u00e0 degli Studi di Cagliari) SIDRA Executive Board Sauro LONGHI (Universit\u00e0 Politecnica delle Marche) &#8211; President Alberto CAVALLO (Universit\u00e0 degli Studi della Campania) Patrizio COLANERI (Politecnico di Milano) Laura GIARRE&#8217; (Universit\u00e0 degli Studi di Modena e Reggio Emilia) Simona SACONE (Universit\u00e0 degli Studi di [&hellip;]<\/p>\n","protected":false},"author":6476,"featured_media":0,"parent":0,"menu_order":0,"comment_status":"closed","ping_status":"closed","template":"","meta":{"footnotes":""},"class_list":["post-121","page","type-page","status-publish","hentry"],"_links":{"self":[{"href":"https:\/\/sites.unica.it\/automaticait2022\/wp-json\/wp\/v2\/pages\/121","targetHints":{"allow":["GET"]}}],"collection":[{"href":"https:\/\/sites.unica.it\/automaticait2022\/wp-json\/wp\/v2\/pages"}],"about":[{"href":"https:\/\/sites.unica.it\/automaticait2022\/wp-json\/wp\/v2\/types\/page"}],"author":[{"embeddable":true,"href":"https:\/\/sites.unica.it\/automaticait2022\/wp-json\/wp\/v2\/users\/6476"}],"replies":[{"embeddable":true,"href":"https:\/\/sites.unica.it\/automaticait2022\/wp-json\/wp\/v2\/comments?post=121"}],"version-history":[{"count":34,"href":"https:\/\/sites.unica.it\/automaticait2022\/wp-json\/wp\/v2\/pages\/121\/revisions"}],"predecessor-version":[{"id":896,"href":"https:\/\/sites.unica.it\/automaticait2022\/wp-json\/wp\/v2\/pages\/121\/revisions\/896"}],"wp:attachment":[{"href":"https:\/\/sites.unica.it\/automaticait2022\/wp-json\/wp\/v2\/media?parent=121"}],"curies":[{"name":"wp","href":"https:\/\/api.w.org\/{rel}","templated":true}]}}