{"id":81,"date":"2020-06-03T09:46:41","date_gmt":"2020-06-03T07:46:41","guid":{"rendered":"https:\/\/www.automatica2020.it\/?page_id=81"},"modified":"2021-03-11T11:49:35","modified_gmt":"2021-03-11T10:49:35","slug":"come_partecipare","status":"publish","type":"page","link":"https:\/\/sites.unica.it\/automaticait2020\/come_partecipare\/","title":{"rendered":"COME PARTECIPARE"},"content":{"rendered":"<div>\r\n<ul>\r\n\t<li><a href=\"#REGISTRAZIONE\">INFORMAZIONI GENERALI<\/a><\/li>\r\n\t<li><a href=\"#SEDE\">TIPOLOGIE E SEDI DEGLI EVENTI<\/a><\/li>\r\n\t<li><a href=\"#eventi_spiagge\">EVENTI NELLE SPIAGGE VIRTUALI<\/a>\r\n<ul>\r\n\t<li style=\"list-style-type: none\">\r\n<ul>\r\n\t<li style=\"list-style-type: none\">\r\n<ul>\r\n\t<li style=\"list-style-type: none\">\r\n<ul>\r\n\t<li><a href=\"#sessioni_tecniche\">SESSIONI TECNICO SCIENTIFICHE<\/a><\/li>\r\n\t<li><a href=\"#tavola\">TAVOLA ROTONDA<\/a><\/li>\r\n\t<li><a href=\"#assemblea\">ASSEMBLEA SIDRA<\/a><\/li>\r\n<\/ul>\r\n<\/li>\r\n<\/ul>\r\n<\/li>\r\n<\/ul>\r\n<\/li>\r\n<\/ul>\r\n<\/li>\r\n\t<li><a href=\"#eventi_piazze\">EVENTI NELLE PIAZZE VIRTUALI<\/a><\/li>\r\n<\/ul>\r\n<a id=\"REGISTRAZIONE\"><\/a>\r\n<hr \/>\r\n<h4 style=\"text-align: justify\"><span style=\"color: #dc1111\">INFORMAZIONI GENERALI<\/span><\/h4>\r\n<\/div>\r\n<div style=\"text-align: justify\">\r\n<p style=\"text-align: justify\">Il convegno AUTOMATICA.IT 2020 si svolger\u00e0 in modalit\u00e0<strong> completamente remota e sincrona <\/strong>attraverso la piattaforma <a href=\"https:\/\/zoom.us\/\"><strong>Zoom<\/strong><\/a>. La partecipazione ad AUTOMATICA.IT 2020 \u00e8 <strong>libera<\/strong> e <strong>senza costi di registrazione<\/strong>. Per partecipare \u00e8 richiesto di:<\/p>\r\n<\/div>\r\n<ol style=\"text-align: justify\">\r\n\t<li>Scaricare ed installare l&#8217;applicazione <strong><a href=\"https:\/\/zoom.us\/client\/latest\/ZoomInstaller.exe\">Zoom<\/a> <\/strong>su un proprio terminale [<a href=\"https:\/\/zoom.us\/client\/latest\/ZoomInstaller.exe\">DOWNLOAD ZOOM<\/a>];<\/li>\r\n\t<li>Accedere a Zoom con un account personale, o creane uno [<a href=\"https:\/\/zoom.us\/freesignup\/\">FREE SIGN-UP<\/a>].<\/li>\r\n<\/ol>\r\n<div style=\"text-align: justify\">\r\n<p style=\"text-align: justify\">Tutte le sessioni di AUTOMATICA.IT 2020 saranno inoltre rese accessibili in diretta streaming sul\u00a0<a href=\"https:\/\/www.youtube.com\/channel\/UClC1--45jVm1Ty5CbsQ7_EA\/videos?view_as=subscriber\">Canale YOUTUBE del Convegno<\/a>.<\/p>\r\n<\/div>\r\n<div><a id=\"SEDE\"><\/a>\r\n<hr \/>\r\n<h4 style=\"text-align: justify\"><span style=\"color: #dc1111\">TIPOLOGIA E SEDI DEGLI EVENTI\u00a0<\/span><\/h4>\r\n<\/div>\r\n<div class=\"container_title\" style=\"text-align: justify\">\r\n<p style=\"text-align: justify\">Le stanze virtuali (<a href=\"https:\/\/www.automatica2020.it\/index.php\/accesso-alle-zoom-rooms\/\"><strong>Zoom Rooms<\/strong><\/a>) che ospiteranno le varie sessioni del convegno (<a href=\"https:\/\/www.automatica2020.it\/index.php\/sintesi-del-programma\/\">si veda il programma d\u2019insieme<\/a>) prendono i nomi di alcuni siti turistici della citt\u00e0 e della provincia di Cagliari.\u00a0<\/p>\r\n<p style=\"text-align: justify\">Le\u00a0<strong>sessioni tecnico-scientifiche<\/strong>, cos\u00ec come la\u00a0<strong>tavola rotonda<\/strong>\u00a0si svolgeranno in modalit\u00e0\u00a0<strong>Zoom Webinar<\/strong>\u00a0[<a href=\"https:\/\/support.zoom.us\/hc\/en-us\/articles\/115005474943-Meeting-and-webinar-comparison\" target=\"_blank\" rel=\"noopener noreferrer\" data-saferedirecturl=\"https:\/\/www.google.com\/url?q=https:\/\/support.zoom.us\/hc\/en-us\/articles\/115005474943-Meeting-and-webinar-comparison&amp;source=gmail&amp;ust=1599684866786000&amp;usg=AFQjCNEu6abj0vJ7ja43TnR2sdwGyFNctA\">ZOOM WEBINAR vs. ZOOM MEETING<\/a>], e saranno ospitate in stanze virtuali dedicate a 3\u00a0<strong>spiagge\u00a0<\/strong>della provincia di Cagliari. I momenti di aggregazione comune come l\u2019<strong>Assemblea annuale del SIDRA<\/strong>\u00a0ed i\u00a0<b>virtual coffee breaks<\/b>\u00a0negli<b>\u00a0<\/b><strong>intervalli tra sessioni adiacenti<\/strong><b>\u00a0<\/b>si svolgeranno invece attraverso la modalit\u00e0\u00a0<strong>Zoom Meeting<\/strong>\u00a0[<a href=\"https:\/\/support.zoom.us\/hc\/en-us\/articles\/115005474943-Meeting-and-webinar-comparison\" target=\"_blank\" rel=\"noopener noreferrer\" data-saferedirecturl=\"https:\/\/www.google.com\/url?q=https:\/\/support.zoom.us\/hc\/en-us\/articles\/115005474943-Meeting-and-webinar-comparison&amp;source=gmail&amp;ust=1599684866786000&amp;usg=AFQjCNEu6abj0vJ7ja43TnR2sdwGyFNctA\">ZOOM WEBINAR vs. ZOOM MEETING<\/a>] all\u2019interno di stanze virtuali dedicate a 3\u00a0<strong>piazze\u00a0<\/strong>della citt\u00e0 di Cagliari.<\/p>\r\n<\/div>\r\n<div style=\"text-align: justify\">\r\n<ul style=\"text-align: justify\">\r\n\t<li>Nelle <a href=\"https:\/\/www.automatica2020.it\/index.php\/accesso-alle-zoom-rooms\/\"><strong>spiagge<\/strong><\/a> i partecipanti accederanno di default come <em><a href=\"https:\/\/support.zoom.us\/hc\/en-us\/articles\/360000252726-Roles-in-a-webinar\"><strong>Attendees<\/strong><\/a><\/em> (<span style=\"text-decoration: underline\">o <em><strong>Spettatori<\/strong> <\/em>nella versione italiana di Zoom<\/span>), e potranno essere nominati <strong><em><a href=\"https:\/\/support.zoom.us\/hc\/en-us\/articles\/360000252726-Roles-in-a-webinar\">Panelist<\/a><\/em><\/strong>\u00a0(<span style=\"text-decoration: underline\">o <em><strong>Esperto<\/strong> <\/em>nella versione italiana di Zoom<\/span>) se previsto. I partecipanti attraverso la chat pubblica potranno esprimere la volont\u00e0 di porre una domanda. Allorch\u00e9, in accordo con il Chair, il personale tecnico della spiaggia virtuale dar\u00e0 loro la possibilit\u00e0 di parlare.<\/li>\r\n\t<li>Nelle <strong><a href=\"https:\/\/www.automatica2020.it\/index.php\/accesso-alle-zoom-rooms\/\">piazze<\/a> <\/strong>i partecipanti potranno attivare microfono e webcam e prendere la parola partecipando alle discussioni in corso. Le stanze virtuali sede dei momenti di aggregazione non saranno moderate.<\/li>\r\n<\/ul>\r\n<p>Ogni partecipante \u00e8 libero di spostarsi da Zoom Room ad un\u2019altra liberamente e senza restrizioni. I collegamenti per accedere a ciascuna spiaggia o piazza virtuale, cosi come una descrizione delle modalit\u00e0 di svolgimento e gestione di ciascun evento in esse ospitato, sono riportati nel seguito.<\/p>\r\n<\/div>\r\n<div class=\"nc_list nc_text\" style=\"text-align: justify\"><a id=\"eventi_spiagge\"><\/a>\r\n<hr \/><\/div>\r\n<h4 style=\"text-align: justify\"><span style=\"color: #dc1111\">EVENTI NELLE SPIAGGE VIRTUALI<\/span><\/h4>\r\n<div class=\"nc_list nc_text\">\r\n<div class=\"nc_row\">\r\n<p style=\"text-align: justify\">Le <strong>sessioni tecnico-scientifiche e la tavola rotonda<\/strong> saranno ospitate, in modalit\u00e0 <strong>Zoom Webinar<\/strong>, nelle <strong>spiagge virtuali<\/strong>. Come da <a href=\"https:\/\/www.automatica2020.it\/index.php\/programma\/\"><strong>programma<\/strong><\/a> sono previste di norma tre sessioni scientifiche parallele. All\u2019interno di ogni evento in spiaggia, ogni partecipante pu\u00f2 ricoprire uno dei seguenti ruoli:<\/p>\r\n<ul style=\"text-align: justify\">\r\n\t<li><a href=\"https:\/\/support.zoom.us\/hc\/en-us\/articles\/360000252726-Roles-in-a-webinar\"><strong><em>Attendee\/<\/em><\/strong><\/a><strong><em><a href=\"https:\/\/support.zoom.us\/hc\/en-us\/articles\/360000252726-Roles-in-a-webinar\">Spettatore<\/a><\/em><\/strong>: L&#8217;<em>Attendee\/Spettatore<\/em> \u00e8 un semplice uditore. Pu\u00f2 commentare nella chat pubblica e se lo desidera chiedere la parola attraverso la Chat pubblica. Maggiori dettagli riguardo la gestione degli interventi da parte del Chair sono forniti nella sezione successiva.<\/li>\r\n\t<li><a href=\"https:\/\/support.zoom.us\/hc\/en-us\/articles\/360000252726-Roles-in-a-webinar\"><strong><em>Panelist\/<span style=\"text-decoration: underline\">Esperto<\/span><\/em><\/strong><\/a>: Nella figura del <em>Panelist\/Esperto <\/em>ricadono sia il Chair che i relatori di ciascuna sessione. Un <em>Panelist\/Esperto<\/em> ha il privilegio di poter prendere la parola e condividere lo schermo del proprio terminale.<\/li>\r\n<\/ul>\r\n<\/div>\r\n<\/div>\r\n<p style=\"text-align: justify\">L\u2019accesso predefinito ad una spiaggia avviene nelle vesti di <em><a href=\"https:\/\/support.zoom.us\/hc\/en-us\/articles\/360000252726-Roles-in-a-webinar\"><strong>Attendee\/Spettatore<\/strong><\/a><\/em>. L\u2019elezione a <em><a href=\"https:\/\/support.zoom.us\/hc\/en-us\/articles\/360000252726-Roles-in-a-webinar\"><strong>Panelist\/<span style=\"text-decoration: underline\">Esperto<\/span><\/strong><\/a>\u00a0<\/em>\u00e8 moderata dal personale tecnico della spiaggia. Di seguito si riportano i collegamenti di accesso alle spiagge virtuali:<\/p>\r\n<table style=\"border-collapse: collapse;width: 100%;height: 45px\" border=\"0\" align=\"center\">\r\n<tbody>\r\n<tr style=\"height: 92px\">\r\n<td style=\"width: 575.799px;text-align: center;height: 92px\">\r\n<p><a href=\"https:\/\/www.sardegnaturismo.it\/it\/esplora\/poetto\" target=\"_blank\" rel=\"noopener noreferrer\"><img decoding=\"async\" src=\"https:\/\/sites.unica.it\/automaticait2020\/files\/2020\/07\/sito_poetto.png\" \/><\/a><\/p>\r\n<p><a href=\"https:\/\/zoom.us\/j\/93705722994\" target=\"_blank\" rel=\"noopener noreferrer\">Accesso\u00a0 Spiaggia\u00a0 Virtuale\u00a0 del\u00a0 Poetto<\/a><\/p>\r\n<\/td>\r\n<td style=\"width: 575.799px;text-align: center;height: 92px\">\r\n<p><img decoding=\"async\" src=\"https:\/\/sites.unica.it\/automaticait2020\/files\/2020\/08\/sito_chia.png\" alt=\"\" \/><\/p>\r\n<p><a href=\"https:\/\/zoom.us\/j\/96844165215\" target=\"_blank\" rel=\"noopener noreferrer\">Accesso\u00a0 Spiaggia\u00a0 Virtuale\u00a0 di\u00a0 Chia<\/a><\/p>\r\n<\/td>\r\n<td style=\"width: 575.799px;text-align: center;height: 92px\">\r\n<p><img decoding=\"async\" src=\"https:\/\/sites.unica.it\/automaticait2020\/files\/2020\/08\/sito_cala_giunco.png\" alt=\"\" \/><\/p>\r\n<p><a href=\"https:\/\/zoom.us\/j\/97497731036\" target=\"_blank\" rel=\"noopener noreferrer\">Accesso\u00a0 Spiaggia\u00a0 Virtuale\u00a0 di\u00a0 Cala\u00a0 Giunco<\/a><a id=\"sessioni_tecniche\"><\/a>\u00a0<\/p>\r\n<\/td>\r\n<\/tr>\r\n<\/tbody>\r\n<\/table>\r\n<h4 style=\"text-align: justify\"><span style=\"color: #dc1111\">SESSIONI TECNICO SCIENTIFICHE<\/span><\/h4>\r\n<p style=\"text-align: justify\">Le sessioni tecnico-scientifiche saranno schedulate come segue:<\/p>\r\n<ol>\r\n\t<li style=\"text-align: justify\"><u>15min prima della sessione<\/u>\u00a0\u2013 Il personale tecnico aprir\u00e0 l\u2019accesso alla data spiaggia.<\/li>\r\n\t<li style=\"text-align: justify\"><u>10min prima della sessione<\/u> \u2013 Chair e relatori della sessione dovranno accedere alla spiaggia. Questi, attraverso la chat pubblica dovranno farsi riconoscere dal personale tecnico della stanza, che li promuover\u00e0 al ruolo di &#8220;<strong><a href=\"https:\/\/support.zoom.us\/hc\/en-us\/articles\/360000252726-Roles-in-a-webinar\"><em>Panelist\/<span style=\"text-decoration: underline\">Esperto<\/span><\/em><\/a><\/strong>&#8220;. Al fine di evitare problemi tecnici durante la sessione i <em>Panelists\/Esperto <\/em>potranno svolgere semplici test.<\/li>\r\n\t<li style=\"text-align: justify\"><u>Avvio della sessione<\/u> \u2013 I <strong><a href=\"https:\/\/support.zoom.us\/hc\/en-us\/articles\/360000252726-Roles-in-a-webinar\"><em>Panelists\/<span style=\"text-decoration: underline\">Esperto<\/span><\/em><\/a> <\/strong>disattivano la propria webcam e microfono ad eccezione del Chair che introdurr\u00e0 la sessione ed il primo relatore. Contemporaneamente il personale tecnico avvier\u00e0 la diretta streaming della sessione sul <a href=\"https:\/\/www.youtube.com\/channel\/UClC1--45jVm1Ty5CbsQ7_EA\/videos?view_as=subscriber\">Canale YOUTUBE del Convegno<\/a>.<\/li>\r\n\t<li style=\"text-align: justify\"><span style=\"text-decoration: underline\">Presentazione del primo contributo (15 min)<\/span> \u2013 Il relatore dovr\u00e0 attivare webcam e microfono, condividere le slides ed iniziare la presentazione del proprio contributo.<\/li>\r\n\t<li style=\"text-align: justify\"><span style=\"text-decoration: underline\">Discussione al termine della presentazione (5 min)<\/span> \u2013 Il Chair attiver\u00e0 la propria webcam e microfono e dar\u00e0 inizio alla discussione. Gli <em><a href=\"https:\/\/support.zoom.us\/hc\/en-us\/articles\/360000252726-Roles-in-a-webinar\"><strong>Attendees\/Spettatori <\/strong><\/a><\/em>attraverso la chat pubblica potranno esprimere la volont\u00e0 di porre una domanda. Allorch\u00e9, in accordo con il Chair, il personale tecnico della spiaggia virtuale dar\u00e0 loro la possibilit\u00e0 di parlare. La discussione dovr\u00e0 terminare nei tempi previsti dal programma.<\/li>\r\n\t<li style=\"text-align: justify\"><u>Presentazioni successive<\/u> \u2013 La presentazione e la discussione di ogni successivo contributo seguir\u00e0 quanto riportato ai punti 4 e 5. Se una discussione dovesse concludersi in anticipo, la presentazione successiva avr\u00e0 comunque inizio all\u2019orario previsto.<\/li>\r\n<\/ol>\r\n<div class=\"nc_row\"><a id=\"tavola\"><\/a>\r\n<hr \/>\r\n<h4 style=\"text-align: justify\"><span style=\"color: #dc1111\">TAVOLA ROTONDA<\/span><\/h4>\r\n<\/div>\r\n<p style=\"text-align: justify\">La <strong>tavola rotonda<\/strong> \u201c<em>La didattica a distanza nel settore dell\u2019Automatica: Opportunit\u00e0 e limitazioni<\/em>\u201d si svolger\u00e0 in modalit\u00e0 <strong>Zoom Webinar<\/strong> nella <a href=\"https:\/\/zoom.us\/j\/93705722994\">Spiaggia virtuale del Poetto<\/a>. Come per le sessioni tecnico-scientifiche un <em><a href=\"https:\/\/support.zoom.us\/hc\/en-us\/articles\/360000252726-Roles-in-a-webinar\"><strong>Attendee\/Spettatore<\/strong><\/a><\/em> potr\u00e0 chiedere la parola attraverso la &#8220;Chat&#8221; pubblica. Allorch\u00e9, previo consenso del moderatore, il personale tecnico abiliter\u00e0 la condivisione dell\u2019audio da parte dell\u2019<em><a href=\"https:\/\/support.zoom.us\/hc\/en-us\/articles\/360000252726-Roles-in-a-webinar\"><strong>Attendee\/Spettatore<\/strong><\/a><\/em> che potr\u00e0 formulare a voce il proprio intervento.<a id=\"assemblea\"><\/a>\u00a0<\/p>\r\n<hr \/>\r\n<div class=\"nc_row\">\r\n<h4 style=\"text-align: justify\"><span style=\"color: #dc1111\">ASSEMBLEA SIDRA<\/span><\/h4>\r\n<\/div>\r\n<p style=\"text-align: justify\">L\u2019<strong>Assemblea SIDRA<\/strong> si svolger\u00e0 in modalit\u00e0 <strong>Zoom Meeting<\/strong> ed ospitata presso la <a href=\"https:\/\/zoom.us\/j\/92659931126?pwd=cW5ialVvaUI3WWl5bXdXVFRMSjRaZz09\">Piazza Yenne<\/a>.<\/p>\r\n<p style=\"text-align: justify\">\u00a0Durante l&#8217;assemblea tutti i partecipanti avranno facolt\u00e0 di attivare il proprio microfono e la propria webcam e prendere la parola partecipando alla discussione in corso. <a id=\"eventi_piazze\"><\/a>\u00a0<\/p>\r\n<hr \/>\r\n<h4 style=\"text-align: justify\"><span style=\"color: #dc1111\">EVENTI NELLE PIAZZE VIRTUALI<\/span><\/h4>\r\n<p style=\"text-align: justify\">Le <strong>piazze virtuali <\/strong>ospiteranno i momenti d\u2019aggregazione di AUTOMATICA.IT 2020 come l&#8217;Assemblea SIDRA, e gli intervalli tra una sessione e la successiva. Gli eventi nelle <strong>piazze virtuali <\/strong>si svolgeranno in modalit\u00e0 <strong>Zoom Meeting<\/strong>. Indistintamente, i partecipanti ad una <strong>piazza virtuale <\/strong>hanno facolt\u00e0 di attivare il proprio microfono e la propria webcam e prendere la parola partecipando alla discussione in corso. Di seguito si riportano i collegamenti a ciascuna piazza.<\/p>\r\n<table style=\"border-collapse: collapse;width: 100%;height: 45px\" border=\"0\" align=\"center\">\r\n<tbody>\r\n<tr style=\"height: 92px\">\r\n<td style=\"width: 33.2788%;text-align: center;height: 92px\">\r\n<p><img decoding=\"async\" src=\"https:\/\/sites.unica.it\/automaticait2020\/files\/2020\/07\/sito_piazzayenne.png\" alt=\"\" \/><\/p>\r\n<p><a href=\"https:\/\/zoom.us\/j\/92659931126?pwd=cW5ialVvaUI3WWl5bXdXVFRMSjRaZz09\" target=\"_blank\" rel=\"noopener noreferrer\">Accesso Piazza Yenne<\/a><\/p>\r\n<\/td>\r\n<td style=\"width: 33.2788%;text-align: center;height: 92px\">\r\n<p><img decoding=\"async\" src=\"https:\/\/sites.unica.it\/automaticait2020\/files\/2020\/07\/sito_piazzacostituzione.png\" alt=\"\" \/><\/p>\r\n<p><a href=\"https:\/\/zoom.us\/j\/99901024450?pwd=K3I1UnB2OGdaQzNZTDFPMjJWczRPdz09\" target=\"_blank\" rel=\"noopener noreferrer\">Accesso Piazza Costituzione<\/a><\/p>\r\n<\/td>\r\n<td style=\"width: 33.3333%;text-align: center;height: 92px\">\r\n<p><img decoding=\"async\" src=\"https:\/\/sites.unica.it\/automaticait2020\/files\/2020\/08\/sito_scosimo.png\" alt=\"\" \/><\/p>\r\n<p><a href=\"https:\/\/zoom.us\/j\/96526459505?pwd=RGFHV3pPV1JuTEZvcjMxTVo4ZkZNUT09\" target=\"_blank\" rel=\"noopener noreferrer\">Accesso Piazza S. Cosimo<\/a><\/p>\r\n<\/td>\r\n<\/tr>\r\n<\/tbody>\r\n<\/table>\r\n<p>&nbsp;<\/p>\r\n<p><\/p><!-- \/wp:post-content -->","protected":false},"excerpt":{"rendered":"<p>INFORMAZIONI GENERALI TIPOLOGIE E SEDI DEGLI EVENTI EVENTI NELLE SPIAGGE VIRTUALI SESSIONI TECNICO SCIENTIFICHE TAVOLA ROTONDA ASSEMBLEA SIDRA EVENTI NELLE PIAZZE VIRTUALI INFORMAZIONI GENERALI Il convegno AUTOMATICA.IT 2020 si svolger\u00e0 in modalit\u00e0 completamente remota e sincrona attraverso la piattaforma Zoom. La partecipazione ad AUTOMATICA.IT 2020 \u00e8 libera e senza costi di registrazione. Per partecipare \u00e8&hellip;&nbsp;<a href=\"https:\/\/sites.unica.it\/automaticait2020\/come_partecipare\/\" rel=\"bookmark\">Leggi tutto &raquo;<span class=\"screen-reader-text\">COME PARTECIPARE<\/span><\/a><\/p>\n","protected":false},"author":643,"featured_media":0,"parent":0,"menu_order":0,"comment_status":"closed","ping_status":"closed","template":"","meta":{"neve_meta_sidebar":"","neve_meta_container":"","neve_meta_enable_content_width":"on","neve_meta_content_width":83,"neve_meta_title_alignment":"","neve_meta_author_avatar":"","neve_post_elements_order":"","neve_meta_disable_header":"","neve_meta_disable_footer":"","neve_meta_disable_title":"","footnotes":""},"class_list":["post-81","page","type-page","status-publish","hentry"],"_links":{"self":[{"href":"https:\/\/sites.unica.it\/automaticait2020\/wp-json\/wp\/v2\/pages\/81","targetHints":{"allow":["GET"]}}],"collection":[{"href":"https:\/\/sites.unica.it\/automaticait2020\/wp-json\/wp\/v2\/pages"}],"about":[{"href":"https:\/\/sites.unica.it\/automaticait2020\/wp-json\/wp\/v2\/types\/page"}],"author":[{"embeddable":true,"href":"https:\/\/sites.unica.it\/automaticait2020\/wp-json\/wp\/v2\/users\/643"}],"replies":[{"embeddable":true,"href":"https:\/\/sites.unica.it\/automaticait2020\/wp-json\/wp\/v2\/comments?post=81"}],"version-history":[{"count":1,"href":"https:\/\/sites.unica.it\/automaticait2020\/wp-json\/wp\/v2\/pages\/81\/revisions"}],"predecessor-version":[{"id":2232,"href":"https:\/\/sites.unica.it\/automaticait2020\/wp-json\/wp\/v2\/pages\/81\/revisions\/2232"}],"wp:attachment":[{"href":"https:\/\/sites.unica.it\/automaticait2020\/wp-json\/wp\/v2\/media?parent=81"}],"curies":[{"name":"wp","href":"https:\/\/api.w.org\/{rel}","templated":true}]}}