{"id":78,"date":"2020-06-03T09:46:41","date_gmt":"2020-06-03T07:46:41","guid":{"rendered":"https:\/\/www.automatica2020.it\/?page_id=78"},"modified":"2020-06-03T09:46:41","modified_gmt":"2020-06-03T07:46:41","slug":"comitati","status":"publish","type":"page","link":"https:\/\/sites.unica.it\/automaticait2020\/comitati\/","title":{"rendered":"COMITATI"},"content":{"rendered":"<p><\/p>\n<h4 class=\"wp-block-heading\" style=\"text-align: justify\"><span style=\"color: #dc1111\">Organizzatori<\/span><\/h4>\n<p>Alessandro PISANO (Universit\u00e0 degli Studi di Cagliari)<br \/>\nCarla SEATZU (Universit\u00e0 degli Studi di Cagliari)<\/p>\n<h4 style=\"text-align: justify\"><span style=\"color: #dc1111\">Consiglio Direttivo SIDRA<\/span><\/h4>\n<p><span style=\"text-align: justify\">Sauro LONGHI (Universit\u00e0 Politecnica delle Marche) &#8211; <strong>Presidente<\/strong><\/span><\/p>\n<p>Alberto CAVALLO (Universit\u00e0 degli Studi della Campania)<br \/>\nPatrizio COLANERI (Politecnico di Milano)<br \/>\nLaura GIARRE&#8217; (Universit\u00e0 degli Studi di Modena e Reggio Emilia)<br \/>\nSimona SACONE (Universit\u00e0 degli Studi di Genova)\n<\/p>\n<h4 style=\"text-align: justify\"><span style=\"color: #dc1111\">Comitato di Programma<\/span><\/h4>\n<p>Angelo ALESSANDRI (Universit\u00e0 degli Studi di Genova)<br \/>\nGiorgio BATTISTELLI (Universit\u00e0 degli Studi di Firenze)<br \/>\nClaudia CALIFANO (Universit\u00e0 di Roma &#8220;La Sapienza&#8221;)<br \/>\nRiccardo CAPONETTO\u00a0 (Universit\u00e0 degli Studi di Catania)<br \/>\nAlessandro CASAVOLA\u00a0 (Universit\u00e0 Mediterranea di Reggio Calabria)<br \/>\nAlessandro CHIUSO (Universit\u00e0 degli Studi di Padova)<br \/>\nFabrizio DABBENE (CNR-IEIIT)<br \/>\nAlessandro D\u2019INNOCENZO (Universit\u00e0 degli Studi de L&#8217;Aquila)<br \/>\nMariagrazia DOTOLI (Politecnico di Bari)<br \/>\nAdriano FAGIOLINI (Universit\u00e0 degli Studi di Palermo)<br \/>\nGiancarlo FERRARI TRECATE (Universit\u00e0 degli Studi di Pavia)<br \/>\nLuigi IANNELLI (Universit\u00e0 degli Studi del Sannio)<br \/>\nGianluca IPPOLITI (Universit\u00e0 Politecnica delle Marche)<br \/>\nAlessandro MACCHELLI (Universit\u00e0 degli Studi di Bologna)<br \/>\nLucia PALLOTTINO (Universit\u00e0 degli Studi di Pisa)<br \/>\nFederica PASCUCCI (Universit\u00e0 degli Studi Roma Tre)<br \/>\nFelice Andrea\u00a0 PELLEGRINO (Universit\u00e0 degli Studi di Trieste)<br \/>\nDiego REGRUTO (Politecnico di Torino)<br \/>\nCristian SECCHI (Universit\u00e0 degli Studi di Modena e Reggio Emilia)<br \/>\nSilvio SIMANI (Universit\u00e0 degli Studi di Ferrara)<br \/>\nSilvia SIRI (Universit\u00e0 degli Studi di Genova)<br \/>\nLuigi VILLANI (Universit\u00e0 degli Studi di Napoli Federico II)<br \/>\nAntonio VISIOLI (Universit\u00e0 degli Studi di Brescia)<br \/>\nElena ZATTONI (Universit\u00e0 degli Studi di Bologna)<\/p>\n<p>\n<\/p>\n<h4 style=\"text-align: justify\"><span style=\"color: #dc1111\">Comitato Riconoscimenti<\/span><\/h4>\n<p>Gianluca ANTONELLI (Universit\u00e0 degli Studi di Cassino)<br \/>\nFrancesco BASILE (Universit\u00e0 degli Studi di Salerno)<br \/>\nLaura MENINI (Universit\u00e0 degli Studi di Roma &#8220;Tor Vergata&#8221;)<br \/>\nMara TANELLI (Politecnico di Milano)\n<\/p>\n<h4 style=\"text-align: justify\"><span style=\"color: #dc1111\">Organizzatori Locali<\/span><\/h4>\n<p>Diego DEPLANO (Universit\u00e0 degli Studi di Cagliari)<br \/>\nMauro FRANCESCHELLI (Universit\u00e0 degli Studi di Cagliari)<br \/>\nAlessandro GIUA (Universit\u00e0 degli Studi di Cagliari)<br \/>\nAlessandro PILLONI (Universit\u00e0 degli Studi di Cagliari)<br \/>\nElio USAI (Universit\u00e0 degli Studi di Cagliari)<\/p>\n<p><\/p>","protected":false},"excerpt":{"rendered":"<p>Organizzatori Alessandro PISANO (Universit\u00e0 degli Studi di Cagliari) Carla SEATZU (Universit\u00e0 degli Studi di Cagliari) Consiglio Direttivo SIDRA Sauro LONGHI (Universit\u00e0 Politecnica delle Marche) &#8211; Presidente Alberto CAVALLO (Universit\u00e0 degli Studi della Campania) Patrizio COLANERI (Politecnico di Milano) Laura GIARRE&#8217; (Universit\u00e0 degli Studi di Modena e Reggio Emilia) Simona SACONE (Universit\u00e0 degli Studi di Genova)<\/p>\n","protected":false},"author":643,"featured_media":0,"parent":0,"menu_order":0,"comment_status":"closed","ping_status":"closed","template":"","meta":{"neve_meta_sidebar":"","neve_meta_container":"","neve_meta_enable_content_width":"on","neve_meta_content_width":83,"neve_meta_title_alignment":"","neve_meta_author_avatar":"","neve_post_elements_order":"","neve_meta_disable_header":"","neve_meta_disable_footer":"","neve_meta_disable_title":"","footnotes":""},"class_list":["post-78","page","type-page","status-publish","hentry"],"_links":{"self":[{"href":"https:\/\/sites.unica.it\/automaticait2020\/wp-json\/wp\/v2\/pages\/78","targetHints":{"allow":["GET"]}}],"collection":[{"href":"https:\/\/sites.unica.it\/automaticait2020\/wp-json\/wp\/v2\/pages"}],"about":[{"href":"https:\/\/sites.unica.it\/automaticait2020\/wp-json\/wp\/v2\/types\/page"}],"author":[{"embeddable":true,"href":"https:\/\/sites.unica.it\/automaticait2020\/wp-json\/wp\/v2\/users\/643"}],"replies":[{"embeddable":true,"href":"https:\/\/sites.unica.it\/automaticait2020\/wp-json\/wp\/v2\/comments?post=78"}],"version-history":[{"count":0,"href":"https:\/\/sites.unica.it\/automaticait2020\/wp-json\/wp\/v2\/pages\/78\/revisions"}],"wp:attachment":[{"href":"https:\/\/sites.unica.it\/automaticait2020\/wp-json\/wp\/v2\/media?parent=78"}],"curies":[{"name":"wp","href":"https:\/\/api.w.org\/{rel}","templated":true}]}}