{"id":18,"date":"2020-05-26T11:46:47","date_gmt":"2020-05-26T09:46:47","guid":{"rendered":"https:\/\/www.automatica2020.it\/?page_id=18"},"modified":"2021-03-11T11:48:05","modified_gmt":"2021-03-11T10:48:05","slug":"home","status":"publish","type":"page","link":"https:\/\/sites.unica.it\/automaticait2020\/","title":{"rendered":"Benvenuti al Convegno AUTOMATICA.IT 2020"},"content":{"rendered":"<p><\/p>\r\n<p style=\"text-align: justify\">Il convegno AUTOMATICA.IT 2020 si propone, come ogni anno ma in particolare in questo anno difficile e complicato, di riunire i Docenti e i Ricercatori delle Universit\u00e0, del CNR e di altri Enti di Ricerca Italiani per creare un momento di aggregazione e scambio culturale nelle aree di ricerca dell\u2019Automatica e delle sue applicazioni.<\/p>\r\n<p style=\"text-align: justify\">A causa delle restrizioni alla mobilit\u00e0 imposte dalla epidemia Covid-19 e delle relative misure per il contenimento del contagio, il <strong>convegno si svolger\u00e0 in modalit\u00e0 remota<\/strong>.<\/p>\r\n<p style=\"text-align: justify\">Il Comitato Direttivo del SIDRA, di concerto con la sede di Cagliari, designata ad ospitare il Convegno 2020, ha ritenuto di mantenerne la struttura pressoch\u00e9 invariata.<\/p>\r\n<p style=\"text-align: justify\">Il programma di AUTOMATICA.IT 2020 si articoler\u00e0 pertanto nel corso di tre giornate e includer\u00e0 presentazioni orali erogate in teleconferenza attraverso la piattaforma <a href=\"https:\/\/zoom.us\/\">Zoom<\/a>, con contributi selezionati da un Comitato di Programma. Maggiori dettagli sulle modalita di accesso alla piattaforma di riferimento per lo svolgimento del convegno saranno pubblicati a breve.<\/p>\r\n<p style=\"text-align: justify\">Nelle sessioni orali sar\u00e0 possibile presentare sia specifici risultati di ricerca (anche gi\u00e0 pubblicati), sia rassegne sintetiche sulle attivit\u00e0 e sui progetti di ricerca in corso.<\/p>\r\n<p style=\"text-align: justify\">Come negli anni precedenti, si invitano i gruppi di ricerca a incoraggiare la partecipazione attiva di giovani ricercatori, ricercatori post-doc e studenti di dottorato.<br \/>\r\nUna parte dell\u2019ultima giornata sar\u00e0 dedicata all\u2019Assemblea annuale della Societ\u00e0 Italiana Docenti e Ricercatori di Automatica (SIDRA).<\/p>\r\n<p>Il SIDRA attribuir\u00e0 un premio ai due migliori contributi presentati al convegno, in base alla valutazione di un apposito Comitato Riconoscimenti che terr\u00e0 in considerazione sia la qualit\u00e0 scientifica e\/o il valore applicativo del contributo che l\u2019efficacia della presentazione. In particolare, agli autori dei due contributi valutati meritevoli del premio sar\u00e0 assegnato un riconoscimento di 1000 Euro ciascuno.<\/p>\r\n<p style=\"text-align: justify\">Il Convegno si svolger\u00e0 nei giorni <strong>9-11 Settembre 2020<\/strong>.<\/p>\r\n<p style=\"text-align: justify\">Per consentire la fruizione dei contenuti scientifici del convegno ad una platea pi\u00f9 vasta, sia le presentazioni orali che le slides proiettate durante le stesse dovranno essere in <strong>lingua inglese<\/strong>.<\/p>\r\n<p><\/p>","protected":false},"excerpt":{"rendered":"<p>Il convegno AUTOMATICA.IT 2020 si propone, come ogni anno ma in particolare in questo anno difficile e complicato, di riunire i Docenti e i Ricercatori delle Universit\u00e0, del CNR e di altri Enti di Ricerca Italiani per creare un momento di aggregazione e scambio culturale nelle aree di ricerca dell\u2019Automatica e delle sue applicazioni. A&hellip;&nbsp;<a href=\"https:\/\/sites.unica.it\/automaticait2020\/\" rel=\"bookmark\">Leggi tutto &raquo;<span class=\"screen-reader-text\">Benvenuti al Convegno AUTOMATICA.IT 2020<\/span><\/a><\/p>\n","protected":false},"author":643,"featured_media":0,"parent":0,"menu_order":0,"comment_status":"closed","ping_status":"closed","template":"","meta":{"neve_meta_sidebar":"","neve_meta_container":"","neve_meta_enable_content_width":"on","neve_meta_content_width":83,"neve_meta_title_alignment":"","neve_meta_author_avatar":"","neve_post_elements_order":"","neve_meta_disable_header":"","neve_meta_disable_footer":"","neve_meta_disable_title":"","footnotes":""},"class_list":["post-18","page","type-page","status-publish","hentry"],"_links":{"self":[{"href":"https:\/\/sites.unica.it\/automaticait2020\/wp-json\/wp\/v2\/pages\/18","targetHints":{"allow":["GET"]}}],"collection":[{"href":"https:\/\/sites.unica.it\/automaticait2020\/wp-json\/wp\/v2\/pages"}],"about":[{"href":"https:\/\/sites.unica.it\/automaticait2020\/wp-json\/wp\/v2\/types\/page"}],"author":[{"embeddable":true,"href":"https:\/\/sites.unica.it\/automaticait2020\/wp-json\/wp\/v2\/users\/643"}],"replies":[{"embeddable":true,"href":"https:\/\/sites.unica.it\/automaticait2020\/wp-json\/wp\/v2\/comments?post=18"}],"version-history":[{"count":1,"href":"https:\/\/sites.unica.it\/automaticait2020\/wp-json\/wp\/v2\/pages\/18\/revisions"}],"predecessor-version":[{"id":2231,"href":"https:\/\/sites.unica.it\/automaticait2020\/wp-json\/wp\/v2\/pages\/18\/revisions\/2231"}],"wp:attachment":[{"href":"https:\/\/sites.unica.it\/automaticait2020\/wp-json\/wp\/v2\/media?parent=18"}],"curies":[{"name":"wp","href":"https:\/\/api.w.org\/{rel}","templated":true}]}}