{"id":805,"date":"2017-04-14T16:06:10","date_gmt":"2017-04-14T14:06:10","guid":{"rendered":"http:\/\/sites.unica.it\/aulaconfucio\/?page_id=805"},"modified":"2017-04-18T12:58:43","modified_gmt":"2017-04-18T10:58:43","slug":"attivita-culturali","status":"publish","type":"page","link":"https:\/\/sites.unica.it\/aulaconfucio\/attivita-dellaula-confucio\/attivita-culturali\/","title":{"rendered":"Attivit\u00e0 culturali"},"content":{"rendered":"<p>Di seguito le attivit\u00e0 di diffusione della Cultura Cinese organizzate dalla nostra Aula Confucio durante i primi mesi del 2017:<\/p>\n<p><img loading=\"lazy\" decoding=\"async\" class=\"alignnone wp-image-685\" src=\"http:\/\/sites.unica.it\/aulaconfucio\/files\/2017\/01\/16195528_10212145044203639_4587161472278147032_n-300x224.jpg\" alt=\"\" width=\"91\" height=\"68\" srcset=\"https:\/\/sites.unica.it\/aulaconfucio\/files\/2017\/01\/16195528_10212145044203639_4587161472278147032_n-300x224.jpg 300w, https:\/\/sites.unica.it\/aulaconfucio\/files\/2017\/01\/16195528_10212145044203639_4587161472278147032_n-768x574.jpg 768w, https:\/\/sites.unica.it\/aulaconfucio\/files\/2017\/01\/16195528_10212145044203639_4587161472278147032_n-250x187.jpg 250w, https:\/\/sites.unica.it\/aulaconfucio\/files\/2017\/01\/16195528_10212145044203639_4587161472278147032_n.jpg 960w\" sizes=\"auto, (max-width: 91px) 100vw, 91px\" \/>La Celebrazione del Capodanno Cinese. Lo staff dell&#8217;Aula in collaborazione con l&#8217;Associazione per l&#8217;Amicizia e la Cultura Cinese in Sardegna ha organizzato uno spettacolo di danze del leone e del dragone avvalendosi della professionalit\u00e0 di due delle scuole di arti marziali pi\u00f9 conosciute Sardegna: l&#8217;Accademia di discipline orientali e lo <em>Xuan Wu<\/em> Institute.<\/p>\n<p>&nbsp;<\/p>\n<p><img loading=\"lazy\" decoding=\"async\" class=\"alignnone wp-image-809\" src=\"http:\/\/sites.unica.it\/aulaconfucio\/files\/2017\/04\/scuola-materna-300x225.jpg\" alt=\"\" width=\"96\" height=\"72\" srcset=\"https:\/\/sites.unica.it\/aulaconfucio\/files\/2017\/04\/scuola-materna-300x225.jpg 300w, https:\/\/sites.unica.it\/aulaconfucio\/files\/2017\/04\/scuola-materna-768x576.jpg 768w, https:\/\/sites.unica.it\/aulaconfucio\/files\/2017\/04\/scuola-materna-1024x768.jpg 1024w, https:\/\/sites.unica.it\/aulaconfucio\/files\/2017\/04\/scuola-materna-250x188.jpg 250w, https:\/\/sites.unica.it\/aulaconfucio\/files\/2017\/04\/scuola-materna.jpg 1600w\" sizes=\"auto, (max-width: 96px) 100vw, 96px\" \/>Il Progetto &#8220;La Cina a Scuola&#8221; presso le Scuole dell&#8217;Infanzia di via Parigi e via Dublino (Istituto Comprensivo di Via Stoccolma, Cagliari). Lo Staff dell&#8217;Aula ha introdotto alcuni elementi della cultura cinese tra i bambini di et\u00e0 compresa tra i 3 e i 5 anni, i quali, preparati dalle maestre, hanno posto diverse domande relative al cibo, alla lingua, ai giochi, all&#8217;inquinamento e alla dimensioni della Cina.<\/p>\n<p>Attivit\u00e0 svolte:&nbsp;<\/p>\n<ul>\n<li>collocazione geografica del paese<\/li>\n<li>presentazione della bandiera (che i bambini hanno colorato col rosso e col giallo)<\/li>\n<li>salutare in cinese; ringraziare in cinese<\/li>\n<li>giocare con i numeri (da 1 a 10)<\/li>\n<li>cantare una canzone (\u627e\u670b\u53cb)<\/li>\n<li>l&#8217;uso delle bacchette \/ gara di bacchette con i fagioli rossi<\/li>\n<li>la fabbricazione di una grande lanterna rossa e tante piccole lanterne (tutorial per le maestre)<\/li>\n<\/ul>\n<p>&nbsp;<\/p>\n<p><img loading=\"lazy\" decoding=\"async\" class=\"alignnone wp-image-810\" src=\"http:\/\/sites.unica.it\/aulaconfucio\/files\/2017\/04\/Qigong-300x225.jpg\" alt=\"\" width=\"114\" height=\"85\" srcset=\"https:\/\/sites.unica.it\/aulaconfucio\/files\/2017\/04\/Qigong-300x225.jpg 300w, https:\/\/sites.unica.it\/aulaconfucio\/files\/2017\/04\/Qigong-768x576.jpg 768w, https:\/\/sites.unica.it\/aulaconfucio\/files\/2017\/04\/Qigong-250x188.jpg 250w, https:\/\/sites.unica.it\/aulaconfucio\/files\/2017\/04\/Qigong.jpg 960w\" sizes=\"auto, (max-width: 114px) 100vw, 114px\" \/>Il Progetto &#8220;Comprendere la Cina&#8221;:<\/p>\n<p>Il 2 e il 4 marzo 2017 sono stati svolti i seguenti seminari:<\/p>\n<p>Primo Modulo&nbsp; a cura di Federica Onnis (PhD in Taoismo e Alchimia Interiore): le origini e la peculiarit\u00e0 della Festa di Primavera: riscontro nel pensiero filosofico e medico antico e aspetti moderni. Una presentazione descrittiva delle feste tradizionali cinesi pi\u00f9 importanti alla ricerca delle loro origini nel calendario agricolo cinese, con particolare enfasi sul significato simbolico della Festa di Primavera e delle usanze celebrative nel tempo.<\/p>\n<p>Secondo Modulo a cura di Federica Onnis (PhD in Taoismo e Alchimia Interiore) e Maura Parlagreco (operatrice olistica del benessere, istruttrice di Taijiquan e Qigong): In primavera, come il bamb\u00f9 nel vento. La Festa di Primavera e la rivitalizzazione ciclica dell\u2019essere: Q\u00ecg\u014dng di Lunga Vita. In accordo con i tempi stabiliti dal calendario tradizionale cinese, esploreremo insieme i legami fra la stagione primaverile e la nostra struttura energetica. Partendo dal viaggio del soffio vitale Q\u00ec, ne analizzeremo il significato linguistico ed energetico e la sua organizzazione nel piano concreto della forma, attraverso l\u2019esperienza teorica e pratica della millenaria disciplina del Q\u00ecg\u014dng, al fine di prepararci ad affrontare il nuovo anno rafforzando l\u2019equilibrio psicologico, emotivo ed energetico dell\u2019individuo.<\/p>\n<p>&nbsp;<\/p>\n<p><img loading=\"lazy\" decoding=\"async\" class=\"alignnone  wp-image-817\" src=\"http:\/\/sites.unica.it\/aulaconfucio\/files\/2017\/04\/IMG_6615-300x225.jpg\" alt=\"\" width=\"127\" height=\"95\" srcset=\"https:\/\/sites.unica.it\/aulaconfucio\/files\/2017\/04\/IMG_6615-300x225.jpg 300w, https:\/\/sites.unica.it\/aulaconfucio\/files\/2017\/04\/IMG_6615-768x576.jpg 768w, https:\/\/sites.unica.it\/aulaconfucio\/files\/2017\/04\/IMG_6615-1024x768.jpg 1024w, https:\/\/sites.unica.it\/aulaconfucio\/files\/2017\/04\/IMG_6615-250x188.jpg 250w, https:\/\/sites.unica.it\/aulaconfucio\/files\/2017\/04\/IMG_6615.jpg 1280w\" sizes=\"auto, (max-width: 127px) 100vw, 127px\" \/>Il Progetto &#8220;La Cina a scuola&#8221; (Classi III della Scuola Primaria dell&#8217;Istituto Comprensivo C. Colombo di Cagliari, sede di via Zefiro): l&#8217;obiettivo \u00e8 stato condurre gli studenti e i docenti delle scuole primarie alla scoperta di questa immensa parte del mondo e del suo immenso e affascinante crogiolo di popoli, della sua storia, della sua cultura e della sua lingua.&nbsp;<\/p>\n<p>A tal fine sono stati articolati 5 laboratori (di due ore ciascuno circa) suddivisi in diverse aree tematiche:<\/p>\n<ol>\n<li>Le feste tradizionali e lo zodiaco cinese<\/li>\n<li>Storia e&nbsp;societ\u00e0<\/li>\n<li>Lingua<\/li>\n<li>Geografia e popolazione<\/li>\n<li>Sistema scolastico cinese e proiezione film&nbsp;<\/li>\n<\/ol>\n<p>La finalit\u00e0 \u00e8 stata quella di incuriosire e fungere da stimolo per ulteriori approfondimenti di tematiche relative a regioni che si ritiene abbiano ormai acquisito una centralit\u00e0 non pi\u00f9 trascurabile e nei confronti delle quali occorre preparare la nostra societ\u00e0 locale e le nostre future dirigenze. I laboratori sono stati tenuti da docenti della cattedra di Storia e Istituzioni dell\u2019Asia del Dipartimento di Scienze Sociali e delle Istituzioni, nelle figure della dott.ssa Francesca CONGIU e della prof.ssa Barbara ONNIS, e dalla docente dell\u2019Aula Confucio di UniCa, la prof.ssa Zhang Wenwen.<\/p>\n<p style=\"text-align: center\">_________<\/p>\n<p><span style=\"font-size: 14pt\"><a href=\"http:\/\/sites.unica.it\/aulaconfucio\/category\/attivita-culturali\/\" target=\"_blank\">Clicca qui per rimanere aggiornato sulle iniziative dell&#8217;Aula!<\/a><\/span><\/p>\n<p style=\"text-align: center\">_________<\/p>\n","protected":false},"excerpt":{"rendered":"<p>Di seguito le attivit\u00e0 di diffusione della Cultura Cinese organizzate dalla nostra Aula Confucio durante i primi mesi del 2017: La Celebrazione del Capodanno Cinese. Lo staff dell&#8217;Aula in collaborazione con l&#8217;Associazione per l&#8217;Amicizia e <a class=\"more-link\" href=\"https:\/\/sites.unica.it\/aulaconfucio\/attivita-dellaula-confucio\/attivita-culturali\/\">Continue Reading&#8230;<\/a><\/p>\n","protected":false},"author":2835,"featured_media":0,"parent":102,"menu_order":0,"comment_status":"closed","ping_status":"closed","template":"","meta":{"ngg_post_thumbnail":0,"footnotes":""},"class_list":["post-805","page","type-page","status-publish","hentry"],"_links":{"self":[{"href":"https:\/\/sites.unica.it\/aulaconfucio\/wp-json\/wp\/v2\/pages\/805","targetHints":{"allow":["GET"]}}],"collection":[{"href":"https:\/\/sites.unica.it\/aulaconfucio\/wp-json\/wp\/v2\/pages"}],"about":[{"href":"https:\/\/sites.unica.it\/aulaconfucio\/wp-json\/wp\/v2\/types\/page"}],"author":[{"embeddable":true,"href":"https:\/\/sites.unica.it\/aulaconfucio\/wp-json\/wp\/v2\/users\/2835"}],"replies":[{"embeddable":true,"href":"https:\/\/sites.unica.it\/aulaconfucio\/wp-json\/wp\/v2\/comments?post=805"}],"version-history":[{"count":9,"href":"https:\/\/sites.unica.it\/aulaconfucio\/wp-json\/wp\/v2\/pages\/805\/revisions"}],"predecessor-version":[{"id":818,"href":"https:\/\/sites.unica.it\/aulaconfucio\/wp-json\/wp\/v2\/pages\/805\/revisions\/818"}],"up":[{"embeddable":true,"href":"https:\/\/sites.unica.it\/aulaconfucio\/wp-json\/wp\/v2\/pages\/102"}],"wp:attachment":[{"href":"https:\/\/sites.unica.it\/aulaconfucio\/wp-json\/wp\/v2\/media?parent=805"}],"curies":[{"name":"wp","href":"https:\/\/api.w.org\/{rel}","templated":true}]}}