{"id":3887,"date":"2023-01-13T12:56:05","date_gmt":"2023-01-13T11:56:05","guid":{"rendered":"https:\/\/sites.unica.it\/aulaconfucio\/?page_id=3887"},"modified":"2023-01-13T12:58:19","modified_gmt":"2023-01-13T11:58:19","slug":"universita-di-lingue-straniere-di-pechino-beijing-foreign-studies-university","status":"publish","type":"page","link":"https:\/\/sites.unica.it\/aulaconfucio\/che-cose-laula-confucio-di-unica\/universita-di-lingue-straniere-di-pechino-beijing-foreign-studies-university\/","title":{"rendered":"Universit\u00e0 di lingue straniere di Pechino | Beijing Foreign Studies University"},"content":{"rendered":"<p><em>Traduzione a cura della dott.ssa Cinzia TRUDDA &#8211; studentessa del Master&nbsp;di II Livello in&nbsp;Traduzione&nbsp;Specializzata&nbsp;&nbsp;dell&#8217;Universit\u00e0 di Roma Sapienza e&nbsp;tirocinanda&nbsp;dell&#8217;Aula Confucio&nbsp;di UniCa (novembre 2022-febbraio 2023)<\/em><\/p>\n<hr>\n<p style=\"font-weight: 400\"><strong>Universit\u00e0 di lingue straniere di Pechino| Beijing Foreign Studies <\/strong><strong>University<\/strong><\/p>\n<p style=\"font-weight: 400\">L\u2019Universit\u00e0 di Lingue straniere di Pechino, la <em>Beijing Waiguoyu Daxue<\/em>, conosciuta come Beiwai o BFSU (dall\u2019inglese <em>Beijing Foreing Studies University<\/em>), \u00e8 situata a Pechino, nel distretto di Haidian, sul terzo anello che divide il campus est da quello ovest. \u00c8 sotto la diretta amministrazione del Ministero della Pubblica Istruzione, e ha fatto parte del primo gruppo del \u201cProgetto 211\u201d e del \u201cProgetto 985\u201d per le eccellenze accademiche e l\u2019innovazione, ora confluiti nel \u201cDouble First Class Universities<strong>\u201d.<\/strong><\/p>\n<p style=\"font-weight: 400\">La Beiwai \u00e8 la prima universit\u00e0 di lingue straniere fondata dal PCC. Ha origine dal terzo distaccamento di studi russi dellaChinese People&#8217;s Anti-Japanese Military and Political University di Yan\u2019An, poi divenuta Foreign Language School of the Central Military Commission sotto l\u2019amministrazione del Comitato Centrale del PCC. Dopo la nascita della Repubblica Popolare Cinese, la sua guida viene presa dal Ministero degli Affari Esteri, nel 1954 viene rinominata Beijing Foreign Language Institute e nel 1959 gli viene annesso il Beijing Russian Language Institute. Dal 1980 \u00e8 diretta dal Ministero della Pubblica Istruzione e nel 1994 ha ufficialmente assunto il nome attuale.<\/p>\n<p style=\"font-weight: 400\"><img loading=\"lazy\" decoding=\"async\" class=\"wp-image-3891 alignright\" src=\"http:\/\/sites.unica.it\/aulaconfucio\/files\/2023\/01\/\u4e1c\u9662\u6821\u95e8\u66f4\u65b01-300x129.jpg\" alt=\"\" width=\"367\" height=\"158\" srcset=\"https:\/\/sites.unica.it\/aulaconfucio\/files\/2023\/01\/\u4e1c\u9662\u6821\u95e8\u66f4\u65b01-300x129.jpg 300w, https:\/\/sites.unica.it\/aulaconfucio\/files\/2023\/01\/\u4e1c\u9662\u6821\u95e8\u66f4\u65b01-250x108.jpg 250w, https:\/\/sites.unica.it\/aulaconfucio\/files\/2023\/01\/\u4e1c\u9662\u6821\u95e8\u66f4\u65b01.jpg 650w\" sizes=\"auto, (max-width: 367px) 100vw, 367px\" \/><\/p>\n<p style=\"font-weight: 400\">L\u2019offerta formativa dell\u2019ateneo comprende 101 lingue, tra europee e afroasiatiche, incluse le lingue meno comuni, e detiene il primato come universit\u00e0 creata dal Ministero della Pubblica Istruzione specializzata in questo ambito. Alla base della didattica \u00e8 previsto lo studio della lingua e della letteratura, ha ampliato la sua offerta formativa integrando in un modello multidisciplinare le materie umanistiche, il diritto, l\u2019economia, il management e la didattica. In ordine cronologico, sono stati introdotti gli insegnamenti di: russo, inglese, francese, tedesco, spagnolo, polacco, ceco, romeno, giapponese, arabo, cambogiano, laotiano, singalese, malese, svedese, portoghese, ungherese, albanese, bulgaro, swahili, birmano, indonesiano, italiano, croato, serbo, hausa, vietnamita, thailandese, turco, coreano, slovacco, finlandese, ucraino, olandese, norvegese, islandese, danese, greco, filippino, hindi, urdu, ebraico, persiano, sloveno, estone, lettone, lituano, irlandese, maltese, bengalese, kazako, uzbeco, latino, zulu, kirghiso, afgano, sanscrito, pali, amarico, nepalese, somalo, tamil, turkmeno, catalano, yoruba, mongolo, armeno, malgascio, georgiano, azero, afrikaans, macedone, tagico, sestwana, ndebele, comoriano, creolo, shona, tigrino, bielorusso, maori, tongano, samoano, kurdo, bislama, dari, tetum, maldiviano, figiano, maori delle Isole Cook, kirundi, lussemburghese, kinyarwanda, niueano, tok pisin, chewa, sotho, sango, berbero, javanese, punjabi.<\/p>\n<p style=\"font-weight: 400\">In linea con lo spirito e i principi del PCC, sono incluse tutte le lingue ufficiali dei Paesi con cui la Repubblica Popolare Cinese ha stabilito relazioni diplomatiche.<\/p>\n<p style=\"font-weight: 400\">Negli ultimi anni, l\u2019istituto ha promosso una riforma del modello didattico per la formazione di personale altamente qualificato, creando il primo dipartimento accademico nazionale per la creazione di materiali didattici, il Beiwai College, la School of International Organization, la Graduate School of Education, l\u2019Artificial Intelligence and Human Language Lab e la School of Asian Studies e la School of African Studies, espandendo l\u2019iniziale School of Asian and African Studies. Con lo scopo di accrescere l\u2019internazionalit\u00e0 dell\u2019universit\u00e0, ha inaugurato istituzioni di ricerca specializzate come l\u2019Academy of International Communication of Chinese Culture e il Language Research Centre for State Translation Capacity. L\u2019universit\u00e0 comprende 52 basi di ricerca a livello nazionale, provinciale e ministeriale, amministrate dal Ministero dell\u2019Istruzione, tra cui: il Key Research Institute of Humanities and Social Science, di cui fa parte il National Research Centre for Foreign Language Education; il Cultivation Laboratory for Philosophy and Social Sciences di cui fa parte il BFSU Artificial Intelligence and Human Languages Lab (BFSU\u2022AI); il &nbsp;State Language Commission Research Centre di cui fa parte il National Research Centre for State Language Capacity; 4 Cultivation Bases for Studies of Individual Countries and area Studies che sono: il Central and Eastern European Studies Centre, il Japanese Studies Centre,&nbsp; il British Studies Center e il Canadian Studies Center; 37 Registered Centre for Studies of Individual Countries and Area Studies; 3 Research Centre for Exchanges in Humanities che sono: il Research Centre for China-Indonesia Exchanges in Humanities, il Research Centre for China-France Exchanges in Humanities e il Research Centre for China-Germany Exchanges in Humanities. Inoltre, grazie al Beijing Municipal Key Research Centre for Philosophy and Social Sciences e il Beijing Municipal Research Centre for Educational Legal Systems, l\u2019ateneo \u00e8 stato riconosciuto tra i migliori centri di ricerca per la promozione della lingua nazionale e per lo studio del pensiero di Xi Jinping sul socialismo con caratteristiche cinesi per una nuova era, e come centro di innovazione collaborativa riguardo il socialismo con caratteristiche cinesi tra le universit\u00e0 di Pechino.<\/p>\n<p><img loading=\"lazy\" decoding=\"async\" class=\"wp-image-3894 alignright\" src=\"http:\/\/sites.unica.it\/aulaconfucio\/files\/2023\/01\/dt1-300x151.jpg\" alt=\"\" width=\"387\" height=\"195\" srcset=\"https:\/\/sites.unica.it\/aulaconfucio\/files\/2023\/01\/dt1-300x151.jpg 300w, https:\/\/sites.unica.it\/aulaconfucio\/files\/2023\/01\/dt1-250x126.jpg 250w, https:\/\/sites.unica.it\/aulaconfucio\/files\/2023\/01\/dt1.jpg 420w\" sizes=\"auto, (max-width: 387px) 100vw, 387px\" \/><\/p>\n<p style=\"font-weight: 400\">La Beiwai pubblica riviste per le scienze sociali e umanistiche afferenti al CSSCI: 4 riviste di base che sono il <em>Foreign Language Teaching and Research<\/em>,&nbsp;il <em>Foreign Literature<\/em>,<em>&nbsp;International Forum<\/em>, e il <em>Foreign Language Education in China<\/em>; e due periodici l\u2019<em>International Sinology<\/em>&nbsp;e il <em>Russian in China; <\/em>7 giornali accademici; il <em>Chinese Journal of Applied Linguistics <\/em>in lingua inglese e altri 11 giornali accademici multilinguistici in lingua inglese, francese, spagnolo, arabo, russo, tedesco e portoghese. Inoltre, fa capo alla Beiwai, la <em>Foreign Language Teaching and Research Press<\/em>, la maggiore casa editrice cinese di libri, prodotti audio visivi e digitali in lingua straniera.<\/p>\n<p style=\"font-weight: 400\">L\u2019offerta didattica comprende 121 corsi di laurea, di cui 46 interni e 33 afferenti al <em>first-class program<\/em>. Attualmente, 4 discipline sono riconosciute come chiave a livello nazionale (tra cui la didattica) e 7 a livello municipale. Offre due corsi di dottorato (lingua e letteratura, management e ingegneria gestionale), 11 corsi di laurea magistrale (diritto, scienze politiche, studi sul marxismo, economia applicata, lingua e letteratura cinese, lingue e letterature straniere, giornalismo e scienze della comunicazione, management e ingegneria gestionale, MBA, scienze dell\u2019educazione e storia), 8 master (finanza, commercio internazionale, insegnamento della lingua cinese come lingua straniera, interpretariato e traduzione, giornalismo e scienze della comunicazione, diritto, accounting e MBA), comprendendo le macro aree di studio di letteratura, economia, management, diritto, pedagogia e storia. Gli insegnamenti di lingue e culture straniere sono entrati a far parte del progetto \u201cDouble First Class Universities\u201d e quelli di didattica delle lingue hanno guadagnato il titolo di eccellenza tra le universit\u00e0 di Pechino. Le discipline di lingua e letteratura straniere sono classificate con A+ nel ranking nazionale, ottenendo il primo posto. Nel 2022 la QS World University Rankings ha posizionato al 60\u00b0 la scuola di lingue, 151\u00b0 inglese e 200\u00b0 letteratura, ottenendo la posizione migliore tra le universit\u00e0 cinesi della stessa categoria.&nbsp; La scuola conta pi\u00f9 di 5.800 iscritti ai corsi di laurea, pi\u00f9 di 3.700 ai corsi magistrali e ai dottorati, e oltre 1.200 sono studenti internazionali.<\/p>\n<p style=\"font-weight: 400\">L\u2019universit\u00e0 si impegna costantemente per migliorare i suoi standard, con particolare enfasi sulla qualit\u00e0 del corpo docente, ad oggi formato da pi\u00f9 di 1.300 professori, pi\u00f9 di 200 provenienti da 60 diverse nazionalit\u00e0 e oltre il 90% con pregresse esperienze di studio all\u2019estero. Tra loro si annoverano eminenti personalit\u00e0 insignite dal governo di importanti riconoscimenti quali: \u201cFriendship Medal\u201d, \u201cNational excellent Teacher\u201d, \u201cThousand talent Program\u201d, \u201cMillion Talents Program\u201d, \u201cFour-batch Talent Project\u201d, \u201cYangtze River Distinguished Professors\u201d e&nbsp;\u201cYoung Yangtze River Scholars\u201d. Inoltre, il National Research Centre for Foreign Language Education \u00e8 stato riconosciuto come &#8220;Model University in Huang Danian-style&#8221;.<\/p>\n<p style=\"font-weight: 400\">&nbsp;<\/p>\n<p style=\"font-weight: 400\">La Beiwai ha stipulato convenzioni internazionali di scambio e cooperazione accademica con 324 istituzioni in 81 diversi paesi e regioni, tra le quali prestigiose universit\u00e0 come: la Brown University (US), l\u2019Edinburg University (GB), Heidelberg University (DE), la Moscow State University (RU), la Toronto University (CA), la Waseda University (JP), la Nanyang University of Technology (SG). Ha siglato accordi per la creazione di 23 istituti e classi Confucio, il numero pi\u00f9 alto del Paese, in 18 stati diversi tra Asia, Europa e America, 7 dei quali sono stati giudicati esemplari a livello mondiale. Questi si trovano, in ordine cronologico di istituzione, alla Erlangen\u2013Nuremberg University (DE), a Brussels (BE), alla University of Vienna (AT), all\u2019Universit\u00e0 La Sapienza di Roma (IT), a Cracovia (PL), a Liegi (BE), a D\u00fcesseldorf&nbsp;(DE), all\u2019 E\u00f6tv\u00f6s Lor\u00e1nd University (HU),&nbsp;a Sofia (BG), alla Palacky University (CZ), a Monaco (DE), all\u2019University of Malaya (MY), all\u2019 Hankuk University of Foreign Studies (KR), a Barcellona (ES), alla Moscow State Linguistic University (RU), alla Zayed University (AE), all\u2019University of Tirana (AL),&nbsp;all\u2019 University of G\u00f6ttingen (DE), alla Oxford Brooks University (GB), alla University of Colombo (LK), al ESCP Business School (FR), alla Maryknoll School (US) e alla Open University (GB).<\/p>\n<p style=\"font-weight: 400\">La biblioteca raccoglie circa 1.53 milioni di volumi cartacei tra cinesi e stranieri, 2.16 milioni di e-book, 1.123 riviste e 102 banche dati, creando una notevole collezione di risorse su lingua, letteratura e cultura. Negli ultimi anni, grazie al consolidamento nei campi disciplinari di politica, diritto, affari esteri, economia, giornalismo e management continua ad accrescere progressivamente la raccolta. Per creare un sistema informatizzato \u201caperto, interconnesso, intelligente, innovativo e integrato\u201d la scuola si impegna ad implementare continuamente l\u2019uso della tecnologia nell\u2019educazione. Ha sviluppato una piattaforma digitale con un sito multilingue, una Beiwai digitale, un centro di raccolta dati, la didattica online e le risorse didattiche, ha costruito aule e un ambiente didattico virtuali, che hanno portato ad ottenere risultati significativi.<\/p>\n<p style=\"font-weight: 400\">Dall\u2019attenzione dedicata a soddisfare le necessit\u00e0 di sviluppo del Paese, basa la sua filosofia sui concetti di \u201cinternazionalit\u00e0, specializzazione, eccellenza e multidisciplinariet\u00e0\u201d, che ingloba nel motto \u201caccumula conoscenze di diversa natura e studia con dedizione\u201d.<\/p>\n<p style=\"font-weight: 400\">La Beiwai \u00e8 diventata un centro fondamentale per le relazioni internazionali, attraverso la formazione di talenti negli ambiti della diplomazia, della traduzione e dell\u2019interpretariato, della didattica, del commercio, del giornalismo, del diritto e della finanza. Un gran numero di laureati \u00e8 attivo sia a livello nazionale che internazionale, i loro contributi sono significativi in diversi campi professionali e si sono distinti nelle loro carriere, diventando figure eminenti e stimati membri della societ\u00e0. Secondo i numeri incompleti delle statistiche, tra gli Alumni della Beiwai, pi\u00f9 di 400 sono diventati ambasciatori all\u2019estero e pi\u00f9 di 2000 consiglieri, facendo guadagnare alla scuola la fama di \u201cculla dei diplomatici della Repubblica\u201d.<\/p>\n<p style=\"font-weight: 400\">Attualmente, l\u2019universit\u00e0 aderisce al pensiero e alle disposizioni del Partito e ne riconosce la leadership, attuando e implementando le misure per potenziare la scuola attraverso la coltivazione di talenti, incoraggiando la ricerca, puntando ad una competenza sempre pi\u00f9 mondiale, lavorando nel creare specialisti in ottica interdisciplinare, con orizzonti mondiali, nel rispetto del nostro paese, per accelerare la costruzione di un\u2019universit\u00e0 di lingue straniere di dimensione internazionale, peculiare e di alto livello, con un approccio multidisciplinare integrato nell\u2019ambizione di continuare a dare un nuovo contributo per promuovere sia un miglior accesso al mondo da parte della Cina, sia una migliore comprensione del mondo verso questa.<\/p>\n<p>&nbsp;<\/p>\n<p style=\"font-weight: 400\"><em>(Ultimo aggiornamento: giugno 2022)<\/em><\/p>\n","protected":false},"excerpt":{"rendered":"<p>Traduzione a cura della dott.ssa Cinzia TRUDDA &#8211; studentessa del Master&nbsp;di II Livello in&nbsp;Traduzione&nbsp;Specializzata&nbsp;&nbsp;dell&#8217;Universit\u00e0 di Roma Sapienza e&nbsp;tirocinanda&nbsp;dell&#8217;Aula Confucio&nbsp;di UniCa (novembre 2022-febbraio 2023) Universit\u00e0 di lingue straniere di Pechino| Beijing Foreign Studies University L\u2019Universit\u00e0 di <a class=\"more-link\" href=\"https:\/\/sites.unica.it\/aulaconfucio\/che-cose-laula-confucio-di-unica\/universita-di-lingue-straniere-di-pechino-beijing-foreign-studies-university\/\">Continue Reading&#8230;<\/a><\/p>\n","protected":false},"author":2594,"featured_media":0,"parent":55,"menu_order":2,"comment_status":"closed","ping_status":"closed","template":"","meta":{"ngg_post_thumbnail":0,"footnotes":""},"class_list":["post-3887","page","type-page","status-publish","hentry"],"_links":{"self":[{"href":"https:\/\/sites.unica.it\/aulaconfucio\/wp-json\/wp\/v2\/pages\/3887","targetHints":{"allow":["GET"]}}],"collection":[{"href":"https:\/\/sites.unica.it\/aulaconfucio\/wp-json\/wp\/v2\/pages"}],"about":[{"href":"https:\/\/sites.unica.it\/aulaconfucio\/wp-json\/wp\/v2\/types\/page"}],"author":[{"embeddable":true,"href":"https:\/\/sites.unica.it\/aulaconfucio\/wp-json\/wp\/v2\/users\/2594"}],"replies":[{"embeddable":true,"href":"https:\/\/sites.unica.it\/aulaconfucio\/wp-json\/wp\/v2\/comments?post=3887"}],"version-history":[{"count":2,"href":"https:\/\/sites.unica.it\/aulaconfucio\/wp-json\/wp\/v2\/pages\/3887\/revisions"}],"predecessor-version":[{"id":3898,"href":"https:\/\/sites.unica.it\/aulaconfucio\/wp-json\/wp\/v2\/pages\/3887\/revisions\/3898"}],"up":[{"embeddable":true,"href":"https:\/\/sites.unica.it\/aulaconfucio\/wp-json\/wp\/v2\/pages\/55"}],"wp:attachment":[{"href":"https:\/\/sites.unica.it\/aulaconfucio\/wp-json\/wp\/v2\/media?parent=3887"}],"curies":[{"name":"wp","href":"https:\/\/api.w.org\/{rel}","templated":true}]}}