{"id":223,"date":"2016-05-10T11:23:59","date_gmt":"2016-05-10T09:23:59","guid":{"rendered":"http:\/\/sites.unica.it\/aulaconfucio\/?page_id=223"},"modified":"2016-06-20T12:21:17","modified_gmt":"2016-06-20T10:21:17","slug":"valutazione-delle-attivita","status":"publish","type":"page","link":"https:\/\/sites.unica.it\/aulaconfucio\/attivita-dellaula-confucio\/valutazione-delle-attivita\/","title":{"rendered":"Valutazione delle attivit\u00e0"},"content":{"rendered":"<p>La valutazione delle attivit\u00e0 da parte degli studenti dei corsi di lingua cinese attivati dall&#8217;Aula Confucio \u00e8 ritenuta molto importante. Per questo motivo in questa pagina saranno pubblicati i risultati dei questionari compilati in forma anonima dagli studenti che hanno preso parte alle iniziative promosse dall&#8217;Aula.<\/p>\n<table style=\"height: 45px\" width=\"684\">\n<tbody>\n<tr>\n<td>Compila qui il questionario di valutazione<\/td>\n<td><a href=\"http:\/\/sites.unica.it\/aulaconfucio\/attivita-dellaula-confucio\/questionario-di-valutazione-attivita\/questionario-di-gradimento-attivita\/\">Link alla pagina<\/a><\/td>\n<\/tr>\n<tr>\n<td>Il questionario<\/td>\n<td><a href=\"http:\/\/sites.unica.it\/aulaconfucio\/files\/2016\/05\/Questionario-cinese.pdf\" rel=\"\">Scarica il questionario!<\/a><\/td>\n<\/tr>\n<tr>\n<td>Risultati corso di lingua cinese<\/td>\n<td>I risultati sono in fase di elaborazione<\/td>\n<\/tr>\n<\/tbody>\n<\/table>\n","protected":false},"excerpt":{"rendered":"<p>La valutazione delle attivit\u00e0 da parte degli studenti dei corsi di lingua cinese attivati dall&#8217;Aula Confucio \u00e8 ritenuta molto importante. Per questo motivo in questa pagina saranno pubblicati i risultati dei questionari compilati in forma <a class=\"more-link\" href=\"https:\/\/sites.unica.it\/aulaconfucio\/attivita-dellaula-confucio\/valutazione-delle-attivita\/\">Continue Reading&#8230;<\/a><\/p>\n","protected":false},"author":2835,"featured_media":0,"parent":102,"menu_order":0,"comment_status":"closed","ping_status":"closed","template":"","meta":{"ngg_post_thumbnail":0,"footnotes":""},"class_list":["post-223","page","type-page","status-publish","hentry"],"_links":{"self":[{"href":"https:\/\/sites.unica.it\/aulaconfucio\/wp-json\/wp\/v2\/pages\/223","targetHints":{"allow":["GET"]}}],"collection":[{"href":"https:\/\/sites.unica.it\/aulaconfucio\/wp-json\/wp\/v2\/pages"}],"about":[{"href":"https:\/\/sites.unica.it\/aulaconfucio\/wp-json\/wp\/v2\/types\/page"}],"author":[{"embeddable":true,"href":"https:\/\/sites.unica.it\/aulaconfucio\/wp-json\/wp\/v2\/users\/2835"}],"replies":[{"embeddable":true,"href":"https:\/\/sites.unica.it\/aulaconfucio\/wp-json\/wp\/v2\/comments?post=223"}],"version-history":[{"count":4,"href":"https:\/\/sites.unica.it\/aulaconfucio\/wp-json\/wp\/v2\/pages\/223\/revisions"}],"predecessor-version":[{"id":256,"href":"https:\/\/sites.unica.it\/aulaconfucio\/wp-json\/wp\/v2\/pages\/223\/revisions\/256"}],"up":[{"embeddable":true,"href":"https:\/\/sites.unica.it\/aulaconfucio\/wp-json\/wp\/v2\/pages\/102"}],"wp:attachment":[{"href":"https:\/\/sites.unica.it\/aulaconfucio\/wp-json\/wp\/v2\/media?parent=223"}],"curies":[{"name":"wp","href":"https:\/\/api.w.org\/{rel}","templated":true}]}}