{"id":1689,"date":"2017-09-08T14:21:45","date_gmt":"2017-09-08T14:21:45","guid":{"rendered":"http:\/\/sites.unica.it\/asubl6\/?page_id=1689"},"modified":"2018-05-25T10:40:18","modified_gmt":"2018-05-25T10:40:18","slug":"abstracts","status":"publish","type":"page","link":"https:\/\/sites.unica.it\/asubl6\/abstracts\/","title":{"rendered":"Abstracts"},"content":{"rendered":"<p>&nbsp;<\/p>\n<table>\n<tbody>\n<tr>\n<td><a href=\"http:\/\/sites.unica.it\/asubl6\/files\/2018\/05\/\u00a7Gil-Ferez\u00a7-Jipsen-Metcalfe-Tsinakis.pdf\">Jos\u00e9 Gil Fer\u00e9z<\/a> \u00a0 \u00a0 \u00a0 \u00a0 \u00a0<a href=\"http:\/\/sites.unica.it\/asubl6\/files\/2018\/05\/\u00a7Fermueller\u00a7.pdf\">Christian Ferm\u00fcller<\/a>\u00a0 \u00a0 \u00a0 \u00a0 \u00a0\u00a0<a href=\"http:\/\/sites.unica.it\/asubl6\/files\/2018\/05\/Rodolfo-Ertola.pdf\">Rodolfo Ertola<\/a><\/td>\n<td><\/td>\n<td><\/td>\n<\/tr>\n<tr>\n<td><a href=\"http:\/\/sites.unica.it\/asubl6\/files\/2018\/05\/Ivan-Chajda.pdf\">Ivan Chajda<\/a>\u00a0 \u00a0 \u00a0 \u00a0 \u00a0 \u00a0 \u00a0\u00a0<a href=\"http:\/\/sites.unica.it\/asubl6\/files\/2018\/05\/Timo-Lang.pdf\">Timo Lang<\/a>\u00a0 \u00a0 \u00a0 \u00a0 \u00a0 \u00a0 \u00a0 \u00a0 \u00a0 \u00a0 \u00a0\u00a0<a href=\"http:\/\/sites.unica.it\/asubl6\/files\/2018\/05\/Tommaso-Moraschini.pdf\">Tommaso Moraschini<\/a><\/td>\n<td><\/td>\n<td><\/td>\n<\/tr>\n<tr>\n<td><a href=\"http:\/\/sites.unica.it\/asubl6\/files\/2018\/05\/Nick-Galatos.pdf\">Nick Galatos<\/a>\u00a0 \u00a0 \u00a0 \u00a0 \u00a0 \u00a0 \u00a0<a href=\"http:\/\/sites.unica.it\/asubl6\/files\/2018\/05\/Shay-Logan.pdf\">Shay Logan<\/a>\u00a0 \u00a0 \u00a0 \u00a0 \u00a0 \u00a0 \u00a0 \u00a0 \u00a0 \u00a0 \u00a0<a href=\"http:\/\/sites.unica.it\/asubl6\/files\/2018\/05\/Stefano-Bonzio.pdf\">Stefano Bonzio<\/a><\/td>\n<td><\/td>\n<td><\/td>\n<\/tr>\n<\/tbody>\n<\/table>\n<table>\n<tbody>\n<tr>\n<td><a href=\"http:\/\/sites.unica.it\/asubl6\/files\/2018\/05\/Antonio-Di-Nola.pdf\">Antonio Di Nola<\/a> \u00a0 \u00a0 \u00a0\u00a0<a href=\"http:\/\/sites.unica.it\/asubl6\/files\/2018\/05\/Noemi-Lubomirsky.pdf\">Noemi Lubomirsky<\/a>\u00a0 \u00a0 \u00a0 \u00a0 \u00a0<a href=\"http:\/\/sites.unica.it\/asubl6\/files\/2018\/05\/Olim-Tuyt.pdf\">Olim Tuyt<\/a><\/td>\n<td><\/td>\n<td><\/td>\n<\/tr>\n<tr>\n<td><a href=\"http:\/\/sites.unica.it\/asubl6\/files\/2018\/05\/Rodica-Ceterchi.pdf\">Rodica Ceterchi<\/a> \u00a0 \u00a0 \u00a0 \u00a0<a href=\"http:\/\/sites.unica.it\/asubl6\/files\/2018\/05\/Paolo-Aglian\u00f2.pdf\">Paolo Aglian\u00f2<\/a>\u00a0 \u00a0 \u00a0 \u00a0 \u00a0 \u00a0 \u00a0 \u00a0 \u00a0\u00a0<a href=\"http:\/\/sites.unica.it\/asubl6\/files\/2018\/05\/Anela-Lolic.pdf\">Anela Lolic<\/a><\/td>\n<td><\/td>\n<td><\/td>\n<\/tr>\n<tr>\n<td><a href=\"http:\/\/sites.unica.it\/asubl6\/files\/2018\/05\/Sara-Lapenta.pdf\">Sara Lapenta<\/a> \u00a0 \u00a0 \u00a0 \u00a0 \u00a0 \u00a0<a href=\"http:\/\/sites.unica.it\/asubl6\/files\/2018\/05\/Miguel-A.-Marcos.pdf\">Miguel A. Marcos<\/a>\u00a0 \u00a0 \u00a0 \u00a0 \u00a0 \u00a0\u00a0<a href=\"http:\/\/sites.unica.it\/asubl6\/files\/2018\/05\/George-Metcalfe.pdf\">George Metcalfe<\/a><\/td>\n<td><\/td>\n<td><\/td>\n<\/tr>\n<tr>\n<td><a href=\"http:\/\/sites.unica.it\/asubl6\/files\/2018\/05\/Conrado-Gomez.pdf\">Conrado Gomez<\/a> \u00a0 \u00a0 \u00a0 <a href=\"http:\/\/sites.unica.it\/asubl6\/files\/2018\/05\/Almudena-Colacito.pdf\">Almudena Colacito<\/a>\u00a0 \u00a0 \u00a0 \u00a0 \u00a0\u00a0<a href=\"http:\/\/sites.unica.it\/asubl6\/files\/2018\/05\/Gavin-St.-John.pdf\">Gavin St. John<\/a><\/td>\n<td><\/td>\n<td><\/td>\n<\/tr>\n<\/tbody>\n<\/table>\n<table>\n<tbody>\n<tr>\n<td><a href=\"http:\/\/sites.unica.it\/asubl6\/files\/2018\/05\/Antonino-Salibra.pdf\">Antonino Salibra<\/a> \u00a0 \u00a0 \u00a0 \u00a0<a href=\"http:\/\/sites.unica.it\/asubl6\/files\/2018\/05\/Ji\u0159\u00ed-Rach\u016fnek-.pdf\">Ji\u0159\u00ed Rach\u016fnek<\/a><span style=\"font-family: inherit;font-size: inherit\">\u00a0 \u00a0 \u00a0 \u00a0 \u00a0 \u00a0 \u00a0 \u00a0 \u00a0 \u00a0<a href=\"http:\/\/sites.unica.it\/asubl6\/files\/2018\/05\/Matteo-Bianchi.pdf\">Matteo Bianchi<\/a><\/span><\/td>\n<td><\/td>\n<td><\/td>\n<\/tr>\n<tr>\n<td><a href=\"http:\/\/sites.unica.it\/asubl6\/files\/2018\/05\/Luigi-Santocanale.pdf\">Luigi Santocanale<\/a> \u00a0 \u00a0 \u00a0<a href=\"http:\/\/sites.unica.it\/asubl6\/files\/2018\/05\/Hector-Freytes.pdf\">Hector Freytes<\/a> \u00a0 \u00a0 \u00a0 \u00a0 \u00a0 \u00a0 \u00a0 \u00a0 <a href=\"http:\/\/sites.unica.it\/asubl6\/files\/2018\/05\/Sara-Ugolin.pdf\">Sara Ugolini<\/a><\/td>\n<td><\/td>\n<td><\/td>\n<\/tr>\n<tr>\n<td><a href=\"http:\/\/sites.unica.it\/asubl6\/files\/2018\/05\/Zuzana-Hanikova.pdf\">Zuzana Hanikova<\/a> \u00a0 \u00a0 \u00a0 <a href=\"http:\/\/sites.unica.it\/asubl6\/files\/2018\/05\/Hernando-Gaitan-O..pdf\">Hernando Gaitan O.<\/a> \u00a0 \u00a0 \u00a0 \u00a0<a href=\"http:\/\/sites.unica.it\/asubl6\/files\/2018\/05\/Claudia-Mure\u015fan.pdf\">Claudia Mure\u015fan<\/a><\/td>\n<td><\/td>\n<td><\/td>\n<\/tr>\n<tr>\n<td><a href=\"http:\/\/sites.unica.it\/asubl6\/files\/2018\/05\/Amanda-Vidal.pdf\">Amanda Vidal<\/a> \u00a0 \u00a0 \u00a0 \u00a0 \u00a0 \u00a0 <a href=\"http:\/\/sites.unica.it\/asubl6\/files\/2018\/05\/Hernan-San-Martin.pdf\">Hernan San Martin<\/a><\/td>\n<td><\/td>\n<td><\/td>\n<\/tr>\n<\/tbody>\n<\/table>\n<table>\n<tbody>\n<tr>\n<td><a href=\"http:\/\/sites.unica.it\/asubl6\/files\/2018\/05\/Maria-Luisa-Dalla-Chiara.pdf\">Maria Luisa Dalla Chiara<\/a><\/td>\n<\/tr>\n<tr>\n<td><a href=\"http:\/\/sites.unica.it\/asubl6\/files\/2018\/05\/Jan-Paseka.pdf\">Jan Paseka<\/a><\/td>\n<\/tr>\n<tr>\n<td><a href=\"http:\/\/sites.unica.it\/asubl6\/files\/2018\/05\/Jacek-Malinowski.pdf\">Jacek Malinowski<\/a><\/td>\n<\/tr>\n<tr>\n<td>Davide Fazio<\/td>\n<\/tr>\n<\/tbody>\n<\/table>\n","protected":false},"excerpt":{"rendered":"<p>&nbsp; Jos\u00e9 Gil Fer\u00e9z \u00a0 \u00a0 \u00a0 \u00a0 \u00a0Christian Ferm\u00fcller\u00a0 \u00a0 \u00a0 \u00a0 \u00a0\u00a0Rodolfo Ertola Ivan Chajda\u00a0 \u00a0 \u00a0 \u00a0 \u00a0 \u00a0 \u00a0\u00a0Timo Lang\u00a0 \u00a0 \u00a0 \u00a0 \u00a0 \u00a0 \u00a0 \u00a0 \u00a0 \u00a0 \u00a0\u00a0Tommaso Moraschini Nick Galatos\u00a0 \u00a0 \u00a0 \u00a0 &hellip; <a href=\"https:\/\/sites.unica.it\/asubl6\/abstracts\/\">Continua a leggere<span class=\"meta-nav\">&rarr;<\/span><\/a><\/p>\n","protected":false},"author":524,"featured_media":0,"parent":0,"menu_order":0,"comment_status":"closed","ping_status":"closed","template":"","meta":{"footnotes":""},"class_list":["post-1689","page","type-page","status-publish","hentry"],"_links":{"self":[{"href":"https:\/\/sites.unica.it\/asubl6\/wp-json\/wp\/v2\/pages\/1689","targetHints":{"allow":["GET"]}}],"collection":[{"href":"https:\/\/sites.unica.it\/asubl6\/wp-json\/wp\/v2\/pages"}],"about":[{"href":"https:\/\/sites.unica.it\/asubl6\/wp-json\/wp\/v2\/types\/page"}],"author":[{"embeddable":true,"href":"https:\/\/sites.unica.it\/asubl6\/wp-json\/wp\/v2\/users\/524"}],"replies":[{"embeddable":true,"href":"https:\/\/sites.unica.it\/asubl6\/wp-json\/wp\/v2\/comments?post=1689"}],"version-history":[{"count":11,"href":"https:\/\/sites.unica.it\/asubl6\/wp-json\/wp\/v2\/pages\/1689\/revisions"}],"predecessor-version":[{"id":1942,"href":"https:\/\/sites.unica.it\/asubl6\/wp-json\/wp\/v2\/pages\/1689\/revisions\/1942"}],"wp:attachment":[{"href":"https:\/\/sites.unica.it\/asubl6\/wp-json\/wp\/v2\/media?parent=1689"}],"curies":[{"name":"wp","href":"https:\/\/api.w.org\/{rel}","templated":true}]}}