{"id":1688,"date":"2017-09-08T14:21:44","date_gmt":"2017-09-08T14:21:44","guid":{"rendered":"http:\/\/sites.unica.it\/asubl6\/?page_id=1688"},"modified":"2018-05-24T15:56:57","modified_gmt":"2018-05-24T15:56:57","slug":"participants","status":"publish","type":"page","link":"https:\/\/sites.unica.it\/asubl6\/participants\/","title":{"rendered":"Participants"},"content":{"rendered":"<p style=\"text-align: center\"><span style=\"font-size: 14pt\"><strong>Invited speakers<\/strong><\/span><\/p>\n<p>Here is an updated list of invited speakers who have confirmed their participation so far:<\/p>\n<p style=\"text-align: center\"><a href=\"http:\/\/www.mat.savba.sk\/~dvurecenskij\/\">Anatolij Dvure\u010denskij<\/a><\/p>\n<p style=\"text-align: center\"><a href=\"http:\/\/www.latrobe.edu.au\/psychology\/staff\/profile?uname=TKowalski\">Tomasz Kowalski<\/a><\/p>\n<p style=\"text-align: center\"><a href=\"http:\/\/researchmap.jp\/read0043732\/?lang=english\">Hiroakira Ono<\/a> <strong>(Founder of AsubL)<\/strong><\/p>\n<p style=\"text-align: center\"><a href=\"https:\/\/www.uni-tuebingen.de\/en\/faculties\/faculty-of-science\/departments\/computer-science\/lehrstuehle\/logik-und-sprachtheorie\/persons\/prof-dr-peter-schroeder-heister.html\">Peter Schroeder-Heister<\/a><\/p>\n<p style=\"text-align: center\"><a href=\"https:\/\/my.vanderbilt.edu\/constantinetsinakis\/\">Constantine Tsinakis<\/a><\/p>\n<p>&nbsp;<\/p>\n<p style=\"text-align: center\"><strong><span style=\"font-size: 14pt\">Speakers<\/span><\/strong><\/p>\n<div class=\"page\" title=\"Page 1\">\n<div class=\"layoutArea\">\n<div class=\"column\">\n<p style=\"text-align: center\">Paolo Aglian\u00f3<br \/>\nMatteo Bianchi<br \/>\nStefano Bonzio<br \/>\nRodica Ceterchi<br \/>\nIvan Chajda<br \/>\nAlmudena Colacito<br \/>\nMaria Luisa Dalla Chiara<br \/>\nAntonio Di Nola<br \/>\nRodolfo Ertola<br \/>\nDavide Fazio<br \/>\nChristian Ferm\u00fcller<br \/>\nHector Freytes<br \/>\nHernando Gaitan Orjuela<br \/>\nNick Galatos<br \/>\nJos\u00e9 Gil F\u00e9rez<br \/>\nConrado Gomez<br \/>\nZuzana Hanikova<br \/>\nTimo Lang<br \/>\nSara Lapenta<br \/>\nShay Logan<br \/>\nAnela Lolic<br \/>\nNoemi Lubomirsky<br \/>\nJacek Malinowski<br \/>\nMiguel Andreas Marcos<br \/>\nGeorge Metcalfe<br \/>\nTommaso Moraschini<br \/>\nClaudia Mure\u015fan<br \/>\nJan Paseka<br \/>\nJi\u0159\u00ed Rach\u016fnek<br \/>\nAntonino Salibra<br \/>\nHernan San Martin<br \/>\nLuigi Santocanale<br \/>\nGavin St. John<br \/>\nOlim Tuyt<br \/>\nSara Ugolini<br \/>\nAmanda Vidal<\/p>\n<\/div>\n<\/div>\n<div class=\"layoutArea\">\n<div class=\"column\">\n<p>&nbsp;<\/p>\n<\/div>\n<\/div>\n<\/div>\n<div class=\"page\" title=\"Page 1\">\n<div class=\"layoutArea\">\n<div class=\"column\">\n<p>&nbsp;<\/p>\n<p>&nbsp;<\/p>\n<\/div>\n<\/div>\n<div class=\"layoutArea\">\n<div class=\"column\">\n<p>&nbsp;<\/p>\n<\/div>\n<\/div>\n<\/div>\n","protected":false},"excerpt":{"rendered":"<p>Invited speakers Here is an updated list of invited speakers who have confirmed their participation so far: Anatolij Dvure\u010denskij Tomasz Kowalski Hiroakira Ono (Founder of AsubL) Peter Schroeder-Heister Constantine Tsinakis &nbsp; Speakers Paolo Aglian\u00f3 Matteo Bianchi Stefano Bonzio Rodica Ceterchi &hellip; <a href=\"https:\/\/sites.unica.it\/asubl6\/participants\/\">Continua a leggere<span class=\"meta-nav\">&rarr;<\/span><\/a><\/p>\n","protected":false},"author":524,"featured_media":0,"parent":0,"menu_order":0,"comment_status":"closed","ping_status":"closed","template":"","meta":{"footnotes":""},"class_list":["post-1688","page","type-page","status-publish","hentry"],"_links":{"self":[{"href":"https:\/\/sites.unica.it\/asubl6\/wp-json\/wp\/v2\/pages\/1688","targetHints":{"allow":["GET"]}}],"collection":[{"href":"https:\/\/sites.unica.it\/asubl6\/wp-json\/wp\/v2\/pages"}],"about":[{"href":"https:\/\/sites.unica.it\/asubl6\/wp-json\/wp\/v2\/types\/page"}],"author":[{"embeddable":true,"href":"https:\/\/sites.unica.it\/asubl6\/wp-json\/wp\/v2\/users\/524"}],"replies":[{"embeddable":true,"href":"https:\/\/sites.unica.it\/asubl6\/wp-json\/wp\/v2\/comments?post=1688"}],"version-history":[{"count":10,"href":"https:\/\/sites.unica.it\/asubl6\/wp-json\/wp\/v2\/pages\/1688\/revisions"}],"predecessor-version":[{"id":1877,"href":"https:\/\/sites.unica.it\/asubl6\/wp-json\/wp\/v2\/pages\/1688\/revisions\/1877"}],"wp:attachment":[{"href":"https:\/\/sites.unica.it\/asubl6\/wp-json\/wp\/v2\/media?parent=1688"}],"curies":[{"name":"wp","href":"https:\/\/api.w.org\/{rel}","templated":true}]}}