{"id":1694,"date":"2016-10-25T10:31:50","date_gmt":"2016-10-25T10:31:50","guid":{"rendered":"http:\/\/sites.unica.it\/antropologiascheletrica-lab\/?page_id=1694"},"modified":"2017-11-07T14:43:27","modified_gmt":"2017-11-07T14:43:27","slug":"collaborazioni-scientifiche","status":"publish","type":"page","link":"https:\/\/sites.unica.it\/antropologiascheletrica-lab\/collaborazioni-scientifiche\/","title":{"rendered":"Collaborazioni Scientifiche"},"content":{"rendered":"<ul>\n<li><span style=\"font-family: 'times new roman', times, serif;font-size: 14pt\">Comune di Gonnostramatza &#8211; Gonnostramatza Project;<\/span><\/li>\n<li><span style=\"font-family: 'times new roman', times, serif;font-size: 14pt\">Universit\u00e0 di Cagliari \u2013 <em>Dipartimento di Storia, Beni Culturali e Territorio;<\/em><\/span><\/li>\n<li><span style=\"font-family: 'times new roman', times, serif;font-size: 14pt\">Soprintendenza archeologia, belle arti e paesaggio per la citt\u00e0 metropolitana di Cagliari e per le province di Oristano, Medio Campidano, Carbonia-Iglesias, Ogliastra;<\/span><\/li>\n<li><span style=\"font-family: 'times new roman', times, serif;font-size: 14pt\">Universit\u00e0 degli Studi di Chieti &#8211; <em>Museo Universitario di Chieti;<\/em><\/span><\/li>\n<li><span style=\"font-family: 'times new roman', times, serif;font-size: 14pt\">Universit\u00e0 di Bologna &#8211; <em>Dipartimento di Beni Culturali<\/em>;<\/span><\/li>\n<li><span style=\"font-family: 'times new roman', times, serif;font-size: 14pt\">Universit\u00e0 di Pisa &#8211; <em>Dipartimento di Biologia<\/em>;<\/span><\/li>\n<li><span style=\"font-family: 'times new roman', times, serif;font-size: 14pt\">CONICET, Laboratorio de Ecolog\u00eda Evolutiva Humana, Dpto. Biolog\u00eda, Quequ\u00e9n, Buenos Aires, Argentina;<\/span><\/li>\n<li><span style=\"font-family: 'times new roman', times, serif;font-size: 14pt\">University of Cambridge \u2013 <em>Division of Archaeology<\/em> (Cambridge, UK).<\/span><\/li>\n<\/ul>\n","protected":false},"excerpt":{"rendered":"<p>Comune di Gonnostramatza &#8211; Gonnostramatza Project; Universit\u00e0 di Cagliari \u2013 Dipartimento di Storia, Beni Culturali e Territorio; Soprintendenza archeologia, belle arti e paesaggio per la citt\u00e0 metropolitana di Cagliari e per le province di Oristano, Medio Campidano, Carbonia-Iglesias, Ogliastra; Universit\u00e0 degli Studi di Chieti &#8211; Museo Universitario di Chieti; Universit\u00e0 di Bologna &#8211; Dipartimento di Beni Culturali; Universit\u00e0 di Pisa &#8211; Dipartimento di Biologia; CONICET, Laboratorio de Ecolog\u00eda Evolutiva Humana, Dpto. Biolog\u00eda, Quequ\u00e9n, Buenos Aires, Argentina; University of Cambridge \u2013 Division of Archaeology (Cambridge, UK).<\/p>\n","protected":false},"author":105,"featured_media":0,"parent":0,"menu_order":0,"comment_status":"closed","ping_status":"closed","template":"","meta":{"footnotes":""},"class_list":["post-1694","page","type-page","status-publish","hentry","post-seq-1","post-parity-odd","meta-position-corners","fix"],"_links":{"self":[{"href":"https:\/\/sites.unica.it\/antropologiascheletrica-lab\/wp-json\/wp\/v2\/pages\/1694","targetHints":{"allow":["GET"]}}],"collection":[{"href":"https:\/\/sites.unica.it\/antropologiascheletrica-lab\/wp-json\/wp\/v2\/pages"}],"about":[{"href":"https:\/\/sites.unica.it\/antropologiascheletrica-lab\/wp-json\/wp\/v2\/types\/page"}],"author":[{"embeddable":true,"href":"https:\/\/sites.unica.it\/antropologiascheletrica-lab\/wp-json\/wp\/v2\/users\/105"}],"replies":[{"embeddable":true,"href":"https:\/\/sites.unica.it\/antropologiascheletrica-lab\/wp-json\/wp\/v2\/comments?post=1694"}],"version-history":[{"count":6,"href":"https:\/\/sites.unica.it\/antropologiascheletrica-lab\/wp-json\/wp\/v2\/pages\/1694\/revisions"}],"predecessor-version":[{"id":1798,"href":"https:\/\/sites.unica.it\/antropologiascheletrica-lab\/wp-json\/wp\/v2\/pages\/1694\/revisions\/1798"}],"wp:attachment":[{"href":"https:\/\/sites.unica.it\/antropologiascheletrica-lab\/wp-json\/wp\/v2\/media?parent=1694"}],"curies":[{"name":"wp","href":"https:\/\/api.w.org\/{rel}","templated":true}]}}