{"id":128,"date":"2023-05-24T15:18:50","date_gmt":"2023-05-24T13:18:50","guid":{"rendered":"https:\/\/sites.unica.it\/amest2024\/?page_id=128"},"modified":"2023-11-13T17:32:56","modified_gmt":"2023-11-13T16:32:56","slug":"invited-sessions","status":"publish","type":"page","link":"https:\/\/sites.unica.it\/amest2024\/home-page\/submissions\/invited-sessions\/","title":{"rendered":"Invited sessions"},"content":{"rendered":"<table style=\"width: 100%;border-collapse: collapse;background-color: #1d4394;height: 112px\">\n<tbody>\n<tr style=\"height: 112px\">\n<td style=\"width: 50%;text-align: center;height: 112px\"><a href=\"http:\/\/sites.unica.it\/amest2024\/files\/2023\/09\/IFAC-AMEST-2024-CALL4SESSION-EXTENDED.pdf\" target=\"_blank\" rel=\"noopener\"><span style=\"font-size: 18pt\"><strong><span style=\"color: #ffffff\">I<\/span><\/strong><\/span><span style=\"font-size: 18pt\"><strong><span style=\"color: #ffffff\">NVITED SESSION PROPOS<\/span><\/strong><\/span><span style=\"font-size: 18pt\"><strong><span style=\"color: #ffffff\">AL<\/span><\/strong><\/span><\/a><\/p>\n<p><span style=\"color: #ffffff\">We are pleased to announce the following invited sessions at the IFAC AMEST 2024 workshop.<\/span><\/p>\n<p><strong><span style=\"color: #ffffff\">Contributors invited by session organisers to an invited session will receive by them the session code to use during the paper submission.<\/span><\/strong><\/td>\n<\/tr>\n<\/tbody>\n<\/table>\n<table style=\"border-collapse: collapse;width: 100%\">\n<tbody>\n<tr>\n<td style=\"width: 49.8283%;text-align: center\"><strong>Title<\/strong><\/td>\n<td style=\"width: 50.1717%;text-align: center\"><strong>Proposers<\/strong><\/td>\n<\/tr>\n<tr>\n<td style=\"width: 49.8283%;text-align: center\">Design, Implementation and Maintenance for Cyber Physical Systems<\/td>\n<td style=\"width: 50.1717%;text-align: center\">Katarzyna Antosz, Kondo Hloindo Adjallah, Andre Batako, Jos\u00e9 Machado, Pierluigi Rea<\/td>\n<\/tr>\n<tr>\n<td style=\"width: 49.8283%;text-align: center\">Reliability for resilience and risk management<\/td>\n<td style=\"width: 50.1717%;text-align: center\">Alessandra Cantini, Filippo De Carlo, Leonardo Leoni, Saverio Ferraro<\/td>\n<\/tr>\n<tr>\n<td style=\"width: 49.8283%;text-align: center\">AI-powered PHM Methods for Maintenance and Asset Lifecycle Management<\/td>\n<td style=\"width: 50.1717%;text-align: center\">Chen Lu, Yu Ding, Dariusz Mazurkiewicz<\/td>\n<\/tr>\n<tr>\n<td style=\"width: 49.8283%;text-align: center\">Modelling perspective for Maintenance and Asset Lifecycle Management<\/td>\n<td style=\"width: 50.1717%;text-align: center\">Chiara Franciosi, Roberto Sala, Fabiana Pirola, Alexandre VOISIN, Pascale Marange<\/td>\n<\/tr>\n<tr>\n<td style=\"width: 49.8283%;text-align: center\">Maintenance in the context of Industry 4.0\/5.0<\/td>\n<td style=\"width: 50.1717%;text-align: center\">Malgorzata Jasiulewicz-Kaczmarek, Mariusz Piechowski, Robert Waszkowski, Anouar Hallioui<\/td>\n<\/tr>\n<tr>\n<td style=\"width: 49.8283%;text-align: center\">Digitalisation of operation and maintenance processes in the rail sector<\/td>\n<td style=\"width: 50.1717%;text-align: center\">Adolfo Crespo Marquez, Irene Roda, Adolfo Crespo del Castillo, Vicente Gonzalez-Prida Diaz, Mauricio Rodr\u00edguez Hern\u00e1ndez, Eduardo Candon, Antonio S\u00e1nchez Herguedas<\/td>\n<\/tr>\n<tr>\n<td style=\"width: 49.8283%;text-align: center\">Resilient Assets and Smart Maintenance<\/td>\n<td style=\"width: 50.1717%;text-align: center\">Idriss El-Thalji<\/td>\n<\/tr>\n<\/tbody>\n<\/table>\n","protected":false},"excerpt":{"rendered":"<p>INVITED SESSION PROPOSAL We are pleased to announce the following invited sessions at the IFAC AMEST 2024 workshop. Contributors invited by session organisers to an invited session will receive by &#8230;<\/p>\n","protected":false},"author":9642,"featured_media":0,"parent":49,"menu_order":0,"comment_status":"closed","ping_status":"closed","template":"","meta":{"footnotes":""},"class_list":["post-128","page","type-page","status-publish","hentry"],"_links":{"self":[{"href":"https:\/\/sites.unica.it\/amest2024\/wp-json\/wp\/v2\/pages\/128","targetHints":{"allow":["GET"]}}],"collection":[{"href":"https:\/\/sites.unica.it\/amest2024\/wp-json\/wp\/v2\/pages"}],"about":[{"href":"https:\/\/sites.unica.it\/amest2024\/wp-json\/wp\/v2\/types\/page"}],"author":[{"embeddable":true,"href":"https:\/\/sites.unica.it\/amest2024\/wp-json\/wp\/v2\/users\/9642"}],"replies":[{"embeddable":true,"href":"https:\/\/sites.unica.it\/amest2024\/wp-json\/wp\/v2\/comments?post=128"}],"version-history":[{"count":24,"href":"https:\/\/sites.unica.it\/amest2024\/wp-json\/wp\/v2\/pages\/128\/revisions"}],"predecessor-version":[{"id":400,"href":"https:\/\/sites.unica.it\/amest2024\/wp-json\/wp\/v2\/pages\/128\/revisions\/400"}],"up":[{"embeddable":true,"href":"https:\/\/sites.unica.it\/amest2024\/wp-json\/wp\/v2\/pages\/49"}],"wp:attachment":[{"href":"https:\/\/sites.unica.it\/amest2024\/wp-json\/wp\/v2\/media?parent=128"}],"curies":[{"name":"wp","href":"https:\/\/api.w.org\/{rel}","templated":true}]}}