{"id":57,"date":"2025-05-21T16:07:43","date_gmt":"2025-05-21T14:07:43","guid":{"rendered":"https:\/\/sites.unica.it\/alumni\/?page_id=57"},"modified":"2025-06-30T09:55:02","modified_gmt":"2025-06-30T07:55:02","slug":"premio-lumina","status":"publish","type":"page","link":"https:\/\/sites.unica.it\/alumni\/premio-lumina\/","title":{"rendered":"Premio Lumina"},"content":{"rendered":"\n<div class=\"wp-block-columns is-layout-flex wp-container-core-columns-is-layout-28f84493 wp-block-columns-is-layout-flex\">\n<div class=\"wp-block-column is-layout-flow wp-block-column-is-layout-flow\" style=\"flex-basis:66.66%\">\n<p><strong>Riconoscere l&#8217;eccellenza, illuminare il futuro<\/strong><\/p>\n\n\n\n<p>L\u2019Universit\u00e0 degli Studi di Cagliari celebra l\u2019impegno, la passione, la ricerca e il contributo professionale delle sue ex studentesse e dei suoi ex studenti. Un riconoscimento prestigioso che intende valorizzare chi, con il proprio operato nella societ\u00e0 civile, contribuisce a <strong>rafforzare la reputazione e il prestigio dell\u2019Ateneo<\/strong> a livello nazionale e internazionale.<\/p>\n\n\n\n<p>L\u2019Associazione Alumni dell\u2019Universit\u00e0 degli Studi di Cagliari assegna il premio Lumina&nbsp;riconoscendo il talento, la dedizione e il successo di coloro che si sono distinti per meriti eccezionali nel proprio settore professionale. Il nome Lumina richiama <strong>la luce della conoscenza e il legame profondo con l\u2019Universit\u00e0<\/strong>, simbolo di ispirazione, guida e visione per il futuro. Il riconoscimento viene assegnato a un alumna o a un alumno dell\u2019Universit\u00e0 di Cagliari, che si \u00e8 distinta o distinto per meriti eccezionali nel proprio percorso professionale, accademico o civico.<\/p>\n\n\n\n<p>Lumina non \u00e8 solo un premio: <strong>\u00e8 un invito a restituire valore alla comunit\u00e0 e a mantenere viva la connessione con l\u2019Ateneo<\/strong>. Un\u2019occasione per celebrare l\u2019eccellenza e trasmettere alle nuove generazioni il coraggio di innovare, crescere e illuminare il proprio cammino. Un esempio di eccellenza e impegno civico, capace di generare un impatto positivo nella societ\u00e0.\u2028<\/p>\n\n\n\n<p>Questo riconoscimento non celebra solo i traguardi individuali, ma rafforza il legame con l\u2019Ateneo, offrendo alle nuove generazioni un modello ispiratore di crescita, innovazione e responsabilit\u00e0.<\/p>\n\n\n\n<p>Il Premio Lumina \u00e8 stato assegnato per la prima volta nel corso dell&#8217;evento inaugurale dell&#8217;Associazione UniCa Alumni, che si \u00e8 svolto all&#8217;Exma il 27 giugno 2025. A ricevere il riconoscimento, il <strong>professor Pasquale Mistretta<\/strong>, rettore dell&#8217;Ateneo dal 1991 al 2009. <\/p>\n\n\n\n<p><\/p>\n\n\n\n<p>Il regolamento del premio, valido a partire dalla seconda edizione, sar\u00e0 presto disponibile.<\/p>\n<\/div>\n\n\n\n<div class=\"wp-block-column is-layout-flow wp-block-column-is-layout-flow\" style=\"flex-basis:33.33%\"><\/div>\n<\/div>\n","protected":false},"excerpt":{"rendered":"<p>Riconoscere l&#8217;eccellenza, illuminare il futuro L\u2019Universit\u00e0 degli Studi di Cagliari celebra l\u2019impegno, la passione, la ricerca e il contributo professionale delle sue ex studentesse e dei suoi ex studenti. Un riconoscimento prestigioso che intende valorizzare chi, [&hellip;]<\/p>\n","protected":false},"author":9408,"featured_media":81,"parent":0,"menu_order":0,"comment_status":"closed","ping_status":"closed","template":"page-templates\/senza-sidebar.php","meta":{"footnotes":""},"class_list":["post-57","page","type-page","status-publish","has-post-thumbnail","hentry"],"_links":{"self":[{"href":"https:\/\/sites.unica.it\/alumni\/wp-json\/wp\/v2\/pages\/57","targetHints":{"allow":["GET"]}}],"collection":[{"href":"https:\/\/sites.unica.it\/alumni\/wp-json\/wp\/v2\/pages"}],"about":[{"href":"https:\/\/sites.unica.it\/alumni\/wp-json\/wp\/v2\/types\/page"}],"author":[{"embeddable":true,"href":"https:\/\/sites.unica.it\/alumni\/wp-json\/wp\/v2\/users\/9408"}],"replies":[{"embeddable":true,"href":"https:\/\/sites.unica.it\/alumni\/wp-json\/wp\/v2\/comments?post=57"}],"version-history":[{"count":5,"href":"https:\/\/sites.unica.it\/alumni\/wp-json\/wp\/v2\/pages\/57\/revisions"}],"predecessor-version":[{"id":119,"href":"https:\/\/sites.unica.it\/alumni\/wp-json\/wp\/v2\/pages\/57\/revisions\/119"}],"wp:featuredmedia":[{"embeddable":true,"href":"https:\/\/sites.unica.it\/alumni\/wp-json\/wp\/v2\/media\/81"}],"wp:attachment":[{"href":"https:\/\/sites.unica.it\/alumni\/wp-json\/wp\/v2\/media?parent=57"}],"curies":[{"name":"wp","href":"https:\/\/api.w.org\/{rel}","templated":true}]}}