{"id":39,"date":"2025-05-13T09:43:05","date_gmt":"2025-05-13T07:43:05","guid":{"rendered":"https:\/\/sites.unica.it\/alumni\/?page_id=39"},"modified":"2025-06-19T15:06:32","modified_gmt":"2025-06-19T13:06:32","slug":"come-iscriversi","status":"publish","type":"page","link":"https:\/\/sites.unica.it\/alumni\/come-iscriversi\/","title":{"rendered":"Come iscriversi"},"content":{"rendered":"\n<div class=\"wp-block-columns is-layout-flex wp-container-core-columns-is-layout-28f84493 wp-block-columns-is-layout-flex\">\n<div class=\"wp-block-column is-layout-flow wp-block-column-is-layout-flow\" style=\"flex-basis:66.66%\">\n<p>Per iscriversi all&#8217;Associazione UniCa Alumni \u00e8 necessario:<\/p>\n\n\n\n<ul class=\"wp-block-list\">\n<li>compilare il modulo di iscrizione disponibile al seguente link: <a href=\"https:\/\/forms.office.com\/e\/i47jycmhFN\">https:\/\/forms.office.com\/e\/i47jycmhFN<\/a> <\/li>\n\n\n\n<li>effettuare il versamento della quota associativa annuale pari a 20,00 \u20ac<\/li>\n<\/ul>\n\n\n\n<p><strong>ATTENZIONE:<\/strong> Il versamento della quota associativa annuale potr\u00e0 avvenire solo a seguito della verifica del possesso dei requisiti, che sar\u00e0 comunicata tramite e-mail successivamente alla compilazione del modulo d&#8217;iscrizione.<\/p>\n\n\n\n<p>Possono aderire all\u2019associazione UniCa Alumni:<\/p>\n\n\n\n<ul class=\"wp-block-list\">\n<li>tutte e tutti coloro che hanno conseguito un <strong>titolo di studio rilasciato dall\u2019Universit\u00e0 degli Studi di Cagliari<\/strong> (laurea vecchio ordinamento, laurea triennale, magistrale o a ciclo unico, master di primo livello e secondo livello, dottorato di ricerca specializzante e specializzazione);<\/li>\n\n\n\n<li>coloro che, possedendo almeno una <strong>laurea di primo livello presso una Universit\u00e0 straniera<\/strong>, abbiano trascorso un <strong>periodo di studio di almeno sei mesi<\/strong> con acquisizione di crediti formativi presso l&#8217;Ateneo di Cagliari all&#8217;interno di programmi di mobilit\u00e0, scambio internazionale o partenariato al livello di formazione triennale e magistrale, oppure abbiano trascorso almeno un semestre di studio nell\u2019ambito di accordi di scambio di dottorato;<\/li>\n\n\n\n<li>persone che, per <strong>meriti di particolare rilevanza<\/strong>, ricevano dal Consiglio Direttivo il titolo di Alumna o Alumnus ad honorem.<\/li>\n<\/ul>\n\n\n\n<p><a href=\"http:\/\/sites.unica.it\/alumni\/files\/2025\/06\/Informativa-Privacy-UniCa-Alumni.pdf\">LEGGI L&#8217;INFORMATIVA PRIVACY<\/a><\/p>\n<\/div>\n\n\n\n<div class=\"wp-block-column is-layout-flow wp-block-column-is-layout-flow\" style=\"flex-basis:33.33%\"><\/div>\n<\/div>\n\n\n\n<p><\/p>\n","protected":false},"excerpt":{"rendered":"<p>Per iscriversi all&#8217;Associazione UniCa Alumni \u00e8 necessario: ATTENZIONE: Il versamento della quota associativa annuale potr\u00e0 avvenire solo a seguito della verifica del possesso dei requisiti, che sar\u00e0 comunicata tramite e-mail successivamente alla compilazione del modulo d&#8217;iscrizione. [&hellip;]<\/p>\n","protected":false},"author":9408,"featured_media":40,"parent":0,"menu_order":0,"comment_status":"closed","ping_status":"closed","template":"page-templates\/senza-sidebar.php","meta":{"footnotes":""},"class_list":["post-39","page","type-page","status-publish","has-post-thumbnail","hentry"],"_links":{"self":[{"href":"https:\/\/sites.unica.it\/alumni\/wp-json\/wp\/v2\/pages\/39","targetHints":{"allow":["GET"]}}],"collection":[{"href":"https:\/\/sites.unica.it\/alumni\/wp-json\/wp\/v2\/pages"}],"about":[{"href":"https:\/\/sites.unica.it\/alumni\/wp-json\/wp\/v2\/types\/page"}],"author":[{"embeddable":true,"href":"https:\/\/sites.unica.it\/alumni\/wp-json\/wp\/v2\/users\/9408"}],"replies":[{"embeddable":true,"href":"https:\/\/sites.unica.it\/alumni\/wp-json\/wp\/v2\/comments?post=39"}],"version-history":[{"count":7,"href":"https:\/\/sites.unica.it\/alumni\/wp-json\/wp\/v2\/pages\/39\/revisions"}],"predecessor-version":[{"id":104,"href":"https:\/\/sites.unica.it\/alumni\/wp-json\/wp\/v2\/pages\/39\/revisions\/104"}],"wp:featuredmedia":[{"embeddable":true,"href":"https:\/\/sites.unica.it\/alumni\/wp-json\/wp\/v2\/media\/40"}],"wp:attachment":[{"href":"https:\/\/sites.unica.it\/alumni\/wp-json\/wp\/v2\/media?parent=39"}],"curies":[{"name":"wp","href":"https:\/\/api.w.org\/{rel}","templated":true}]}}