{"id":38,"date":"2026-01-22T12:03:39","date_gmt":"2026-01-22T11:03:39","guid":{"rendered":"https:\/\/sites.unica.it\/6euroxphi\/?page_id=38"},"modified":"2026-03-27T09:30:45","modified_gmt":"2026-03-27T08:30:45","slug":"scientific-committee","status":"publish","type":"page","link":"https:\/\/sites.unica.it\/6euroxphi\/scientific-committee\/","title":{"rendered":"Scientific Committee"},"content":{"rendered":"\n<div style=\"height:50px\" aria-hidden=\"true\" class=\"wp-block-spacer\"><\/div>\n\n\n\n<ul class=\"wp-block-list\">\n<li><strong><a href=\"https:\/\/www.uniroma3.it\/persone\/Z0h4VEoxMGpXcWMvTnJxTXR5SVNXNDNPT1FVbk1MVVhXRE9kdjN0OXdtcz0=\/profilo\/\">Ines Adornetti<\/a><\/strong> &#8211; Philosophy and theory&nbsp;of languages &#8211; University of Rome Three&nbsp;<\/li>\n\n\n\n<li><a href=\"https:\/\/research.manchester.ac.uk\/en\/persons\/james-andow\/\"><strong>James Andow<\/strong><\/a>&nbsp;&#8211; Experimental philosophy &#8211; The University of Manchester<\/li>\n\n\n\n<li><a href=\"https:\/\/www.um.edu.mt\/profile\/stavrosassimakopoulos\"><strong>Stavros Assimakopoulos<\/strong><\/a>&nbsp;&#8211; Linguistic, semantics, pragmatics &#8211; University of Malta<\/li>\n\n\n\n<li><strong><strong><a href=\"https:\/\/www.iusspavia.it\/en\/contacts\/valentina-bambini\">Valentina Bambini<\/a><\/strong><\/strong> &#8211; Experimental pragmatics &#8211; University School for Advanced Studies (IUSS), Pavia<\/li>\n\n\n\n<li><a href=\"https:\/\/lettres.sorbonne-universite.fr\/personnes?page=2\"><strong>Anouch Bourmayan<\/strong><\/a>&nbsp;&#8211; Pragmatics, semantics, cognitive science &#8211; Sorbonne Universit\u00e9<\/li>\n\n\n\n<li><strong><a href=\"https:\/\/www.birmingham.ac.uk\/staff\/profiles\/philosophy\/brozzo-chiara\">Chiara Brozzo<\/a><\/strong> &#8211; Philosophy of cognitive science and aesthetics &#8211; University of Birmingham<\/li>\n\n\n\n<li><strong><a href=\"https:\/\/incet.uj.edu.pl\/en_GB\/piotr-bystranowski\">Piotr&nbsp;Bystranowski<\/a><\/strong>&nbsp;&#8211; Experimental legal and moral philosophy &#8211; Jagiellonian University, Krak\u00f3w<\/li>\n\n\n\n<li><strong><strong><a href=\"https:\/\/web.unica.it\/unica\/page\/en\/laura_candiotto\">Laura Candiotto<\/a><\/strong><\/strong> &#8211; Moral philosophy &#8211; University of Cagliari<\/li>\n\n\n\n<li><strong><a href=\"https:\/\/philpeople.org\/profiles\/federico-cella\">Federico Cella<\/a><\/strong> &#8211; Language and society; generics; pragmatics; semantics &#8211; University of Barcellona<\/li>\n\n\n\n<li><strong><a href=\"https:\/\/www.unisr.it\/en\/docenti\/c\/cepollaro-biancamaria\">Bianca&nbsp;Cepollaro<\/a><\/strong>&nbsp;&#8211; Semantics, pragmatics, linguistics, metaethics, experimental philosophy &#8211; University Vita-Salute San Raffaele<\/li>\n\n\n\n<li><strong><a href=\"https:\/\/www.uniroma3.it\/persone\/L1RGdzZRaXo2WnBjeVR3d212U1U3eFQvUGVJTzRhMkZJTE5EWS9ZM2xYaz0=\/\">Alessandra Chiera<\/a><\/strong> &#8211; Philosophy of language and communication &#8211; University of Rome Three&nbsp;<\/li>\n\n\n\n<li><a href=\"https:\/\/web.unica.it\/unica\/page\/en\/filippo_contesi\"><strong>Filippo Contesi<\/strong><\/a>&nbsp;\u2013&nbsp;Philosophy and theory of languages&nbsp;\u2013 University of Cagliari<\/li>\n\n\n\n<li><strong><a href=\"https:\/\/archivio.unime.it\/it\/persona\/valentina-cuccio\/biografema\">Valentina Cuccio<\/a><\/strong> &#8211; Philosophy of cognitive neuroscience and of psychology; cognitive neuroscience of language &#8211; University of Messina&nbsp;<\/li>\n\n\n\n<li><strong><a href=\"https:\/\/philpeople.org\/profiles\/nicolo-d-agruma\">Nicol\u00f2 D\u2019Agruma<\/a><\/strong>&nbsp;\u2013&nbsp;Experimental philosophy of language&nbsp;\u2013 University Vita-Salute San Raffaele<\/li>\n\n\n\n<li><a href=\"https:\/\/www.uehiro.ox.ac.uk\/people\/dr-joanna-demaree-cotton\"><strong>Joanna Demaree-Cotton<\/strong><\/a> &#8211; Experimental philosophy and moral psychology &#8211; University of Oxford<\/li>\n\n\n\n<li><a href=\"https:\/\/rubrica.unige.it\/personale\/V0tEXllp\"><strong>Filippo Domaneschi<\/strong> <\/a>&#8211; Philosophy and theory of languages &#8211; University of Genoa<\/li>\n\n\n\n<li><a href=\"https:\/\/incet.uj.edu.pl\/vilius-dranseika\"><strong>Vilius&nbsp;Dranseika<\/strong><\/a> &#8211; Psychological underpinnings of philosophical concepts and theories &#8211; Jagiellonian University, Krak\u00f3w<\/li>\n\n\n\n<li><a href=\"https:\/\/www.inn.no\/english\/find-an-employee\/anna-drozdzowicz.html\"><strong>Anna Dro\u017cd\u017cowicz<\/strong><\/a> &#8211; Philosophy of language and communication &#8211; University of Inland Norway<\/li>\n\n\n\n<li><a href=\"https:\/\/web.unica.it\/unica\/page\/en\/francesca_ervas\"><strong>Francesca Ervas<\/strong><\/a>&nbsp;\u2013&nbsp;Philosophy and theory of languages&nbsp;\u2013 University of Cagliari<\/li>\n\n\n\n<li><strong><a href=\"https:\/\/web.unica.it\/unica\/page\/en\/roberta_fadda\">Roberta Fadda<\/a><\/strong> &#8211; Developmental psychology and educational psychology &#8211; &nbsp;University of Cagliari<\/li>\n\n\n\n<li><a href=\"https:\/\/web.unica.it\/unica\/page\/en\/rachele_fanari\"><strong>Rachele Fanari<\/strong><\/a>&nbsp;\u2013&nbsp;Developmental and educational psychology&nbsp;\u2013 University of Cagliari<\/li>\n\n\n\n<li><strong><a href=\"https:\/\/www.uniroma3.it\/persone\/VEVScFFGV1NrWjRCV3NXZlgvTDUzdnBqU3dTblRFMDBSTDlaeVZockRPTT0=\/\">Francesco Ferretti<\/a><\/strong> &#8211; Philosophy of Language &#8211; University of Rome Three<\/li>\n\n\n\n<li><strong><strong><a href=\"https:\/\/research-portal.uea.ac.uk\/en\/persons\/eugen-fischer\/\">Eugen Fischer<\/a><\/strong><\/strong> &#8211; Experimental and other philosophy &#8211; University of East Anglia<\/li>\n\n\n\n<li><strong><a href=\"https:\/\/www.digitalhumanities.unito.it\/do\/docenti.pl\/Show?_id=jfrascar#tab-ricerca\">Jacopo Frascaroli<\/a><\/strong> &#8211; Philosophy and mind sciences . University of Turin<\/li>\n\n\n\n<li><strong><a href=\"https:\/\/web.unica.it\/unica\/page\/en\/elisabetta_gola\">Elisabetta Gola<\/a><\/strong>&nbsp;&#8211; Philosophy and theory&nbsp;of languages \u2013 University of Cagliari<\/li>\n\n\n\n<li><strong><a href=\"https:\/\/www.reading.ac.uk\/philosophy\/philosophy-staff-profiles\/nat-hansen\">Nat Hansen<\/a><\/strong> &#8211; Philosophy of Language &#8211; University of Reading<\/li>\n\n\n\n<li><strong><a href=\"https:\/\/philpeople.org\/profiles\/markus-kneer\">Markus Kneer<\/a><\/strong> &#8211; Ethics of Artificial Intelligence &#8211; University of Graz<\/li>\n\n\n\n<li><strong><a href=\"https:\/\/campuspress.yale.edu\/joshuaknobe\/\">Joshua Knobe<\/a><\/strong> &#8211; Experimental philosophy &#8211; Yale University<\/li>\n\n\n\n<li><strong><a href=\"https:\/\/filozofia.uw.edu.pl\/pracownik\/katarzyna-kus\/\">Katarzyna Ku\u015b<\/a><\/strong> &#8211; Epistemology, experimental philosophy &#8211; University of Warsaw<\/li>\n\n\n\n<li><strong><a href=\"https:\/\/www.edouardmachery.com\/\">Edouard Machery<\/a><\/strong> &#8211; Philosophy of science &#8211; University of Pittsburgh<\/li>\n\n\n\n<li><strong><a href=\"https:\/\/filosofialm.campusnet.unito.it\/do\/docenti.pl\/Show?_id=nmarsili#tab-profilo\">Neri Marsili<\/a><\/strong>&nbsp;&#8211; Philosophy and theory of languages &#8211; University of Turin<\/li>\n\n\n\n<li><strong><a href=\"https:\/\/scienzeformazione.uniroma3.it\/persone\/bThQcWI2Y0VkTEpISFZncGxicXJSN3F5bnZxM3FLc1A0KzN0c2h1ZURiYz0=\/\">Stefano Mastandrea<\/a><\/strong> &#8211; General psychology and psychology of the arts &#8211; University of Rome Three<\/li>\n\n\n\n<li><strong><a href=\"https:\/\/www.unine.ch\/sciences\/biographie\/diana-mazzarella\">Diana Mazzarella<\/a><\/strong> &#8211; Pragmatics &#8211; University of Neuch\u00e2tel<\/li>\n\n\n\n<li><strong><a href=\"https:\/\/medicine.nus.edu.sg\/cbme\/people_uri\/elze-mikalonyte\/\">Elz\u0117 Sigut\u0117 Mikalonyt\u0117<\/a><\/strong> &#8211; Aesthetics, metaphysics, and moral psychology &#8211; National University of Singapore<\/li>\n\n\n\n<li><a href=\"https:\/\/web.unica.it\/unica\/page\/en\/oriana_mosca\"><strong>Oriana Mosca<\/strong> <\/a>&#8211; Social psychology&nbsp;\u2013 University of Cagliari<\/li>\n\n\n\n<li><strong><a href=\"https:\/\/www.gold.ac.uk\/mind-body-society\/people\/omigie\/\">Diana Omigie<\/a><\/strong> &#8211; Cognitive neurosciences &#8211; Goldsmiths, University of London <\/li>\n\n\n\n<li><strong><a href=\"https:\/\/www.mmg.mpg.de\/person\/124296\/2553\">Yael Peled<\/a><\/strong> &#8211; Moral, social and political philosophy of language &#8211; Max Planck Institute for the Study of Religious and Ethnic Diversity<\/li>\n\n\n\n<li><strong><a href=\"https:\/\/iwm-tuebingen.de\/en\/iwm\/persons\/gschino\">Gemma Schino<\/a><\/strong> &#8211; Aesthetics and Learning &#8211; Leibniz Institute for Knowledge Media, T\u00fcbingen<\/li>\n\n\n\n<li><strong><strong><a href=\"https:\/\/kpvk.pte.hu\/en\/staff\/dr_zsuzsanna_schnell\">Zsuzsanna Schnell<\/a><\/strong><\/strong> &#8211; Cultural theory and applied communication studies &#8211; University of P\u00e9cs&nbsp;<\/li>\n\n\n\n<li><strong><a href=\"https:\/\/teoria.wpia.uj.edu.pl\/katedra\/pracownicy\/izabela-skoczen\">Izabela&nbsp;Skocze\u0144<\/a><\/strong>&nbsp;&#8211; Experimental philosophy of law &#8211; Jagiellonian University, Krak\u00f3w<\/li>\n\n\n\n<li><strong><a href=\"https:\/\/iphig.univ-grenoble-alpes.fr\/fr\/joulia-smortchkova\">Joulia&nbsp;Smortchkova<\/a><\/strong> &#8211; Philosophy of mind, of cognitive science, of art &#8211; University Grenoble Alpes&nbsp;<\/li>\n\n\n\n<li><strong><a href=\"https:\/\/investigacion.us.es\/sisius\/sis_showpub.php?idpers=15102\">Hugo Viciana<\/a><\/strong>&nbsp;&#8211; Philosophy and the cognitive and behavioral sciences &#8211; Universidad de Sevilla<\/li>\n<\/ul>\n","protected":false},"excerpt":{"rendered":"","protected":false},"author":1875,"featured_media":0,"parent":0,"menu_order":0,"comment_status":"closed","ping_status":"closed","template":"","meta":{"footnotes":""},"class_list":["post-38","page","type-page","status-publish","hentry"],"_links":{"self":[{"href":"https:\/\/sites.unica.it\/6euroxphi\/wp-json\/wp\/v2\/pages\/38","targetHints":{"allow":["GET"]}}],"collection":[{"href":"https:\/\/sites.unica.it\/6euroxphi\/wp-json\/wp\/v2\/pages"}],"about":[{"href":"https:\/\/sites.unica.it\/6euroxphi\/wp-json\/wp\/v2\/types\/page"}],"author":[{"embeddable":true,"href":"https:\/\/sites.unica.it\/6euroxphi\/wp-json\/wp\/v2\/users\/1875"}],"replies":[{"embeddable":true,"href":"https:\/\/sites.unica.it\/6euroxphi\/wp-json\/wp\/v2\/comments?post=38"}],"version-history":[{"count":52,"href":"https:\/\/sites.unica.it\/6euroxphi\/wp-json\/wp\/v2\/pages\/38\/revisions"}],"predecessor-version":[{"id":408,"href":"https:\/\/sites.unica.it\/6euroxphi\/wp-json\/wp\/v2\/pages\/38\/revisions\/408"}],"wp:attachment":[{"href":"https:\/\/sites.unica.it\/6euroxphi\/wp-json\/wp\/v2\/media?parent=38"}],"curies":[{"name":"wp","href":"https:\/\/api.w.org\/{rel}","templated":true}]}}